{"id":59943,"date":"2022-06-03T11:39:36","date_gmt":"2022-06-03T11:39:36","guid":{"rendered":"https:\/\/fcctp.usmp.edu.pe\/sostenibilidad\/?page_id=59943"},"modified":"2022-06-03T11:49:00","modified_gmt":"2022-06-03T11:49:00","slug":"banco-de-recursos-juntos-cambio","status":"publish","type":"page","link":"https:\/\/fcctp.usmp.edu.pe\/sostenibilidad\/banco-de-recursos-juntos-cambio\/","title":{"rendered":"Banco de recursos Juntos por el Cambio"},"content":{"rendered":"\t\t<div data-elementor-type=\"wp-page\" data-elementor-id=\"59943\" class=\"elementor elementor-59943\">\n\t\t\t\t\t\t\t\t\t<section class=\"elementor-section elementor-top-section elementor-element elementor-element-e3f6719 elementor-section-boxed elementor-section-height-default elementor-section-height-default wpr-particle-no wpr-jarallax-no wpr-parallax-no wpr-sticky-section-no\" data-id=\"e3f6719\" data-element_type=\"section\">\n\t\t\t\t\t\t<div class=\"elementor-container elementor-column-gap-default\">\n\t\t\t\t\t<div class=\"elementor-column elementor-col-100 elementor-top-column elementor-element elementor-element-6483558\" data-id=\"6483558\" data-element_type=\"column\">\n\t\t\t<div class=\"elementor-widget-wrap elementor-element-populated\">\n\t\t\t\t\t\t\t\t<div class=\"elementor-element elementor-element-11d8952 elementor-cta--skin-cover elementor-cta--valign-middle elementor-widget elementor-widget-call-to-action\" data-id=\"11d8952\" data-element_type=\"widget\" data-widget_type=\"call-to-action.default\">\n\t\t\t\t<div class=\"elementor-widget-container\">\n\t\t\t<link rel=\"stylesheet\" href=\"https:\/\/fcctp.usmp.edu.pe\/sostenibilidad\/wp-content\/plugins\/elementor-pro\/assets\/css\/widget-call-to-action.min.css\">\t\t<div class=\"elementor-cta\">\n\t\t\t\t\t<div class=\"elementor-cta__bg-wrapper\">\n\t\t\t\t<div class=\"elementor-cta__bg elementor-bg\" style=\"background-image: url(https:\/\/fcctp.usmp.edu.pe\/sostenibilidad\/wp-content\/uploads\/2022\/06\/bg_banco-de-recursos.jpg);\"><\/div>\n\t\t\t\t<div class=\"elementor-cta__bg-overlay\"><\/div>\n\t\t\t<\/div>\n\t\t\t\t\t\t\t<div class=\"elementor-cta__content\">\n\t\t\t\t\n\t\t\t\t<div class=\"elementor-cta__title elementor-cta__content-item elementor-content-item\">Banco de recursos<\/div>\n\t\t\t\t\t\t\t\t\t<div class=\"elementor-cta__description elementor-cta__content-item elementor-content-item\">\n\t\t\t\t\t\tPrograma Juntos x el Cambio\t\t\t\t\t<\/div>\n\t\t\t\t\n\t\t\t\t\t\t\t<\/div>\n\t\t\t\t\t\t<\/div>\n\t\t\t\t<\/div>\n\t\t\t\t<\/div>\n\t\t\t\t\t<\/div>\n\t\t<\/div>\n\t\t\t\t\t\t\t<\/div>\n\t\t<\/section>\n\t\t\t\t<section class=\"elementor-section elementor-top-section elementor-element elementor-element-c1886d1 elementor-section-boxed elementor-section-height-default elementor-section-height-default wpr-particle-no wpr-jarallax-no wpr-parallax-no wpr-sticky-section-no\" data-id=\"c1886d1\" data-element_type=\"section\">\n\t\t\t\t\t\t<div class=\"elementor-container elementor-column-gap-default\">\n\t\t\t\t\t<div class=\"elementor-column elementor-col-100 elementor-top-column elementor-element elementor-element-028a39e\" data-id=\"028a39e\" data-element_type=\"column\">\n\t\t\t<div class=\"elementor-widget-wrap elementor-element-populated\">\n\t\t\t\t\t\t\t\t<div class=\"elementor-element elementor-element-4a27872 elementor-widget elementor-widget-spacer\" data-id=\"4a27872\" data-element_type=\"widget\" data-widget_type=\"spacer.default\">\n\t\t\t\t<div class=\"elementor-widget-container\">\n\t\t\t<style>\/*! elementor - v3.14.0 - 26-06-2023 *\/\n.elementor-column .elementor-spacer-inner{height:var(--spacer-size)}.e-con{--container-widget-width:100%}.e-con-inner>.elementor-widget-spacer,.e-con>.elementor-widget-spacer{width:var(--container-widget-width,var(--spacer-size));--align-self:var(--container-widget-align-self,initial);--flex-shrink:0}.e-con-inner>.elementor-widget-spacer>.elementor-widget-container,.e-con-inner>.elementor-widget-spacer>.elementor-widget-container>.elementor-spacer,.e-con>.elementor-widget-spacer>.elementor-widget-container,.e-con>.elementor-widget-spacer>.elementor-widget-container>.elementor-spacer{height:100%}.e-con-inner>.elementor-widget-spacer>.elementor-widget-container>.elementor-spacer>.elementor-spacer-inner,.e-con>.elementor-widget-spacer>.elementor-widget-container>.elementor-spacer>.elementor-spacer-inner{height:var(--container-widget-height,var(--spacer-size))}<\/style>\t\t<div class=\"elementor-spacer\">\n\t\t\t<div class=\"elementor-spacer-inner\"><\/div>\n\t\t<\/div>\n\t\t\t\t<\/div>\n\t\t\t\t<\/div>\n\t\t\t\t<div class=\"elementor-element elementor-element-9a7f7a6 elementor-icon-list--layout-traditional elementor-list-item-link-full_width elementor-widget elementor-widget-icon-list\" data-id=\"9a7f7a6\" data-element_type=\"widget\" data-widget_type=\"icon-list.default\">\n\t\t\t\t<div class=\"elementor-widget-container\">\n\t\t\t<link rel=\"stylesheet\" href=\"https:\/\/fcctp.usmp.edu.pe\/sostenibilidad\/wp-content\/plugins\/elementor\/assets\/css\/widget-icon-list.min.css\">\t\t<ul class=\"elementor-icon-list-items\">\n\t\t\t\t\t\t\t<li class=\"elementor-icon-list-item\">\n\t\t\t\t\t\t\t\t\t\t\t<a href=\"http:\/\/fcctp.usmp.edu.pe\/sostenibilidad\/pdf\/vida_submarina.pdf\" target=\"_blank\">\n\n\t\t\t\t\t\t\t\t\t\t\t\t<span class=\"elementor-icon-list-icon\">\n\t\t\t\t\t\t\t<i aria-hidden=\"true\" class=\"far fa-file-pdf\"><\/i>\t\t\t\t\t\t<\/span>\n\t\t\t\t\t\t\t\t\t\t<span class=\"elementor-icon-list-text\"><b>\u00bfEn qu\u00e9 consiste el ODS14: Vida submarina?<\/b><br>Programa de las Naciones Unidas para el Desarrollo (PNUD)<\/span>\n\t\t\t\t\t\t\t\t\t\t\t<\/a>\n\t\t\t\t\t\t\t\t\t<\/li>\n\t\t\t\t\t\t\t\t<li class=\"elementor-icon-list-item\">\n\t\t\t\t\t\t\t\t\t\t\t<a href=\"http:\/\/fcctp.usmp.edu.pe\/sostenibilidad\/pdf\/degradacion_plasticos.pdf\" target=\"_blank\">\n\n\t\t\t\t\t\t\t\t\t\t\t\t<span class=\"elementor-icon-list-icon\">\n\t\t\t\t\t\t\t<i aria-hidden=\"true\" class=\"far fa-file-pdf\"><\/i>\t\t\t\t\t\t<\/span>\n\t\t\t\t\t\t\t\t\t\t<span class=\"elementor-icon-list-text\"><b>L\u00ednea de tiempo de degradaci\u00f3n del pl\u00e1stico<\/b><br>Oficina de Sostenibilidad<\/span>\n\t\t\t\t\t\t\t\t\t\t\t<\/a>\n\t\t\t\t\t\t\t\t\t<\/li>\n\t\t\t\t\t\t\t\t<li class=\"elementor-icon-list-item\">\n\t\t\t\t\t\t\t\t\t\t\t<a href=\"http:\/\/fcctp.usmp.edu.pe\/sostenibilidad\/pdf\/sos_guia-ecoamigable.pdf\" target=\"_blank\">\n\n\t\t\t\t\t\t\t\t\t\t\t\t<span class=\"elementor-icon-list-icon\">\n\t\t\t\t\t\t\t<i aria-hidden=\"true\" class=\"far fa-file-pdf\"><\/i>\t\t\t\t\t\t<\/span>\n\t\t\t\t\t\t\t\t\t\t<span class=\"elementor-icon-list-text\"><b>Gu\u00eda Ecoamigable<\/b><br>Oficina de Sostenibilidad y equipo de voluntarios: Katherine Lumbreras Calderon, Juan Jos\u00e9 Arroyo Baca y Julisa Otivo Suazo.<\/span>\n\t\t\t\t\t\t\t\t\t\t\t<\/a>\n\t\t\t\t\t\t\t\t\t<\/li>\n\t\t\t\t\t\t\t\t<li class=\"elementor-icon-list-item\">\n\t\t\t\t\t\t\t\t\t\t\t<a href=\"http:\/\/fcctp.usmp.edu.pe\/sostenibilidad\/pdf\/ODS13_infografia.pdf\" target=\"_blank\">\n\n\t\t\t\t\t\t\t\t\t\t\t\t<span class=\"elementor-icon-list-icon\">\n\t\t\t\t\t\t\t<i aria-hidden=\"true\" class=\"far fa-file-pdf\"><\/i>\t\t\t\t\t\t<\/span>\n\t\t\t\t\t\t\t\t\t\t<span class=\"elementor-icon-list-text\"><b>\u00bfEn qu\u00e9 consiste el Objetivo de Desarrollo Sostenible 13 'Acci\u00f3n por el Clima'?<\/b><br>Oficina de Sostenibilidad<\/span>\n\t\t\t\t\t\t\t\t\t\t\t<\/a>\n\t\t\t\t\t\t\t\t\t<\/li>\n\t\t\t\t\t\t\t\t<li class=\"elementor-icon-list-item\">\n\t\t\t\t\t\t\t\t\t\t\t<a href=\"http:\/\/fcctp.usmp.edu.pe\/sostenibilidad\/pdf\/reciclaje-2020.pdf\" target=\"_blank\">\n\n\t\t\t\t\t\t\t\t\t\t\t\t<span class=\"elementor-icon-list-icon\">\n\t\t\t\t\t\t\t<i aria-hidden=\"true\" class=\"far fa-file-pdf\"><\/i>\t\t\t\t\t\t<\/span>\n\t\t\t\t\t\t\t\t\t\t<span class=\"elementor-icon-list-text\"><b>Cifras de reciclaje 2020 <\/b><br>Oficina de Sostenibilidad<\/span>\n\t\t\t\t\t\t\t\t\t\t\t<\/a>\n\t\t\t\t\t\t\t\t\t<\/li>\n\t\t\t\t\t\t\t\t<li class=\"elementor-icon-list-item\">\n\t\t\t\t\t\t\t\t\t\t\t<a href=\"http:\/\/fcctp.usmp.edu.pe\/sostenibilidad\/pdf\/reciclaje-2019.pdf\" target=\"_blank\">\n\n\t\t\t\t\t\t\t\t\t\t\t\t<span class=\"elementor-icon-list-icon\">\n\t\t\t\t\t\t\t<i aria-hidden=\"true\" class=\"far fa-file-pdf\"><\/i>\t\t\t\t\t\t<\/span>\n\t\t\t\t\t\t\t\t\t\t<span class=\"elementor-icon-list-text\"><b>Cifras de reciclaje 2019<\/b><br>Oficina de Sostenibilidad<\/span>\n\t\t\t\t\t\t\t\t\t\t\t<\/a>\n\t\t\t\t\t\t\t\t\t<\/li>\n\t\t\t\t\t\t<\/ul>\n\t\t\t\t<\/div>\n\t\t\t\t<\/div>\n\t\t\t\t\t<\/div>\n\t\t<\/div>\n\t\t\t\t\t\t\t<\/div>\n\t\t<\/section>\n\t\t\t\t<section class=\"elementor-section elementor-top-section elementor-element elementor-element-d24c407 elementor-section-boxed elementor-section-height-default elementor-section-height-default wpr-particle-no wpr-jarallax-no wpr-parallax-no wpr-sticky-section-no\" data-id=\"d24c407\" data-element_type=\"section\">\n\t\t\t\t\t\t<div class=\"elementor-container elementor-column-gap-default\">\n\t\t\t\t\t<div class=\"elementor-column elementor-col-100 elementor-top-column elementor-element elementor-element-fc3a364\" data-id=\"fc3a364\" data-element_type=\"column\">\n\t\t\t<div class=\"elementor-widget-wrap elementor-element-populated\">\n\t\t\t\t\t\t\t\t<div class=\"elementor-element elementor-element-8699944 elementor-widget elementor-widget-spacer\" data-id=\"8699944\" data-element_type=\"widget\" data-widget_type=\"spacer.default\">\n\t\t\t\t<div class=\"elementor-widget-container\">\n\t\t\t\t\t<div class=\"elementor-spacer\">\n\t\t\t<div class=\"elementor-spacer-inner\"><\/div>\n\t\t<\/div>\n\t\t\t\t<\/div>\n\t\t\t\t<\/div>\n\t\t\t\t\t<\/div>\n\t\t<\/div>\n\t\t\t\t\t\t\t<\/div>\n\t\t<\/section>\n\t\t\t\t\t\t\t<\/div>\n\t\t","protected":false},"excerpt":{"rendered":"<p>Banco de recursos Programa Juntos x el Cambio \u00bfEn qu\u00e9 consiste el ODS14: Vida submarina?Programa de las Naciones Unidas para el Desarrollo (PNUD) L\u00ednea de tiempo de degradaci\u00f3n del pl\u00e1sticoOficina de Sostenibilidad Gu\u00eda EcoamigableOficina de Sostenibilidad y equipo de voluntarios: Katherine Lumbreras Calderon, Juan Jos\u00e9 Arroyo Baca y Julisa Otivo Suazo. \u00bfEn qu\u00e9 consiste el Objetivo de Desarrollo Sostenible 13 &#8216;Acci\u00f3n por el Clima&#8217;?Oficina de Sostenibilidad Cifras de reciclaje 2020 Oficina de Sostenibilidad Cifras de reciclaje 2019Oficina de Sostenibilidad<\/p>\n","protected":false},"author":5,"featured_media":0,"parent":0,"menu_order":0,"comment_status":"closed","ping_status":"closed","template":"elementor_header_footer","meta":{"inline_featured_image":false,"footnotes":""},"class_list":["post-59943","page","type-page","status-publish"],"yoast_head":"<!-- This site is optimized with the Yoast SEO plugin v26.5 - https:\/\/yoast.com\/wordpress\/plugins\/seo\/ -->\n<title>Banco de recursos Juntos por el Cambio - Sostenibilidad<\/title>\n<meta name=\"robots\" content=\"index, follow, max-snippet:-1, max-image-preview:large, max-video-preview:-1\" \/>\n<link rel=\"canonical\" href=\"https:\/\/fcctp.usmp.edu.pe\/sostenibilidad\/banco-de-recursos-juntos-cambio\/\" \/>\n<meta property=\"og:locale\" content=\"en_US\" \/>\n<meta property=\"og:type\" content=\"article\" \/>\n<meta property=\"og:title\" content=\"Banco de recursos Juntos por el Cambio - Sostenibilidad\" \/>\n<meta property=\"og:description\" content=\"Banco de recursos Programa Juntos x el Cambio \u00bfEn qu\u00e9 consiste el ODS14: Vida submarina?Programa de las Naciones Unidas para el Desarrollo (PNUD) L\u00ednea de tiempo de degradaci\u00f3n del pl\u00e1sticoOficina de Sostenibilidad Gu\u00eda EcoamigableOficina de Sostenibilidad y equipo de voluntarios: Katherine Lumbreras Calderon, Juan Jos\u00e9 Arroyo Baca y Julisa Otivo Suazo. \u00bfEn qu\u00e9 consiste el Objetivo de Desarrollo Sostenible 13 &#8216;Acci\u00f3n por el Clima&#8217;?Oficina de Sostenibilidad Cifras de reciclaje 2020 Oficina de Sostenibilidad Cifras de reciclaje 2019Oficina de Sostenibilidad\" \/>\n<meta property=\"og:url\" content=\"https:\/\/fcctp.usmp.edu.pe\/sostenibilidad\/banco-de-recursos-juntos-cambio\/\" \/>\n<meta property=\"og:site_name\" content=\"Sostenibilidad\" \/>\n<meta property=\"article:modified_time\" content=\"2022-06-03T11:49:00+00:00\" \/>\n<meta name=\"twitter:card\" content=\"summary_large_image\" \/>\n<script type=\"application\/ld+json\" class=\"yoast-schema-graph\">{\"@context\":\"https:\/\/schema.org\",\"@graph\":[{\"@type\":\"WebPage\",\"@id\":\"https:\/\/fcctp.usmp.edu.pe\/sostenibilidad\/banco-de-recursos-juntos-cambio\/\",\"url\":\"https:\/\/fcctp.usmp.edu.pe\/sostenibilidad\/banco-de-recursos-juntos-cambio\/\",\"name\":\"Banco de recursos Juntos por el Cambio - Sostenibilidad\",\"isPartOf\":{\"@id\":\"https:\/\/fcctp.usmp.edu.pe\/sostenibilidad\/#website\"},\"datePublished\":\"2022-06-03T11:39:36+00:00\",\"dateModified\":\"2022-06-03T11:49:00+00:00\",\"breadcrumb\":{\"@id\":\"https:\/\/fcctp.usmp.edu.pe\/sostenibilidad\/banco-de-recursos-juntos-cambio\/#breadcrumb\"},\"inLanguage\":\"en-US\",\"potentialAction\":[{\"@type\":\"ReadAction\",\"target\":[\"https:\/\/fcctp.usmp.edu.pe\/sostenibilidad\/banco-de-recursos-juntos-cambio\/\"]}]},{\"@type\":\"BreadcrumbList\",\"@id\":\"https:\/\/fcctp.usmp.edu.pe\/sostenibilidad\/banco-de-recursos-juntos-cambio\/#breadcrumb\",\"itemListElement\":[{\"@type\":\"ListItem\",\"position\":1,\"name\":\"Home\",\"item\":\"https:\/\/fcctp.usmp.edu.pe\/sostenibilidad\/\"},{\"@type\":\"ListItem\",\"position\":2,\"name\":\"Banco de recursos Juntos por el Cambio\"}]},{\"@type\":\"WebSite\",\"@id\":\"https:\/\/fcctp.usmp.edu.pe\/sostenibilidad\/#website\",\"url\":\"https:\/\/fcctp.usmp.edu.pe\/sostenibilidad\/\",\"name\":\"Sostenibilidad\",\"description\":\"Universidad de San Mart\u00edn de Porres\",\"potentialAction\":[{\"@type\":\"SearchAction\",\"target\":{\"@type\":\"EntryPoint\",\"urlTemplate\":\"https:\/\/fcctp.usmp.edu.pe\/sostenibilidad\/?s={search_term_string}\"},\"query-input\":{\"@type\":\"PropertyValueSpecification\",\"valueRequired\":true,\"valueName\":\"search_term_string\"}}],\"inLanguage\":\"en-US\"}]}<\/script>\n<!-- \/ Yoast SEO plugin. -->","yoast_head_json":{"title":"Banco de recursos Juntos por el Cambio - Sostenibilidad","robots":{"index":"index","follow":"follow","max-snippet":"max-snippet:-1","max-image-preview":"max-image-preview:large","max-video-preview":"max-video-preview:-1"},"canonical":"https:\/\/fcctp.usmp.edu.pe\/sostenibilidad\/banco-de-recursos-juntos-cambio\/","og_locale":"en_US","og_type":"article","og_title":"Banco de recursos Juntos por el Cambio - Sostenibilidad","og_description":"Banco de recursos Programa Juntos x el Cambio \u00bfEn qu\u00e9 consiste el ODS14: Vida submarina?Programa de las Naciones Unidas para el Desarrollo (PNUD) L\u00ednea de tiempo de degradaci\u00f3n del pl\u00e1sticoOficina de Sostenibilidad Gu\u00eda EcoamigableOficina de Sostenibilidad y equipo de voluntarios: Katherine Lumbreras Calderon, Juan Jos\u00e9 Arroyo Baca y Julisa Otivo Suazo. \u00bfEn qu\u00e9 consiste el Objetivo de Desarrollo Sostenible 13 &#8216;Acci\u00f3n por el Clima&#8217;?Oficina de Sostenibilidad Cifras de reciclaje 2020 Oficina de Sostenibilidad Cifras de reciclaje 2019Oficina de Sostenibilidad","og_url":"https:\/\/fcctp.usmp.edu.pe\/sostenibilidad\/banco-de-recursos-juntos-cambio\/","og_site_name":"Sostenibilidad","article_modified_time":"2022-06-03T11:49:00+00:00","twitter_card":"summary_large_image","schema":{"@context":"https:\/\/schema.org","@graph":[{"@type":"WebPage","@id":"https:\/\/fcctp.usmp.edu.pe\/sostenibilidad\/banco-de-recursos-juntos-cambio\/","url":"https:\/\/fcctp.usmp.edu.pe\/sostenibilidad\/banco-de-recursos-juntos-cambio\/","name":"Banco de recursos Juntos por el Cambio - Sostenibilidad","isPartOf":{"@id":"https:\/\/fcctp.usmp.edu.pe\/sostenibilidad\/#website"},"datePublished":"2022-06-03T11:39:36+00:00","dateModified":"2022-06-03T11:49:00+00:00","breadcrumb":{"@id":"https:\/\/fcctp.usmp.edu.pe\/sostenibilidad\/banco-de-recursos-juntos-cambio\/#breadcrumb"},"inLanguage":"en-US","potentialAction":[{"@type":"ReadAction","target":["https:\/\/fcctp.usmp.edu.pe\/sostenibilidad\/banco-de-recursos-juntos-cambio\/"]}]},{"@type":"BreadcrumbList","@id":"https:\/\/fcctp.usmp.edu.pe\/sostenibilidad\/banco-de-recursos-juntos-cambio\/#breadcrumb","itemListElement":[{"@type":"ListItem","position":1,"name":"Home","item":"https:\/\/fcctp.usmp.edu.pe\/sostenibilidad\/"},{"@type":"ListItem","position":2,"name":"Banco de recursos Juntos por el Cambio"}]},{"@type":"WebSite","@id":"https:\/\/fcctp.usmp.edu.pe\/sostenibilidad\/#website","url":"https:\/\/fcctp.usmp.edu.pe\/sostenibilidad\/","name":"Sostenibilidad","description":"Universidad de San Mart\u00edn de Porres","potentialAction":[{"@type":"SearchAction","target":{"@type":"EntryPoint","urlTemplate":"https:\/\/fcctp.usmp.edu.pe\/sostenibilidad\/?s={search_term_string}"},"query-input":{"@type":"PropertyValueSpecification","valueRequired":true,"valueName":"search_term_string"}}],"inLanguage":"en-US"}]}},"_links":{"self":[{"href":"https:\/\/fcctp.usmp.edu.pe\/sostenibilidad\/wp-json\/wp\/v2\/pages\/59943","targetHints":{"allow":["GET"]}}],"collection":[{"href":"https:\/\/fcctp.usmp.edu.pe\/sostenibilidad\/wp-json\/wp\/v2\/pages"}],"about":[{"href":"https:\/\/fcctp.usmp.edu.pe\/sostenibilidad\/wp-json\/wp\/v2\/types\/page"}],"author":[{"embeddable":true,"href":"https:\/\/fcctp.usmp.edu.pe\/sostenibilidad\/wp-json\/wp\/v2\/users\/5"}],"replies":[{"embeddable":true,"href":"https:\/\/fcctp.usmp.edu.pe\/sostenibilidad\/wp-json\/wp\/v2\/comments?post=59943"}],"version-history":[{"count":4,"href":"https:\/\/fcctp.usmp.edu.pe\/sostenibilidad\/wp-json\/wp\/v2\/pages\/59943\/revisions"}],"predecessor-version":[{"id":59948,"href":"https:\/\/fcctp.usmp.edu.pe\/sostenibilidad\/wp-json\/wp\/v2\/pages\/59943\/revisions\/59948"}],"wp:attachment":[{"href":"https:\/\/fcctp.usmp.edu.pe\/sostenibilidad\/wp-json\/wp\/v2\/media?parent=59943"}],"curies":[{"name":"wp","href":"https:\/\/api.w.org\/{rel}","templated":true}]}}