{"id":14,"date":"2022-05-24T09:10:57","date_gmt":"2022-05-24T09:10:57","guid":{"rendered":"http:\/\/sostenibilidad.test\/?page_id=14"},"modified":"2026-02-03T16:29:23","modified_gmt":"2026-02-03T16:29:23","slug":"programas","status":"publish","type":"page","link":"https:\/\/fcctp.usmp.edu.pe\/sostenibilidad\/programas\/","title":{"rendered":"Programas"},"content":{"rendered":"\t\t<div data-elementor-type=\"wp-page\" data-elementor-id=\"14\" class=\"elementor elementor-14\">\n\t\t\t\t\t\t\t<div class=\"elementor-element elementor-element-9887852 e-flex e-con-boxed wpr-particle-no wpr-jarallax-no wpr-parallax-no wpr-sticky-section-no e-con\" data-id=\"9887852\" data-element_type=\"container\" data-settings=\"{&quot;background_background&quot;:&quot;classic&quot;,&quot;content_width&quot;:&quot;boxed&quot;}\">\n\t\t\t\t\t<div class=\"e-con-inner\">\n\t\t<div class=\"elementor-element elementor-element-0149704 e-con-full e-flex wpr-particle-no wpr-jarallax-no wpr-parallax-no wpr-sticky-section-no e-con\" data-id=\"0149704\" data-element_type=\"container\" data-settings=\"{&quot;content_width&quot;:&quot;full&quot;}\">\n\t\t\t\t<div class=\"elementor-element elementor-element-caa4db3 elementor-invisible elementor-widget elementor-widget-heading\" data-id=\"caa4db3\" data-element_type=\"widget\" data-settings=\"{&quot;_animation&quot;:&quot;fadeInDown&quot;}\" data-widget_type=\"heading.default\">\n\t\t\t\t<div class=\"elementor-widget-container\">\n\t\t\t<style>\/*! elementor - v3.14.0 - 26-06-2023 *\/\n.elementor-heading-title{padding:0;margin:0;line-height:1}.elementor-widget-heading .elementor-heading-title[class*=elementor-size-]>a{color:inherit;font-size:inherit;line-height:inherit}.elementor-widget-heading .elementor-heading-title.elementor-size-small{font-size:15px}.elementor-widget-heading .elementor-heading-title.elementor-size-medium{font-size:19px}.elementor-widget-heading .elementor-heading-title.elementor-size-large{font-size:29px}.elementor-widget-heading .elementor-heading-title.elementor-size-xl{font-size:39px}.elementor-widget-heading .elementor-heading-title.elementor-size-xxl{font-size:59px}<\/style><h1 class=\"elementor-heading-title elementor-size-default\">Nuestros Programas<\/h1>\t\t<\/div>\n\t\t\t\t<\/div>\n\t\t\t\t<div class=\"elementor-element elementor-element-20783aa elementor-invisible elementor-widget elementor-widget-heading\" data-id=\"20783aa\" data-element_type=\"widget\" data-settings=\"{&quot;_animation&quot;:&quot;fadeInUp&quot;}\" data-widget_type=\"heading.default\">\n\t\t\t\t<div class=\"elementor-widget-container\">\n\t\t\t<p class=\"elementor-heading-title elementor-size-default\">Desarrollamos programas formativos y de sensibilizaci\u00f3n que fortalecen la conciencia ambiental y social,  integrando a estudiantes, docentes y aliados estrat\u00e9gicos.<\/p>\t\t<\/div>\n\t\t\t\t<\/div>\n\t\t\t\t<\/div>\n\t\t\t\t\t<\/div>\n\t\t\t\t<\/div>\n\t\t<div class=\"elementor-element elementor-element-c5911f3 e-flex e-con-boxed wpr-particle-no wpr-jarallax-no wpr-parallax-no wpr-sticky-section-no e-con\" data-id=\"c5911f3\" data-element_type=\"container\" data-settings=\"{&quot;content_width&quot;:&quot;boxed&quot;}\">\n\t\t\t\t\t<div class=\"e-con-inner\">\n\t\t\t\t<div class=\"elementor-element elementor-element-d41fe4c elementor-widget elementor-widget-ucaddon_post_grid\" data-id=\"d41fe4c\" data-element_type=\"widget\" data-widget_type=\"ucaddon_post_grid.default\">\n\t\t\t\t<div class=\"elementor-widget-container\">\n\t\t\t\n<!-- start Post Grid -->\n\t\t<link id='font-awesome-css' href='https:\/\/fcctp.usmp.edu.pe\/sostenibilidad\/wp-content\/plugins\/unlimited-elements-for-elementor\/assets_libraries\/font-awesome6\/fontawesome-all.min.css' type='text\/css' rel='stylesheet' >\n\t\t<link id='font-awesome-4-shim-css' href='https:\/\/fcctp.usmp.edu.pe\/sostenibilidad\/wp-content\/plugins\/unlimited-elements-for-elementor\/assets_libraries\/font-awesome6\/fontawesome-v4-shims.min.css' type='text\/css' rel='stylesheet' >\n\n<style>\/* widget: Post Grid *\/\n\n\n\n#uc_post_grid_elementor_d41fe4c{\n  min-height: 1px;\n}\n\n#uc_post_grid_elementor_d41fe4c.uc_post_grid_style_one .uc_post_grid_style_one_wrap {\n   display:grid;\n}\n\n\n#uc_post_grid_elementor_d41fe4c .uc_post_grid_style_one_item{\n  position:relative;\n}\n\n#uc_post_grid_elementor_d41fe4c .uc_post_image{\n  transition:0.3s;\n  position:relative;\n  overflow:hidden;\n}\n\n#uc_post_grid_elementor_d41fe4c .uc_post_image img{\n  width:100%;\n  display:block;\n  transition:0.3s;\n}\n\n\t\n\n#uc_post_grid_elementor_d41fe4c .uc_post_image_overlay{\n  position:absolute;\n  top:0px;\n  left:0px;\n  height:100%;\n  width:100%;\n  transition:0.3s;\n}\n\n#uc_post_grid_elementor_d41fe4c .uc_more_btn-custom-field{\n  display:inline-block;\n  text-align:center;\n  text-decoration:none;\n  transition:0.3s;\n}\n\n#uc_post_grid_elementor_d41fe4c .uc_more_btn{\n  display:inline-block;\n  text-align:center;\n  text-decoration:none;\n  transition:0.3s;\n}\n\n.ue-grid-item-category a{\n  display:inline-block;\n  font-size:10px;\n  position: relative;\n  z-index: 1;\n}\n\n#uc_post_grid_elementor_d41fe4c .ue-grid-item-posttype{\n  display:inline-block;\n  position: relative;\n  z-index: 1;\n}\n\n\n.uc_post_title{\n  font-size:21px;\n}\n\n\n#uc_post_grid_elementor_d41fe4c.uc_post_grid_style_one.ue-list-view .uc_content{\n flex-grow:1;\n}\n\n\n  #uc_post_grid_elementor_d41fe4c:not(.ue-list-view) .ue_post_grid_item{\n    display:flex;\n    flex-direction:column;\n  }\n  \n  #uc_post_grid_elementor_d41fe4c.uc_post_grid_style_one:not(.ue-list-view) .uc_content{\n   flex-grow:1;\n  }\n\n  #uc_post_grid_elementor_d41fe4c.uc_post_grid_style_one .uc_content > div{\n    height:100%;\n    display:flex;\n    flex-direction:column;\n    justify-content: space-between;  }\n\n    #uc_post_grid_elementor_d41fe4c .uc_post_button   {\n     margin-top:auto;\n   }\n  \n\n\n\n\n\n\n\n\n\n\n\n\n\/*  for grid\/list layout switcher*\/\n\t#uc_post_grid_elementor_d41fe4c.ue-list-view .uc_post_grid_style_one_item {\n     display:flex;  \n     flex-direction:row;\n    }\n    #uc_post_grid_elementor_d41fe4c.ue-list-view .uc_post_grid_style_one_item > div{\n     width:50%;\n    }\n   \n    #uc_post_grid_elementor_d41fe4c.ue-list-view .uc_content    {\n      display:flex;\n      flex-direction:column;\n      justify-content:center;\n    }\n \n\/*  for grid\/list layout switcher*\/\n\n#uc_post_grid_elementor_d41fe4c .ue-meta-data{  \n  display:flex !important;\n  flex-wrap: wrap;\n  line-height:1em;\n}\n\n#uc_post_grid_elementor_d41fe4c .ue-grid-item-meta-data{\n  display:inline-flex;\n  align-items:center;\n}\n\n#uc_post_grid_elementor_d41fe4c .ue-grid-item-meta-data a{\n  color:inherit;\n}\n\n.ue-grid-item-meta-data{\n  font-size:12px;\n}\n\n#uc_post_grid_elementor_d41fe4c .ue-grid-item-meta-data-icon{\n  line-height:1em;\n}\n\n#uc_post_grid_elementor_d41fe4c .ue-grid-item-meta-data-icon svg{\n  width:1em;\n  height:1em;\n}\n\n#uc_post_grid_elementor_d41fe4c .ue-debug-meta{\n  padding:10px;\n  border:1px solid red;\n  position:relative;\n  line-height:1.5em;\n  font-size:11px;\n  width:100%;\n}\n\n#uc_post_grid_elementor_d41fe4c .uc_btn_inner{\n  display:inline-flex;\n  align-items:center;\n  pointer-events:none;\n}\n\n#uc_post_grid_elementor_d41fe4c .uc_btn_inner svg{\n  width:1em;\n  height:1em;\n}\n#uc_post_grid_elementor_d41fe4c .ue_p_title{\n  pointer-events:none;\n}\n\n\n#uc_post_grid_elementor_d41fe4c .uc_content_inner{\n  width: 100%;\n}\n\n\n#uc_post_grid_elementor_d41fe4c .view-switcher-button{\n  display: flex;\n  align-items: center;\n}\n\n#uc_post_grid_elementor_d41fe4c .view-switcher-icon{\n  display: flex;\n  align-items: center;\n  line-height: 1;\n  cursor: pointer;\n  transition: all .3s ease;\n}\n\n#uc_post_grid_elementor_d41fe4c .view-switcher-icon svg{\n  height:1em;\n  width:1em;\n}\n\n#uc_post_grid_elementor_d41fe4c .view-switcher-icon.ue-hidden{\n  display: none;\n}\n\n\n#uc_post_grid_elementor_d41fe4c_item1 [href=\"javascript:void(0)\"]{\n  cursor: unset;\n}\n\n\n#uc_post_grid_elementor_d41fe4c_item2 [href=\"javascript:void(0)\"]{\n  cursor: unset;\n}\n\n\n<\/style>\n\n<div id=\"uc_post_grid_elementor_d41fe4c\" class=\"uc_post_grid_style_one \"  >\n  \t\n  <div class=\"uc_post_grid_style_one_wrap ue_post_grid uc-items-wrapper ue-woo-grid\">\n    \n\n\n\n\n<div id=\"uc_post_grid_elementor_d41fe4c_item1\" class=\"uc_post_grid_style_one_item ue_post_grid_item ue-item \">\n  \n      <a class=\"uc_post_grid_style_one_image \" href='https:\/\/fcctp.usmp.edu.pe\/sostenibilidad\/convivencia-saludable\/' target=\"_self\">\n     <div class=\"uc_post_image\">\n       <img loading=\"lazy\" decoding=\"async\" src=\"https:\/\/fcctp.usmp.edu.pe\/sostenibilidad\/wp-content\/uploads\/2022\/05\/prog-convivencia-saludable-4.jpg\"  src=\"https:\/\/fcctp.usmp.edu.pe\/sostenibilidad\/wp-content\/uploads\/2022\/05\/prog-convivencia-saludable-4.jpg\" alt=\"j\u00f3venes participando en Programa Convivencia Saludable\" width=\"700\" height=\"500\">\n       <div class=\"uc_post_image_overlay\"><\/div>\n     <\/div>\n    <\/a>\n   \n  <div class=\"uc_content\">\n    <div class=\"uc_content_inner\">\n      <div class=\"uc_content-info-wrapper\" >\n                \n                            \n        <div class=\"uc_post_title\"><a class=\"\" href='https:\/\/fcctp.usmp.edu.pe\/sostenibilidad\/convivencia-saludable\/' target=\"_self\"><div class=\"ue_p_title\">Convivencia saludable<\/div><\/a><\/div>\t\n                 \n          <div class=\"ue-meta-data\">\n            \n                \t    \n                \n        \n\t\n                \n                \n                \n                \n    \t\t\t\n      \n            \n  <\/div>\t\n        \t<div class=\"uc_post_text\">Promovemos actividades para difundir la importancia de mantener relaciones saludables con nuestra comunidad,...<\/div>\n     \n                   \n                         \n                                              \n      <\/div>                      \n            <div class=\"uc_post_button\">\n        \n        <a class=\"uc_more_btn \" target=\"_blank\" href='https:\/\/fcctp.usmp.edu.pe\/sostenibilidad\/convivencia-saludable\/'>\n          <div class=\"uc_btn_inner\">\n            <div class=\"uc_btn_txt\">Descubre m\u00e1s &gt;<\/div>\n                      <\/div>\n      \t<\/a>\n        \n                \n      <\/div>                           \n \t<\/div>  <\/div>      \n        \n<\/div>\n\n\n\n\n\n<div id=\"uc_post_grid_elementor_d41fe4c_item2\" class=\"uc_post_grid_style_one_item ue_post_grid_item ue-item \">\n  \n      <a class=\"uc_post_grid_style_one_image \" href='https:\/\/fcctp.usmp.edu.pe\/sostenibilidad\/programa-juntos-x-el-cambio\/' target=\"_self\">\n     <div class=\"uc_post_image\">\n       <img loading=\"lazy\" decoding=\"async\" src=\"https:\/\/fcctp.usmp.edu.pe\/sostenibilidad\/wp-content\/uploads\/2022\/05\/juntosxelcambio.cover_-768x432.jpg\"  src=\"https:\/\/fcctp.usmp.edu.pe\/sostenibilidad\/wp-content\/uploads\/2022\/05\/juntosxelcambio.cover_-768x432.jpg\" alt=\"juntosxelcambio\" width=\"768\" height=\"432\">\n       <div class=\"uc_post_image_overlay\"><\/div>\n     <\/div>\n    <\/a>\n   \n  <div class=\"uc_content\">\n    <div class=\"uc_content_inner\">\n      <div class=\"uc_content-info-wrapper\" >\n                \n                            \n        <div class=\"uc_post_title\"><a class=\"\" href='https:\/\/fcctp.usmp.edu.pe\/sostenibilidad\/programa-juntos-x-el-cambio\/' target=\"_self\"><div class=\"ue_p_title\">Programa Juntos x el Cambio<\/div><\/a><\/div>\t\n                 \n          <div class=\"ue-meta-data\">\n            \n                \t    \n                \n        \n\t\n                \n                \n                \n                \n    \t\t\t\n      \n            \n  <\/div>\t\n        \t<div class=\"uc_post_text\">A trav\u00e9s del reciclaje, contribuimos con nuestros aliados con causas sociales por un pa\u00eds m\u00e1s igualitario...<\/div>\n     \n                   \n                         \n                                              \n      <\/div>                      \n            <div class=\"uc_post_button\">\n        \n        <a class=\"uc_more_btn \" target=\"_blank\" href='https:\/\/fcctp.usmp.edu.pe\/sostenibilidad\/programa-juntos-x-el-cambio\/'>\n          <div class=\"uc_btn_inner\">\n            <div class=\"uc_btn_txt\">Descubre m\u00e1s &gt;<\/div>\n                      <\/div>\n      \t<\/a>\n        \n                \n      <\/div>                           \n \t<\/div>  <\/div>      \n        \n<\/div>\n\n  <\/div>\n<\/div>\n\n  <div id=\"uc_post_grid_elementor_d41fe4c_empty_message\" class=\"ue-no-posts-found\"  style=\"display:none\" >No posts found<\/div>\n\n<!-- end Post Grid -->\t\t<\/div>\n\t\t\t\t<\/div>\n\t\t\t\t\t<\/div>\n\t\t\t\t<\/div>\n\t\t\t\t\t\t\t<\/div>\n\t\t","protected":false},"excerpt":{"rendered":"<p>Nuestros Programas Desarrollamos programas formativos y de sensibilizaci\u00f3n que fortalecen la conciencia ambiental y social, integrando a estudiantes, docentes y aliados estrat\u00e9gicos. Convivencia saludable en mi FCCTP Fomentamos un espacio de respeto y tolerancia en temas relacionados con identificaci\u00f3n y prevenci\u00f3n de&#8230; Descubre m\u00e1s &gt; Convivencia saludable Promovemos actividades para difundir la importancia de mantener relaciones saludables con nuestra comunidad,&#8230; Descubre m\u00e1s &gt; Programa Juntos x el Cambio A trav\u00e9s del reciclaje, contribuimos con nuestros aliados con causas sociales por un pa\u00eds m\u00e1s igualitario&#8230; Descubre m\u00e1s &gt; No posts found<\/p>\n","protected":false},"author":5,"featured_media":0,"parent":0,"menu_order":0,"comment_status":"closed","ping_status":"closed","template":"elementor_header_footer","meta":{"inline_featured_image":false,"footnotes":""},"class_list":["post-14","page","type-page","status-publish"],"yoast_head":"<!-- This site is optimized with the Yoast SEO plugin v26.5 - https:\/\/yoast.com\/wordpress\/plugins\/seo\/ -->\n<title>Programas - Sostenibilidad<\/title>\n<meta name=\"robots\" content=\"index, follow, max-snippet:-1, max-image-preview:large, max-video-preview:-1\" \/>\n<link rel=\"canonical\" href=\"https:\/\/fcctp.usmp.edu.pe\/sostenibilidad\/programas\/\" \/>\n<meta property=\"og:locale\" content=\"en_US\" \/>\n<meta property=\"og:type\" content=\"article\" \/>\n<meta property=\"og:title\" content=\"Programas - Sostenibilidad\" \/>\n<meta property=\"og:description\" content=\"Nuestros Programas Desarrollamos programas formativos y de sensibilizaci\u00f3n que fortalecen la conciencia ambiental y social, integrando a estudiantes, docentes y aliados estrat\u00e9gicos. Convivencia saludable en mi FCCTP Fomentamos un espacio de respeto y tolerancia en temas relacionados con identificaci\u00f3n y prevenci\u00f3n de&#8230; Descubre m\u00e1s &gt; Convivencia saludable Promovemos actividades para difundir la importancia de mantener relaciones saludables con nuestra comunidad,&#8230; Descubre m\u00e1s &gt; Programa Juntos x el Cambio A trav\u00e9s del reciclaje, contribuimos con nuestros aliados con causas sociales por un pa\u00eds m\u00e1s igualitario&#8230; Descubre m\u00e1s &gt; No posts found\" \/>\n<meta property=\"og:url\" content=\"https:\/\/fcctp.usmp.edu.pe\/sostenibilidad\/programas\/\" \/>\n<meta property=\"og:site_name\" content=\"Sostenibilidad\" \/>\n<meta property=\"article:modified_time\" content=\"2026-02-03T16:29:23+00:00\" \/>\n<meta name=\"twitter:card\" content=\"summary_large_image\" \/>\n<meta name=\"twitter:label1\" content=\"Est. reading time\" \/>\n\t<meta name=\"twitter:data1\" content=\"1 minute\" \/>\n<script type=\"application\/ld+json\" class=\"yoast-schema-graph\">{\"@context\":\"https:\/\/schema.org\",\"@graph\":[{\"@type\":\"WebPage\",\"@id\":\"https:\/\/fcctp.usmp.edu.pe\/sostenibilidad\/programas\/\",\"url\":\"https:\/\/fcctp.usmp.edu.pe\/sostenibilidad\/programas\/\",\"name\":\"Programas - Sostenibilidad\",\"isPartOf\":{\"@id\":\"https:\/\/fcctp.usmp.edu.pe\/sostenibilidad\/#website\"},\"primaryImageOfPage\":{\"@id\":\"https:\/\/fcctp.usmp.edu.pe\/sostenibilidad\/programas\/#primaryimage\"},\"image\":{\"@id\":\"https:\/\/fcctp.usmp.edu.pe\/sostenibilidad\/programas\/#primaryimage\"},\"thumbnailUrl\":\"https:\/\/fcctp.usmp.edu.pe\/sostenibilidad\/wp-content\/uploads\/2022\/06\/programa_convivencia-saludable-fcctp.jpg\",\"datePublished\":\"2022-05-24T09:10:57+00:00\",\"dateModified\":\"2026-02-03T16:29:23+00:00\",\"breadcrumb\":{\"@id\":\"https:\/\/fcctp.usmp.edu.pe\/sostenibilidad\/programas\/#breadcrumb\"},\"inLanguage\":\"en-US\",\"potentialAction\":[{\"@type\":\"ReadAction\",\"target\":[\"https:\/\/fcctp.usmp.edu.pe\/sostenibilidad\/programas\/\"]}]},{\"@type\":\"ImageObject\",\"inLanguage\":\"en-US\",\"@id\":\"https:\/\/fcctp.usmp.edu.pe\/sostenibilidad\/programas\/#primaryimage\",\"url\":\"https:\/\/fcctp.usmp.edu.pe\/sostenibilidad\/wp-content\/uploads\/2022\/06\/programa_convivencia-saludable-fcctp.jpg\",\"contentUrl\":\"https:\/\/fcctp.usmp.edu.pe\/sostenibilidad\/wp-content\/uploads\/2022\/06\/programa_convivencia-saludable-fcctp.jpg\",\"width\":600,\"height\":600,\"caption\":\"alumnos\"},{\"@type\":\"BreadcrumbList\",\"@id\":\"https:\/\/fcctp.usmp.edu.pe\/sostenibilidad\/programas\/#breadcrumb\",\"itemListElement\":[{\"@type\":\"ListItem\",\"position\":1,\"name\":\"Home\",\"item\":\"https:\/\/fcctp.usmp.edu.pe\/sostenibilidad\/\"},{\"@type\":\"ListItem\",\"position\":2,\"name\":\"Programas\"}]},{\"@type\":\"WebSite\",\"@id\":\"https:\/\/fcctp.usmp.edu.pe\/sostenibilidad\/#website\",\"url\":\"https:\/\/fcctp.usmp.edu.pe\/sostenibilidad\/\",\"name\":\"Sostenibilidad\",\"description\":\"Universidad de San Mart\u00edn de Porres\",\"potentialAction\":[{\"@type\":\"SearchAction\",\"target\":{\"@type\":\"EntryPoint\",\"urlTemplate\":\"https:\/\/fcctp.usmp.edu.pe\/sostenibilidad\/?s={search_term_string}\"},\"query-input\":{\"@type\":\"PropertyValueSpecification\",\"valueRequired\":true,\"valueName\":\"search_term_string\"}}],\"inLanguage\":\"en-US\"}]}<\/script>\n<!-- \/ Yoast SEO plugin. -->","yoast_head_json":{"title":"Programas - Sostenibilidad","robots":{"index":"index","follow":"follow","max-snippet":"max-snippet:-1","max-image-preview":"max-image-preview:large","max-video-preview":"max-video-preview:-1"},"canonical":"https:\/\/fcctp.usmp.edu.pe\/sostenibilidad\/programas\/","og_locale":"en_US","og_type":"article","og_title":"Programas - Sostenibilidad","og_description":"Nuestros Programas Desarrollamos programas formativos y de sensibilizaci\u00f3n que fortalecen la conciencia ambiental y social, integrando a estudiantes, docentes y aliados estrat\u00e9gicos. Convivencia saludable en mi FCCTP Fomentamos un espacio de respeto y tolerancia en temas relacionados con identificaci\u00f3n y prevenci\u00f3n de&#8230; Descubre m\u00e1s &gt; Convivencia saludable Promovemos actividades para difundir la importancia de mantener relaciones saludables con nuestra comunidad,&#8230; Descubre m\u00e1s &gt; Programa Juntos x el Cambio A trav\u00e9s del reciclaje, contribuimos con nuestros aliados con causas sociales por un pa\u00eds m\u00e1s igualitario&#8230; Descubre m\u00e1s &gt; No posts found","og_url":"https:\/\/fcctp.usmp.edu.pe\/sostenibilidad\/programas\/","og_site_name":"Sostenibilidad","article_modified_time":"2026-02-03T16:29:23+00:00","twitter_card":"summary_large_image","twitter_misc":{"Est. reading time":"1 minute"},"schema":{"@context":"https:\/\/schema.org","@graph":[{"@type":"WebPage","@id":"https:\/\/fcctp.usmp.edu.pe\/sostenibilidad\/programas\/","url":"https:\/\/fcctp.usmp.edu.pe\/sostenibilidad\/programas\/","name":"Programas - Sostenibilidad","isPartOf":{"@id":"https:\/\/fcctp.usmp.edu.pe\/sostenibilidad\/#website"},"primaryImageOfPage":{"@id":"https:\/\/fcctp.usmp.edu.pe\/sostenibilidad\/programas\/#primaryimage"},"image":{"@id":"https:\/\/fcctp.usmp.edu.pe\/sostenibilidad\/programas\/#primaryimage"},"thumbnailUrl":"https:\/\/fcctp.usmp.edu.pe\/sostenibilidad\/wp-content\/uploads\/2022\/06\/programa_convivencia-saludable-fcctp.jpg","datePublished":"2022-05-24T09:10:57+00:00","dateModified":"2026-02-03T16:29:23+00:00","breadcrumb":{"@id":"https:\/\/fcctp.usmp.edu.pe\/sostenibilidad\/programas\/#breadcrumb"},"inLanguage":"en-US","potentialAction":[{"@type":"ReadAction","target":["https:\/\/fcctp.usmp.edu.pe\/sostenibilidad\/programas\/"]}]},{"@type":"ImageObject","inLanguage":"en-US","@id":"https:\/\/fcctp.usmp.edu.pe\/sostenibilidad\/programas\/#primaryimage","url":"https:\/\/fcctp.usmp.edu.pe\/sostenibilidad\/wp-content\/uploads\/2022\/06\/programa_convivencia-saludable-fcctp.jpg","contentUrl":"https:\/\/fcctp.usmp.edu.pe\/sostenibilidad\/wp-content\/uploads\/2022\/06\/programa_convivencia-saludable-fcctp.jpg","width":600,"height":600,"caption":"alumnos"},{"@type":"BreadcrumbList","@id":"https:\/\/fcctp.usmp.edu.pe\/sostenibilidad\/programas\/#breadcrumb","itemListElement":[{"@type":"ListItem","position":1,"name":"Home","item":"https:\/\/fcctp.usmp.edu.pe\/sostenibilidad\/"},{"@type":"ListItem","position":2,"name":"Programas"}]},{"@type":"WebSite","@id":"https:\/\/fcctp.usmp.edu.pe\/sostenibilidad\/#website","url":"https:\/\/fcctp.usmp.edu.pe\/sostenibilidad\/","name":"Sostenibilidad","description":"Universidad de San Mart\u00edn de Porres","potentialAction":[{"@type":"SearchAction","target":{"@type":"EntryPoint","urlTemplate":"https:\/\/fcctp.usmp.edu.pe\/sostenibilidad\/?s={search_term_string}"},"query-input":{"@type":"PropertyValueSpecification","valueRequired":true,"valueName":"search_term_string"}}],"inLanguage":"en-US"}]}},"_links":{"self":[{"href":"https:\/\/fcctp.usmp.edu.pe\/sostenibilidad\/wp-json\/wp\/v2\/pages\/14","targetHints":{"allow":["GET"]}}],"collection":[{"href":"https:\/\/fcctp.usmp.edu.pe\/sostenibilidad\/wp-json\/wp\/v2\/pages"}],"about":[{"href":"https:\/\/fcctp.usmp.edu.pe\/sostenibilidad\/wp-json\/wp\/v2\/types\/page"}],"author":[{"embeddable":true,"href":"https:\/\/fcctp.usmp.edu.pe\/sostenibilidad\/wp-json\/wp\/v2\/users\/5"}],"replies":[{"embeddable":true,"href":"https:\/\/fcctp.usmp.edu.pe\/sostenibilidad\/wp-json\/wp\/v2\/comments?post=14"}],"version-history":[{"count":100,"href":"https:\/\/fcctp.usmp.edu.pe\/sostenibilidad\/wp-json\/wp\/v2\/pages\/14\/revisions"}],"predecessor-version":[{"id":62773,"href":"https:\/\/fcctp.usmp.edu.pe\/sostenibilidad\/wp-json\/wp\/v2\/pages\/14\/revisions\/62773"}],"wp:attachment":[{"href":"https:\/\/fcctp.usmp.edu.pe\/sostenibilidad\/wp-json\/wp\/v2\/media?parent=14"}],"curies":[{"name":"wp","href":"https:\/\/api.w.org\/{rel}","templated":true}]}}