{"id":48657,"date":"2025-12-22T15:15:27","date_gmt":"2025-12-22T20:15:27","guid":{"rendered":"https:\/\/fcctp.usmp.edu.pe\/site\/?page_id=48657"},"modified":"2026-03-28T20:08:25","modified_gmt":"2026-03-29T01:08:25","slug":"beneficio-por-seguro-del-conocimiento","status":"publish","type":"page","link":"https:\/\/fcctp.usmp.edu.pe\/site\/alumnos\/servicios-estudiante\/bienestar\/posgrado\/beneficio-por-seguro-del-conocimiento\/","title":{"rendered":"Beneficio por Seguro del Conocimiento"},"content":{"rendered":"\t\t<div data-elementor-type=\"wp-page\" data-elementor-id=\"48657\" class=\"elementor elementor-48657\">\n\t\t\t\t\t\t<div class=\"elementor-inner\">\n\t\t\t\t<div class=\"elementor-section-wrap\">\n\t\t\t\t\t\t\t\t\t<section class=\"elementor-section elementor-top-section elementor-element elementor-element-573e913 elementor-section-height-min-height elementor-section-boxed elementor-section-height-default elementor-section-items-middle wpr-particle-no wpr-jarallax-no wpr-parallax-no\" data-id=\"573e913\" data-element_type=\"section\" data-settings=\"{&quot;background_background&quot;:&quot;classic&quot;}\" data-e-bg-lazyload=\"\">\n\t\t\t\t\t\t\t<div class=\"elementor-background-overlay\"><\/div>\n\t\t\t\t\t\t\t<div class=\"elementor-container elementor-column-gap-default\">\n\t\t\t\t\t\t\t<div class=\"elementor-row\">\n\t\t\t\t\t<div class=\"elementor-column elementor-col-100 elementor-top-column elementor-element elementor-element-931b508\" data-id=\"931b508\" data-element_type=\"column\">\n\t\t\t<div class=\"elementor-column-wrap elementor-element-populated\">\n\t\t\t\t\t\t\t<div class=\"elementor-widget-wrap\">\n\t\t\t\t\t\t<section class=\"elementor-section elementor-inner-section elementor-element elementor-element-d42175f elementor-section-boxed elementor-section-height-default elementor-section-height-default wpr-particle-no wpr-jarallax-no wpr-parallax-no\" data-id=\"d42175f\" data-element_type=\"section\">\n\t\t\t\t\t\t<div class=\"elementor-container elementor-column-gap-default\">\n\t\t\t\t\t\t\t<div class=\"elementor-row\">\n\t\t\t\t\t<div class=\"elementor-column elementor-col-100 elementor-inner-column elementor-element elementor-element-8181049\" data-id=\"8181049\" data-element_type=\"column\">\n\t\t\t<div class=\"elementor-column-wrap elementor-element-populated\">\n\t\t\t\t\t\t\t<div class=\"elementor-widget-wrap\">\n\t\t\t\t\t\t<div class=\"elementor-element elementor-element-c7244c2 elementor-invisible elementor-widget elementor-widget-heading\" data-id=\"c7244c2\" data-element_type=\"widget\" data-settings=\"{&quot;_animation&quot;:&quot;fadeInUp&quot;}\" data-widget_type=\"heading.default\">\n\t\t\t\t<div class=\"elementor-widget-container\">\n\t\t\t<h2 class=\"elementor-heading-title elementor-size-default\">Bienestar Universitario<\/h2>\t\t<\/div>\n\t\t\t\t<\/div>\n\t\t\t\t<div class=\"elementor-element elementor-element-8a01b65 elementor-invisible elementor-widget elementor-widget-heading\" data-id=\"8a01b65\" data-element_type=\"widget\" data-settings=\"{&quot;_animation&quot;:&quot;fadeInDown&quot;}\" data-widget_type=\"heading.default\">\n\t\t\t\t<div class=\"elementor-widget-container\">\n\t\t\t<h1 class=\"elementor-heading-title elementor-size-default\">Alumnos Posgrado<\/h1>\t\t<\/div>\n\t\t\t\t<\/div>\n\t\t\t\t\t\t<\/div>\n\t\t\t\t\t<\/div>\n\t\t<\/div>\n\t\t\t\t\t\t\t\t<\/div>\n\t\t\t\t\t<\/div>\n\t\t<\/section>\n\t\t\t\t\t\t<\/div>\n\t\t\t\t\t<\/div>\n\t\t<\/div>\n\t\t\t\t\t\t\t\t<\/div>\n\t\t\t\t\t<\/div>\n\t\t<\/section>\n\t\t\t\t<section class=\"elementor-section elementor-top-section elementor-element elementor-element-2ced9ff elementor-section-boxed elementor-section-height-default elementor-section-height-default wpr-particle-no wpr-jarallax-no wpr-parallax-no\" data-id=\"2ced9ff\" data-element_type=\"section\">\n\t\t\t\t\t\t<div class=\"elementor-container elementor-column-gap-default\">\n\t\t\t\t\t\t\t<div class=\"elementor-row\">\n\t\t\t\t\t<div class=\"elementor-column elementor-col-100 elementor-top-column elementor-element elementor-element-05a9745\" data-id=\"05a9745\" data-element_type=\"column\">\n\t\t\t<div class=\"elementor-column-wrap elementor-element-populated\">\n\t\t\t\t\t\t\t<div class=\"elementor-widget-wrap\">\n\t\t\t\t\t\t<div class=\"elementor-element elementor-element-dbd25c5 elementor-widget elementor-widget-template\" data-id=\"dbd25c5\" data-element_type=\"widget\" data-widget_type=\"template.default\">\n\t\t\t\t<div class=\"elementor-widget-container\">\n\t\t\t\t\t<div class=\"elementor-template\">\n\t\t\t\t\t<div data-elementor-type=\"section\" data-elementor-id=\"643\" class=\"elementor elementor-643\">\n\t\t\t\t\t<div class=\"elementor-section-wrap\">\n\t\t\t\t\t\t\t\t<section class=\"elementor-section elementor-top-section elementor-element elementor-element-5e73f9ce elementor-section-boxed elementor-section-height-default elementor-section-height-default wpr-particle-no wpr-jarallax-no wpr-parallax-no\" data-id=\"5e73f9ce\" data-element_type=\"section\">\n\t\t\t\t\t\t<div class=\"elementor-container elementor-column-gap-default\">\n\t\t\t\t\t\t\t<div class=\"elementor-row\">\n\t\t\t\t\t<div class=\"elementor-column elementor-col-100 elementor-top-column elementor-element elementor-element-1438bcca\" data-id=\"1438bcca\" data-element_type=\"column\">\n\t\t\t<div class=\"elementor-column-wrap elementor-element-populated\">\n\t\t\t\t\t\t\t<div class=\"elementor-widget-wrap\">\n\t\t\t\t\t\t<div class=\"elementor-element elementor-element-a651400 elementor-widget elementor-widget-breadcrumbs\" data-id=\"a651400\" data-element_type=\"widget\" data-widget_type=\"breadcrumbs.default\">\n\t\t\t\t<div class=\"elementor-widget-container\">\n\t\t\t<p id=\"breadcrumbs\"><span><span><a href=\"https:\/\/fcctp.usmp.edu.pe\/site\/\">Inicio<\/a><\/span><\/span><\/p>\t\t<\/div>\n\t\t\t\t<\/div>\n\t\t\t\t\t\t<\/div>\n\t\t\t\t\t<\/div>\n\t\t<\/div>\n\t\t\t\t\t\t\t\t<\/div>\n\t\t\t\t\t<\/div>\n\t\t<\/section>\n\t\t\t\t\t\t\t<\/div>\n\t\t\t\t<\/div>\n\t\t\t\t<\/div>\n\t\t\t\t<\/div>\n\t\t\t\t<\/div>\n\t\t\t\t\t\t<\/div>\n\t\t\t\t\t<\/div>\n\t\t<\/div>\n\t\t\t\t\t\t\t\t<\/div>\n\t\t\t\t\t<\/div>\n\t\t<\/section>\n\t\t<div class=\"elementor-element elementor-element-feb32b4 e-flex e-con-boxed wpr-particle-no wpr-jarallax-no wpr-parallax-no e-con\" data-id=\"feb32b4\" data-element_type=\"container\" data-settings=\"{&quot;content_width&quot;:&quot;boxed&quot;}\">\n\t\t\t\t\t<div class=\"e-con-inner\">\n\t\t<div class=\"elementor-element elementor-element-2480c9c e-con-full e-flex wpr-particle-no wpr-jarallax-no wpr-parallax-no e-con\" data-id=\"2480c9c\" data-element_type=\"container\" data-settings=\"{&quot;content_width&quot;:&quot;full&quot;}\">\n\t\t\t\t<div class=\"elementor-element elementor-element-02547a5 elementor-widget elementor-widget-template\" data-id=\"02547a5\" data-element_type=\"widget\" data-widget_type=\"template.default\">\n\t\t\t\t<div class=\"elementor-widget-container\">\n\t\t\t\t\t<div class=\"elementor-template\">\n\t\t\t\t\t<div data-elementor-type=\"section\" data-elementor-id=\"48664\" class=\"elementor elementor-48664\">\n\t\t\t\t\t<div class=\"elementor-section-wrap\">\n\t\t\t\t\t\t<div class=\"elementor-element elementor-element-02969a6 e-flex e-con-boxed wpr-particle-no wpr-jarallax-no wpr-parallax-no e-con\" data-id=\"02969a6\" data-element_type=\"container\" data-settings=\"{&quot;background_background&quot;:&quot;classic&quot;,&quot;content_width&quot;:&quot;boxed&quot;}\">\n\t\t\t\t\t<div class=\"e-con-inner\">\n\t\t\t\t<div class=\"elementor-element elementor-element-c568f22 elementor-widget elementor-widget-nav-menu\" data-id=\"c568f22\" data-element_type=\"widget\" data-settings=\"{&quot;layout&quot;:&quot;dropdown&quot;,&quot;submenu_icon&quot;:{&quot;value&quot;:&quot;&lt;i class=\\&quot;fas fa-caret-down\\&quot;&gt;&lt;\\\/i&gt;&quot;,&quot;library&quot;:&quot;fa-solid&quot;}}\" data-widget_type=\"nav-menu.default\">\n\t\t\t\t<div class=\"elementor-widget-container\">\n\t\t\t\t\t<div class=\"elementor-menu-toggle\" role=\"button\" tabindex=\"0\" aria-label=\"Menu Toggle\" aria-expanded=\"false\">\n\t\t\t<i aria-hidden=\"true\" role=\"presentation\" class=\"elementor-menu-toggle__icon--open eicon-menu-bar\"><\/i><i aria-hidden=\"true\" role=\"presentation\" class=\"elementor-menu-toggle__icon--close eicon-close\"><\/i>\t\t\t<span class=\"elementor-screen-only\">Menu<\/span>\n\t\t<\/div>\n\t\t\t<nav class=\"elementor-nav-menu--dropdown elementor-nav-menu__container\" role=\"navigation\" aria-hidden=\"true\">\n\t\t\t\t<ul id=\"menu-2-c568f22\" class=\"elementor-nav-menu\"><li class=\"menu-item menu-item-type-post_type menu-item-object-page menu-item-48663\"><a href=\"https:\/\/fcctp.usmp.edu.pe\/site\/alumnos\/servicios-estudiante\/bienestar\/posgrado\/beneficio-por-seguro-del-conocimiento\/\" class=\"elementor-item\" tabindex=\"-1\">Beneficio por Seguro del Conocimiento<\/a><\/li>\n<li class=\"menu-item menu-item-type-post_type menu-item-object-page menu-item-48676\"><a href=\"https:\/\/fcctp.usmp.edu.pe\/site\/alumnos\/servicios-estudiante\/bienestar\/posgrado\/convenio-ministerio-de-defensa-mindef\/\" class=\"elementor-item\" tabindex=\"-1\">Convenio Ministerio de Defensa (MINDEF)<\/a><\/li>\n<\/ul>\t\t\t<\/nav>\n\t\t\t\t<\/div>\n\t\t\t\t<\/div>\n\t\t\t\t<div class=\"elementor-element elementor-element-c6b06d8 elementor-align-justify elementor-widget elementor-widget-button\" data-id=\"c6b06d8\" data-element_type=\"widget\" data-widget_type=\"button.default\">\n\t\t\t\t<div class=\"elementor-widget-container\">\n\t\t\t\t\t<div class=\"elementor-button-wrapper\">\n\t\t\t<a class=\"elementor-button elementor-button-link elementor-size-sm\" href=\"https:\/\/fcctp.usmp.edu.pe\/site\/alumnos\/servicios-estudiante\/bienestar\/\">\n\t\t\t\t\t\t<span class=\"elementor-button-content-wrapper\">\n\t\t\t\t\t\t<span class=\"elementor-button-icon elementor-align-icon-left\">\n\t\t\t\t<i aria-hidden=\"true\" class=\"fas fa-chevron-circle-left\"><\/i>\t\t\t<\/span>\n\t\t\t\t\t\t<span class=\"elementor-button-text\">Volver<\/span>\n\t\t<\/span>\n\t\t\t\t\t<\/a>\n\t\t<\/div>\n\t\t\t\t<\/div>\n\t\t\t\t<\/div>\n\t\t\t\t\t<\/div>\n\t\t\t\t<\/div>\n\t\t\t\t\t\t\t<\/div>\n\t\t\t\t<\/div>\n\t\t\t\t<\/div>\n\t\t\t\t<\/div>\n\t\t\t\t<\/div>\n\t\t\t\t<\/div>\n\t\t<div class=\"elementor-element elementor-element-f3b65b4 e-con-full e-flex wpr-particle-no wpr-jarallax-no wpr-parallax-no e-con\" data-id=\"f3b65b4\" data-element_type=\"container\" data-settings=\"{&quot;content_width&quot;:&quot;full&quot;}\">\n\t\t\t\t<div class=\"elementor-element elementor-element-cb95c84 elementor-widget elementor-widget-heading\" data-id=\"cb95c84\" data-element_type=\"widget\" data-widget_type=\"heading.default\">\n\t\t\t\t<div class=\"elementor-widget-container\">\n\t\t\t<h2 class=\"elementor-heading-title elementor-size-default\">Beneficio por Seguro del Conocimiento<\/h2>\t\t<\/div>\n\t\t\t\t<\/div>\n\t\t\t\t<div class=\"elementor-element elementor-element-a372398 elementor-widget elementor-widget-text-editor\" data-id=\"a372398\" data-element_type=\"widget\" data-widget_type=\"text-editor.default\">\n\t\t\t\t<div class=\"elementor-widget-container\">\n\t\t\t\t\t\t\t\t<div class=\"elementor-text-editor elementor-clearfix\">\n\t\t\t\t<p><span style=\"color: #bd1714;\"><strong>\u00bfQU\u00c9 ES?<br \/><\/strong><\/span>Es un beneficio que otorga la Universidad de San Mart\u00edn de Porres sobre las pensiones de los alumnos de Posgrado quienes son egresados de la universidad (Bachiller y Titulados).<\/p><p><span style=\"color: #bd1714;\"><strong>\u00bfQUI\u00c9NES SON LOS BENEFICIARIOS?<br \/><\/strong><\/span>El beneficio es descuento equivalente al 10% en costo de sus pensiones, aplicable a 5 cuotas (no incluye matr\u00edcula).<\/p><p><span style=\"color: #bd1714;\"><strong>CONSIDERACIONES<\/strong><\/span><\/p><div class=\"elementor-element elementor-element-d0ec70e elementor-widget elementor-widget-text-editor\" data-id=\"d0ec70e\" data-element_type=\"widget\" data-widget_type=\"text-editor.default\"><div class=\"elementor-widget-container\"><div class=\"elementor-text-editor elementor-clearfix\"><ul><li>El beneficio se otorgar\u00e1 despu\u00e9s de haber trascurrido el primer ciclo acad\u00e9mico.<\/li><li>No tener cursos desaprobados al comenzar el ciclo.<\/li><li>No tener sanci\u00f3n disciplinaria vigente.<\/li><li><a href=\"https:\/\/fcctp.usmp.edu.pe\/documentos\/pdf\/bienestar_universitario\/SOLICITUD-ALUMNO-2025.pdf\" target=\"_blank\" rel=\"noopener\">La Solicitud de beneficio.pdf<\/a>; ser\u00e1 tramitado con la debida antelaci\u00f3n (un mes antes del inicio de clases de cada semestre acad\u00e9mico); al correo <a href=\"mailto:bienestarfcctp@usmp.pe\">bienestarfcctp@usmp.pe<\/a>; adjuntando copia de su grado acad\u00e9mico o t\u00edtulo profesional emitido por\u00a0 la USMP.<\/li><\/ul><\/div><\/div><\/div>\t\t\t\t\t<\/div>\n\t\t\t\t\t\t<\/div>\n\t\t\t\t<\/div>\n\t\t\t\t<\/div>\n\t\t\t\t\t<\/div>\n\t\t\t\t<\/div>\n\t\t\t\t\t\t\t\t\t<\/div>\n\t\t\t<\/div>\n\t\t\t\t\t<\/div>\n\t\t","protected":false},"excerpt":{"rendered":"<p>Bienestar Universitario Alumnos Posgrado \u00bfQU\u00c9 ES?Es un beneficio que otorga la Universidad de San Mart\u00edn de Porres sobre las pensiones de los alumnos de Posgrado quienes son egresados de la universidad (Bachiller y Titulados). \u00bfQUI\u00c9NES SON LOS BENEFICIARIOS?El beneficio es descuento equivalente al 10% en costo de sus pensiones, aplicable a 5 cuotas (no incluye matr\u00edcula). CONSIDERACIONES El beneficio se otorgar\u00e1 despu\u00e9s de haber trascurrido el primer ciclo acad\u00e9mico. No tener cursos desaprobados al comenzar el ciclo. No tener sanci\u00f3n disciplinaria vigente. La Solicitud de beneficio.pdf; ser\u00e1 tramitado con la debida antelaci\u00f3n (un mes antes del inicio de clases de cada semestre acad\u00e9mico); al correo bienestarfcctp@usmp.pe; adjuntando copia de su grado acad\u00e9mico o t\u00edtulo profesional emitido por\u00a0 la USMP.<\/p>\n","protected":false},"author":1,"featured_media":0,"parent":48334,"menu_order":0,"comment_status":"closed","ping_status":"closed","template":"elementor_header_footer","meta":{"content-type":"","inline_featured_image":false,"footnotes":""},"class_list":["post-48657","page","type-page","status-publish"],"yoast_head":"<!-- This site is optimized with the Yoast SEO plugin v26.5 - https:\/\/yoast.com\/wordpress\/plugins\/seo\/ -->\n<title>Beneficio por Seguro del Conocimiento - Facultad de Ciencias de la Comunicaci\u00f3n, Turismo y Psicolog\u00eda<\/title>\n<meta name=\"robots\" content=\"index, follow, max-snippet:-1, max-image-preview:large, max-video-preview:-1\" \/>\n<link rel=\"canonical\" href=\"https:\/\/fcctp.usmp.edu.pe\/site\/alumnos\/servicios-estudiante\/bienestar\/posgrado\/beneficio-por-seguro-del-conocimiento\/\" \/>\n<meta property=\"og:locale\" content=\"es_ES\" \/>\n<meta property=\"og:type\" content=\"article\" \/>\n<meta property=\"og:title\" content=\"Beneficio por Seguro del Conocimiento - Facultad de Ciencias de la Comunicaci\u00f3n, Turismo y Psicolog\u00eda\" \/>\n<meta property=\"og:description\" content=\"Bienestar Universitario Alumnos Posgrado \u00bfQU\u00c9 ES?Es un beneficio que otorga la Universidad de San Mart\u00edn de Porres sobre las pensiones de los alumnos de Posgrado quienes son egresados de la universidad (Bachiller y Titulados). \u00bfQUI\u00c9NES SON LOS BENEFICIARIOS?El beneficio es descuento equivalente al 10% en costo de sus pensiones, aplicable a 5 cuotas (no incluye matr\u00edcula). CONSIDERACIONES El beneficio se otorgar\u00e1 despu\u00e9s de haber trascurrido el primer ciclo acad\u00e9mico. No tener cursos desaprobados al comenzar el ciclo. No tener sanci\u00f3n disciplinaria vigente. La Solicitud de beneficio.pdf; ser\u00e1 tramitado con la debida antelaci\u00f3n (un mes antes del inicio de clases de cada semestre acad\u00e9mico); al correo bienestarfcctp@usmp.pe; adjuntando copia de su grado acad\u00e9mico o t\u00edtulo profesional emitido por\u00a0 la USMP.\" \/>\n<meta property=\"og:url\" content=\"https:\/\/fcctp.usmp.edu.pe\/site\/alumnos\/servicios-estudiante\/bienestar\/posgrado\/beneficio-por-seguro-del-conocimiento\/\" \/>\n<meta property=\"og:site_name\" content=\"Facultad de Ciencias de la Comunicaci\u00f3n, Turismo y Psicolog\u00eda\" \/>\n<meta property=\"article:publisher\" content=\"https:\/\/www.facebook.com\/fcctp\" \/>\n<meta property=\"article:modified_time\" content=\"2026-03-29T01:08:25+00:00\" \/>\n<meta property=\"og:image\" content=\"https:\/\/fcctp.usmp.edu.pe\/site\/wp-content\/uploads\/2024\/11\/logo-fcctp.jpg\" \/>\n\t<meta property=\"og:image:width\" content=\"480\" \/>\n\t<meta property=\"og:image:height\" content=\"283\" \/>\n\t<meta property=\"og:image:type\" content=\"image\/jpeg\" \/>\n<meta name=\"twitter:card\" content=\"summary_large_image\" \/>\n<meta name=\"twitter:label1\" content=\"Tiempo de lectura\" \/>\n\t<meta name=\"twitter:data1\" content=\"1 minuto\" \/>\n<script type=\"application\/ld+json\" class=\"yoast-schema-graph\">{\"@context\":\"https:\/\/schema.org\",\"@graph\":[{\"@type\":\"WebPage\",\"@id\":\"https:\/\/fcctp.usmp.edu.pe\/site\/alumnos\/servicios-estudiante\/bienestar\/posgrado\/beneficio-por-seguro-del-conocimiento\/\",\"url\":\"https:\/\/fcctp.usmp.edu.pe\/site\/alumnos\/servicios-estudiante\/bienestar\/posgrado\/beneficio-por-seguro-del-conocimiento\/\",\"name\":\"Beneficio por Seguro del Conocimiento - Facultad de Ciencias de la Comunicaci\u00f3n, Turismo y Psicolog\u00eda\",\"isPartOf\":{\"@id\":\"https:\/\/fcctp.usmp.edu.pe\/site\/#website\"},\"datePublished\":\"2025-12-22T20:15:27+00:00\",\"dateModified\":\"2026-03-29T01:08:25+00:00\",\"breadcrumb\":{\"@id\":\"https:\/\/fcctp.usmp.edu.pe\/site\/alumnos\/servicios-estudiante\/bienestar\/posgrado\/beneficio-por-seguro-del-conocimiento\/#breadcrumb\"},\"inLanguage\":\"es\",\"potentialAction\":[{\"@type\":\"ReadAction\",\"target\":[\"https:\/\/fcctp.usmp.edu.pe\/site\/alumnos\/servicios-estudiante\/bienestar\/posgrado\/beneficio-por-seguro-del-conocimiento\/\"]}]},{\"@type\":\"BreadcrumbList\",\"@id\":\"https:\/\/fcctp.usmp.edu.pe\/site\/alumnos\/servicios-estudiante\/bienestar\/posgrado\/beneficio-por-seguro-del-conocimiento\/#breadcrumb\",\"itemListElement\":[{\"@type\":\"ListItem\",\"position\":1,\"name\":\"Inicio\",\"item\":\"https:\/\/fcctp.usmp.edu.pe\/site\/\"},{\"@type\":\"ListItem\",\"position\":2,\"name\":\"Alumnos\",\"item\":\"https:\/\/fcctp.usmp.edu.pe\/site\/alumnos\/\"},{\"@type\":\"ListItem\",\"position\":3,\"name\":\"Servicios al Estudiante\",\"item\":\"https:\/\/fcctp.usmp.edu.pe\/site\/alumnos\/servicios-estudiante\/\"},{\"@type\":\"ListItem\",\"position\":4,\"name\":\"Oficina de Bienestar Universitario\",\"item\":\"https:\/\/fcctp.usmp.edu.pe\/site\/alumnos\/servicios-estudiante\/bienestar\/\"},{\"@type\":\"ListItem\",\"position\":5,\"name\":\"Posgrado\",\"item\":\"https:\/\/fcctp.usmp.edu.pe\/site\/alumnos\/servicios-estudiante\/bienestar\/posgrado\/\"},{\"@type\":\"ListItem\",\"position\":6,\"name\":\"Beneficio por Seguro del Conocimiento\",\"item\":\"https:\/\/fcctp.usmp.edu.pe\/site\/alumnos\/servicios-estudiante\/bienestar\/posgrado\/beneficio-por-seguro-del-conocimiento\/\"}]},{\"@type\":\"WebSite\",\"@id\":\"https:\/\/fcctp.usmp.edu.pe\/site\/#website\",\"url\":\"https:\/\/fcctp.usmp.edu.pe\/site\/\",\"name\":\"Facultad de Ciencias de la Comunicaci\u00f3n, Turismo y Psicolog\u00eda\",\"description\":\"Universidad de San Mart\u00edn de Porres\",\"publisher\":{\"@id\":\"https:\/\/fcctp.usmp.edu.pe\/site\/#organization\"},\"alternateName\":\"FCCTP\",\"potentialAction\":[{\"@type\":\"SearchAction\",\"target\":{\"@type\":\"EntryPoint\",\"urlTemplate\":\"https:\/\/fcctp.usmp.edu.pe\/site\/?s={search_term_string}\"},\"query-input\":{\"@type\":\"PropertyValueSpecification\",\"valueRequired\":true,\"valueName\":\"search_term_string\"}}],\"inLanguage\":\"es\"},{\"@type\":\"Organization\",\"@id\":\"https:\/\/fcctp.usmp.edu.pe\/site\/#organization\",\"name\":\"Facultad de Ciencias de la Comunicaci\u00f3n, Turismo y Psicolog\u00eda\",\"alternateName\":\"USMP\",\"url\":\"https:\/\/fcctp.usmp.edu.pe\/site\/\",\"logo\":{\"@type\":\"ImageObject\",\"inLanguage\":\"es\",\"@id\":\"https:\/\/fcctp.usmp.edu.pe\/site\/#\/schema\/logo\/image\/\",\"url\":\"https:\/\/fcctp.usmp.edu.pe\/site\/wp-content\/uploads\/2024\/11\/icono-fcctp.jpg\",\"contentUrl\":\"https:\/\/fcctp.usmp.edu.pe\/site\/wp-content\/uploads\/2024\/11\/icono-fcctp.jpg\",\"width\":143,\"height\":151,\"caption\":\"Facultad de Ciencias de la Comunicaci\u00f3n, Turismo y Psicolog\u00eda\"},\"image\":{\"@id\":\"https:\/\/fcctp.usmp.edu.pe\/site\/#\/schema\/logo\/image\/\"},\"sameAs\":[\"https:\/\/www.facebook.com\/fcctp\"]}]}<\/script>\n<!-- \/ Yoast SEO plugin. -->","yoast_head_json":{"title":"Beneficio por Seguro del Conocimiento - Facultad de Ciencias de la Comunicaci\u00f3n, Turismo y Psicolog\u00eda","robots":{"index":"index","follow":"follow","max-snippet":"max-snippet:-1","max-image-preview":"max-image-preview:large","max-video-preview":"max-video-preview:-1"},"canonical":"https:\/\/fcctp.usmp.edu.pe\/site\/alumnos\/servicios-estudiante\/bienestar\/posgrado\/beneficio-por-seguro-del-conocimiento\/","og_locale":"es_ES","og_type":"article","og_title":"Beneficio por Seguro del Conocimiento - Facultad de Ciencias de la Comunicaci\u00f3n, Turismo y Psicolog\u00eda","og_description":"Bienestar Universitario Alumnos Posgrado \u00bfQU\u00c9 ES?Es un beneficio que otorga la Universidad de San Mart\u00edn de Porres sobre las pensiones de los alumnos de Posgrado quienes son egresados de la universidad (Bachiller y Titulados). \u00bfQUI\u00c9NES SON LOS BENEFICIARIOS?El beneficio es descuento equivalente al 10% en costo de sus pensiones, aplicable a 5 cuotas (no incluye matr\u00edcula). CONSIDERACIONES El beneficio se otorgar\u00e1 despu\u00e9s de haber trascurrido el primer ciclo acad\u00e9mico. No tener cursos desaprobados al comenzar el ciclo. No tener sanci\u00f3n disciplinaria vigente. La Solicitud de beneficio.pdf; ser\u00e1 tramitado con la debida antelaci\u00f3n (un mes antes del inicio de clases de cada semestre acad\u00e9mico); al correo bienestarfcctp@usmp.pe; adjuntando copia de su grado acad\u00e9mico o t\u00edtulo profesional emitido por\u00a0 la USMP.","og_url":"https:\/\/fcctp.usmp.edu.pe\/site\/alumnos\/servicios-estudiante\/bienestar\/posgrado\/beneficio-por-seguro-del-conocimiento\/","og_site_name":"Facultad de Ciencias de la Comunicaci\u00f3n, Turismo y Psicolog\u00eda","article_publisher":"https:\/\/www.facebook.com\/fcctp","article_modified_time":"2026-03-29T01:08:25+00:00","og_image":[{"width":480,"height":283,"url":"https:\/\/fcctp.usmp.edu.pe\/site\/wp-content\/uploads\/2024\/11\/logo-fcctp.jpg","type":"image\/jpeg"}],"twitter_card":"summary_large_image","twitter_misc":{"Tiempo de lectura":"1 minuto"},"schema":{"@context":"https:\/\/schema.org","@graph":[{"@type":"WebPage","@id":"https:\/\/fcctp.usmp.edu.pe\/site\/alumnos\/servicios-estudiante\/bienestar\/posgrado\/beneficio-por-seguro-del-conocimiento\/","url":"https:\/\/fcctp.usmp.edu.pe\/site\/alumnos\/servicios-estudiante\/bienestar\/posgrado\/beneficio-por-seguro-del-conocimiento\/","name":"Beneficio por Seguro del Conocimiento - Facultad de Ciencias de la Comunicaci\u00f3n, Turismo y Psicolog\u00eda","isPartOf":{"@id":"https:\/\/fcctp.usmp.edu.pe\/site\/#website"},"datePublished":"2025-12-22T20:15:27+00:00","dateModified":"2026-03-29T01:08:25+00:00","breadcrumb":{"@id":"https:\/\/fcctp.usmp.edu.pe\/site\/alumnos\/servicios-estudiante\/bienestar\/posgrado\/beneficio-por-seguro-del-conocimiento\/#breadcrumb"},"inLanguage":"es","potentialAction":[{"@type":"ReadAction","target":["https:\/\/fcctp.usmp.edu.pe\/site\/alumnos\/servicios-estudiante\/bienestar\/posgrado\/beneficio-por-seguro-del-conocimiento\/"]}]},{"@type":"BreadcrumbList","@id":"https:\/\/fcctp.usmp.edu.pe\/site\/alumnos\/servicios-estudiante\/bienestar\/posgrado\/beneficio-por-seguro-del-conocimiento\/#breadcrumb","itemListElement":[{"@type":"ListItem","position":1,"name":"Inicio","item":"https:\/\/fcctp.usmp.edu.pe\/site\/"},{"@type":"ListItem","position":2,"name":"Alumnos","item":"https:\/\/fcctp.usmp.edu.pe\/site\/alumnos\/"},{"@type":"ListItem","position":3,"name":"Servicios al Estudiante","item":"https:\/\/fcctp.usmp.edu.pe\/site\/alumnos\/servicios-estudiante\/"},{"@type":"ListItem","position":4,"name":"Oficina de Bienestar Universitario","item":"https:\/\/fcctp.usmp.edu.pe\/site\/alumnos\/servicios-estudiante\/bienestar\/"},{"@type":"ListItem","position":5,"name":"Posgrado","item":"https:\/\/fcctp.usmp.edu.pe\/site\/alumnos\/servicios-estudiante\/bienestar\/posgrado\/"},{"@type":"ListItem","position":6,"name":"Beneficio por Seguro del Conocimiento","item":"https:\/\/fcctp.usmp.edu.pe\/site\/alumnos\/servicios-estudiante\/bienestar\/posgrado\/beneficio-por-seguro-del-conocimiento\/"}]},{"@type":"WebSite","@id":"https:\/\/fcctp.usmp.edu.pe\/site\/#website","url":"https:\/\/fcctp.usmp.edu.pe\/site\/","name":"Facultad de Ciencias de la Comunicaci\u00f3n, Turismo y Psicolog\u00eda","description":"Universidad de San Mart\u00edn de Porres","publisher":{"@id":"https:\/\/fcctp.usmp.edu.pe\/site\/#organization"},"alternateName":"FCCTP","potentialAction":[{"@type":"SearchAction","target":{"@type":"EntryPoint","urlTemplate":"https:\/\/fcctp.usmp.edu.pe\/site\/?s={search_term_string}"},"query-input":{"@type":"PropertyValueSpecification","valueRequired":true,"valueName":"search_term_string"}}],"inLanguage":"es"},{"@type":"Organization","@id":"https:\/\/fcctp.usmp.edu.pe\/site\/#organization","name":"Facultad de Ciencias de la Comunicaci\u00f3n, Turismo y Psicolog\u00eda","alternateName":"USMP","url":"https:\/\/fcctp.usmp.edu.pe\/site\/","logo":{"@type":"ImageObject","inLanguage":"es","@id":"https:\/\/fcctp.usmp.edu.pe\/site\/#\/schema\/logo\/image\/","url":"https:\/\/fcctp.usmp.edu.pe\/site\/wp-content\/uploads\/2024\/11\/icono-fcctp.jpg","contentUrl":"https:\/\/fcctp.usmp.edu.pe\/site\/wp-content\/uploads\/2024\/11\/icono-fcctp.jpg","width":143,"height":151,"caption":"Facultad de Ciencias de la Comunicaci\u00f3n, Turismo y Psicolog\u00eda"},"image":{"@id":"https:\/\/fcctp.usmp.edu.pe\/site\/#\/schema\/logo\/image\/"},"sameAs":["https:\/\/www.facebook.com\/fcctp"]}]}},"_links":{"self":[{"href":"https:\/\/fcctp.usmp.edu.pe\/site\/wp-json\/wp\/v2\/pages\/48657","targetHints":{"allow":["GET"]}}],"collection":[{"href":"https:\/\/fcctp.usmp.edu.pe\/site\/wp-json\/wp\/v2\/pages"}],"about":[{"href":"https:\/\/fcctp.usmp.edu.pe\/site\/wp-json\/wp\/v2\/types\/page"}],"author":[{"embeddable":true,"href":"https:\/\/fcctp.usmp.edu.pe\/site\/wp-json\/wp\/v2\/users\/1"}],"replies":[{"embeddable":true,"href":"https:\/\/fcctp.usmp.edu.pe\/site\/wp-json\/wp\/v2\/comments?post=48657"}],"version-history":[{"count":21,"href":"https:\/\/fcctp.usmp.edu.pe\/site\/wp-json\/wp\/v2\/pages\/48657\/revisions"}],"predecessor-version":[{"id":54510,"href":"https:\/\/fcctp.usmp.edu.pe\/site\/wp-json\/wp\/v2\/pages\/48657\/revisions\/54510"}],"up":[{"embeddable":true,"href":"https:\/\/fcctp.usmp.edu.pe\/site\/wp-json\/wp\/v2\/pages\/48334"}],"wp:attachment":[{"href":"https:\/\/fcctp.usmp.edu.pe\/site\/wp-json\/wp\/v2\/media?parent=48657"}],"curies":[{"name":"wp","href":"https:\/\/api.w.org\/{rel}","templated":true}]}}