{"id":48291,"date":"2025-12-22T09:31:05","date_gmt":"2025-12-22T14:31:05","guid":{"rendered":"https:\/\/fcctp.usmp.edu.pe\/site\/?page_id=48291"},"modified":"2026-03-28T20:27:38","modified_gmt":"2026-03-29T01:27:38","slug":"servicio-medico","status":"publish","type":"page","link":"https:\/\/fcctp.usmp.edu.pe\/site\/alumnos\/servicios-estudiante\/servicio-medico\/","title":{"rendered":"Servicio M\u00e9dico"},"content":{"rendered":"\t\t<div data-elementor-type=\"wp-page\" data-elementor-id=\"48291\" class=\"elementor elementor-48291\">\n\t\t\t\t\t\t<div class=\"elementor-inner\">\n\t\t\t\t<div class=\"elementor-section-wrap\">\n\t\t\t\t\t\t\t\t\t<section class=\"elementor-section elementor-top-section elementor-element elementor-element-be9a575 elementor-section-height-min-height elementor-section-boxed elementor-section-height-default elementor-section-items-middle wpr-particle-no wpr-jarallax-no wpr-parallax-no\" data-id=\"be9a575\" data-element_type=\"section\" data-settings=\"{&quot;background_background&quot;:&quot;classic&quot;}\" data-e-bg-lazyload=\"\">\n\t\t\t\t\t\t\t<div class=\"elementor-background-overlay\"><\/div>\n\t\t\t\t\t\t\t<div class=\"elementor-container elementor-column-gap-default\">\n\t\t\t\t\t\t\t<div class=\"elementor-row\">\n\t\t\t\t\t<div class=\"elementor-column elementor-col-100 elementor-top-column elementor-element elementor-element-0c79bb7\" data-id=\"0c79bb7\" data-element_type=\"column\">\n\t\t\t<div class=\"elementor-column-wrap elementor-element-populated\">\n\t\t\t\t\t\t\t<div class=\"elementor-widget-wrap\">\n\t\t\t\t\t\t<section class=\"elementor-section elementor-inner-section elementor-element elementor-element-859a457 elementor-section-boxed elementor-section-height-default elementor-section-height-default wpr-particle-no wpr-jarallax-no wpr-parallax-no\" data-id=\"859a457\" data-element_type=\"section\">\n\t\t\t\t\t\t<div class=\"elementor-container elementor-column-gap-default\">\n\t\t\t\t\t\t\t<div class=\"elementor-row\">\n\t\t\t\t\t<div class=\"elementor-column elementor-col-100 elementor-inner-column elementor-element elementor-element-b8e7300\" data-id=\"b8e7300\" data-element_type=\"column\">\n\t\t\t<div class=\"elementor-column-wrap elementor-element-populated\">\n\t\t\t\t\t\t\t<div class=\"elementor-widget-wrap\">\n\t\t\t\t\t\t<div class=\"elementor-element elementor-element-52b913b elementor-invisible elementor-widget elementor-widget-heading\" data-id=\"52b913b\" data-element_type=\"widget\" data-settings=\"{&quot;_animation&quot;:&quot;fadeInDown&quot;}\" data-widget_type=\"heading.default\">\n\t\t\t\t<div class=\"elementor-widget-container\">\n\t\t\t<h1 class=\"elementor-heading-title elementor-size-default\">Servicio M\u00e9dico Estudiantil<\/h1>\t\t<\/div>\n\t\t\t\t<\/div>\n\t\t\t\t<div class=\"elementor-element elementor-element-f6eb9de elementor-invisible elementor-widget elementor-widget-heading\" data-id=\"f6eb9de\" data-element_type=\"widget\" data-settings=\"{&quot;_animation&quot;:&quot;fadeInUp&quot;}\" data-widget_type=\"heading.default\">\n\t\t\t\t<div class=\"elementor-widget-container\">\n\t\t\t<h2 class=\"elementor-heading-title elementor-size-default\">Atenci\u00f3n en salud y apoyo m\u00e9dico para estudiantes<\/h2>\t\t<\/div>\n\t\t\t\t<\/div>\n\t\t\t\t\t\t<\/div>\n\t\t\t\t\t<\/div>\n\t\t<\/div>\n\t\t\t\t\t\t\t\t<\/div>\n\t\t\t\t\t<\/div>\n\t\t<\/section>\n\t\t\t\t\t\t<\/div>\n\t\t\t\t\t<\/div>\n\t\t<\/div>\n\t\t\t\t\t\t\t\t<\/div>\n\t\t\t\t\t<\/div>\n\t\t<\/section>\n\t\t\t\t<section class=\"elementor-section elementor-top-section elementor-element elementor-element-f8d8a41 elementor-section-boxed elementor-section-height-default elementor-section-height-default wpr-particle-no wpr-jarallax-no wpr-parallax-no\" data-id=\"f8d8a41\" data-element_type=\"section\">\n\t\t\t\t\t\t<div class=\"elementor-container elementor-column-gap-default\">\n\t\t\t\t\t\t\t<div class=\"elementor-row\">\n\t\t\t\t\t<div class=\"elementor-column elementor-col-100 elementor-top-column elementor-element elementor-element-47799b5\" data-id=\"47799b5\" data-element_type=\"column\">\n\t\t\t<div class=\"elementor-column-wrap elementor-element-populated\">\n\t\t\t\t\t\t\t<div class=\"elementor-widget-wrap\">\n\t\t\t\t\t\t<div class=\"elementor-element elementor-element-54e2b31 elementor-widget elementor-widget-template\" data-id=\"54e2b31\" data-element_type=\"widget\" data-widget_type=\"template.default\">\n\t\t\t\t<div class=\"elementor-widget-container\">\n\t\t\t\t\t<div class=\"elementor-template\">\n\t\t\t\t\t<div data-elementor-type=\"section\" data-elementor-id=\"643\" class=\"elementor elementor-643\">\n\t\t\t\t\t<div class=\"elementor-section-wrap\">\n\t\t\t\t\t\t\t\t<section class=\"elementor-section elementor-top-section elementor-element elementor-element-5e73f9ce elementor-section-boxed elementor-section-height-default elementor-section-height-default wpr-particle-no wpr-jarallax-no wpr-parallax-no\" data-id=\"5e73f9ce\" data-element_type=\"section\">\n\t\t\t\t\t\t<div class=\"elementor-container elementor-column-gap-default\">\n\t\t\t\t\t\t\t<div class=\"elementor-row\">\n\t\t\t\t\t<div class=\"elementor-column elementor-col-100 elementor-top-column elementor-element elementor-element-1438bcca\" data-id=\"1438bcca\" data-element_type=\"column\">\n\t\t\t<div class=\"elementor-column-wrap elementor-element-populated\">\n\t\t\t\t\t\t\t<div class=\"elementor-widget-wrap\">\n\t\t\t\t\t\t<div class=\"elementor-element elementor-element-a651400 elementor-widget elementor-widget-breadcrumbs\" data-id=\"a651400\" data-element_type=\"widget\" data-widget_type=\"breadcrumbs.default\">\n\t\t\t\t<div class=\"elementor-widget-container\">\n\t\t\t<p id=\"breadcrumbs\"><span><span><a href=\"https:\/\/fcctp.usmp.edu.pe\/site\/\">Inicio<\/a><\/span><\/span><\/p>\t\t<\/div>\n\t\t\t\t<\/div>\n\t\t\t\t\t\t<\/div>\n\t\t\t\t\t<\/div>\n\t\t<\/div>\n\t\t\t\t\t\t\t\t<\/div>\n\t\t\t\t\t<\/div>\n\t\t<\/section>\n\t\t\t\t\t\t\t<\/div>\n\t\t\t\t<\/div>\n\t\t\t\t<\/div>\n\t\t\t\t<\/div>\n\t\t\t\t<\/div>\n\t\t\t\t\t\t<\/div>\n\t\t\t\t\t<\/div>\n\t\t<\/div>\n\t\t\t\t\t\t\t\t<\/div>\n\t\t\t\t\t<\/div>\n\t\t<\/section>\n\t\t<div class=\"elementor-element elementor-element-806cf20 e-flex e-con-boxed wpr-particle-no wpr-jarallax-no wpr-parallax-no e-con\" data-id=\"806cf20\" data-element_type=\"container\" data-settings=\"{&quot;content_width&quot;:&quot;boxed&quot;}\">\n\t\t\t\t\t<div class=\"e-con-inner\">\n\t\t<div class=\"elementor-element elementor-element-a18d766 e-con-full e-flex wpr-particle-no wpr-jarallax-no wpr-parallax-no e-con\" data-id=\"a18d766\" data-element_type=\"container\" data-settings=\"{&quot;content_width&quot;:&quot;full&quot;}\">\n\t\t\t\t<div class=\"elementor-element elementor-element-cdc5074 elementor-widget elementor-widget-heading\" data-id=\"cdc5074\" data-element_type=\"widget\" data-widget_type=\"heading.default\">\n\t\t\t\t<div class=\"elementor-widget-container\">\n\t\t\t<h2 class=\"elementor-heading-title elementor-size-default\">Servicio M\u00e9dico<\/h2>\t\t<\/div>\n\t\t\t\t<\/div>\n\t\t\t\t<\/div>\n\t\t<div class=\"elementor-element elementor-element-a2e6acc e-con-full e-flex wpr-particle-no wpr-jarallax-no wpr-parallax-no e-con\" data-id=\"a2e6acc\" data-element_type=\"container\" data-settings=\"{&quot;content_width&quot;:&quot;full&quot;}\">\n\t\t\t\t<div class=\"elementor-element elementor-element-8429a52 elementor-widget elementor-widget-heading\" data-id=\"8429a52\" data-element_type=\"widget\" data-widget_type=\"heading.default\">\n\t\t\t\t<div class=\"elementor-widget-container\">\n\t\t\t<h2 class=\"elementor-heading-title elementor-size-default\">Ofrecemos los servicios de consultor\u00eda m\u00e9dica, consultor\u00eda en enfermer\u00eda, atenci\u00f3n de urgencias y emergencias en salud, campa\u00f1as y actividades preventivas-promocionales dirigidas a docentes, personal administrativo, alumnado y a toda persona que se encuentre dentro del campus universitario.<\/h2>\t\t<\/div>\n\t\t\t\t<\/div>\n\t\t\t\t<\/div>\n\t\t\t\t\t<\/div>\n\t\t\t\t<\/div>\n\t\t\t\t<section class=\"elementor-section elementor-top-section elementor-element elementor-element-b2ab0b3 elementor-section-boxed elementor-section-height-default elementor-section-height-default wpr-particle-no wpr-jarallax-no wpr-parallax-no\" data-id=\"b2ab0b3\" data-element_type=\"section\">\n\t\t\t\t\t\t<div class=\"elementor-container elementor-column-gap-default\">\n\t\t\t\t\t\t\t<div class=\"elementor-row\">\n\t\t\t\t\t<div class=\"elementor-column elementor-col-100 elementor-top-column elementor-element elementor-element-f233713\" data-id=\"f233713\" data-element_type=\"column\">\n\t\t\t<div class=\"elementor-column-wrap elementor-element-populated\">\n\t\t\t\t\t\t\t<div class=\"elementor-widget-wrap\">\n\t\t\t\t\t\t<div class=\"elementor-element elementor-element-25f4569 elementor-widget__width-auto elementor-widget elementor-widget-heading\" data-id=\"25f4569\" data-element_type=\"widget\" data-widget_type=\"heading.default\">\n\t\t\t\t<div class=\"elementor-widget-container\">\n\t\t\t<div class=\"elementor-heading-title elementor-size-default\">Canales de atenci\u00f3n<\/div>\t\t<\/div>\n\t\t\t\t<\/div>\n\t\t\t\t<div class=\"elementor-element elementor-element-bac039b elementor-widget elementor-widget-spacer\" data-id=\"bac039b\" data-element_type=\"widget\" data-widget_type=\"spacer.default\">\n\t\t\t\t<div class=\"elementor-widget-container\">\n\t\t\t\t\t<div class=\"elementor-spacer\">\n\t\t\t<div class=\"elementor-spacer-inner\"><\/div>\n\t\t<\/div>\n\t\t\t\t<\/div>\n\t\t\t\t<\/div>\n\t\t\t\t<div class=\"elementor-element elementor-element-62bb6a2 elementor-align-left elementor-icon-list--layout-traditional elementor-list-item-link-full_width elementor-widget elementor-widget-icon-list\" data-id=\"62bb6a2\" data-element_type=\"widget\" data-widget_type=\"icon-list.default\">\n\t\t\t\t<div class=\"elementor-widget-container\">\n\t\t\t\t\t<ul class=\"elementor-icon-list-items\">\n\t\t\t\t\t\t\t<li class=\"elementor-icon-list-item\">\n\t\t\t\t\t\t\t\t\t\t\t<span class=\"elementor-icon-list-icon\">\n\t\t\t\t\t\t\t<i aria-hidden=\"true\" class=\"fas fa-envelope\"><\/i>\t\t\t\t\t\t<\/span>\n\t\t\t\t\t\t\t\t\t\t<span class=\"elementor-icon-list-text\">serviciomedico_fcctp@usmp.pe<\/span>\n\t\t\t\t\t\t\t\t\t<\/li>\n\t\t\t\t\t\t\t\t<li class=\"elementor-icon-list-item\">\n\t\t\t\t\t\t\t\t\t\t\t<span class=\"elementor-icon-list-icon\">\n\t\t\t\t\t\t\t<i aria-hidden=\"true\" class=\"fas fa-map-pin\"><\/i>\t\t\t\t\t\t<\/span>\n\t\t\t\t\t\t\t\t\t\t<span class=\"elementor-icon-list-text\">EDIFICIO DE TURISMO Y HOTELER\u00cdA, 1ER PISO<\/span>\n\t\t\t\t\t\t\t\t\t<\/li>\n\t\t\t\t\t\t\t\t<li class=\"elementor-icon-list-item\">\n\t\t\t\t\t\t\t\t\t\t\t<span class=\"elementor-icon-list-icon\">\n\t\t\t\t\t\t\t<i aria-hidden=\"true\" class=\"fas fa-phone-alt\"><\/i>\t\t\t\t\t\t<\/span>\n\t\t\t\t\t\t\t\t\t\t<span class=\"elementor-icon-list-text\">513-6300 | Anexo: 2050<\/span>\n\t\t\t\t\t\t\t\t\t<\/li>\n\t\t\t\t\t\t\t\t<li class=\"elementor-icon-list-item\">\n\t\t\t\t\t\t\t\t\t\t\t<span class=\"elementor-icon-list-icon\">\n\t\t\t\t\t\t\t<i aria-hidden=\"true\" class=\"fas fa-clock\"><\/i>\t\t\t\t\t\t<\/span>\n\t\t\t\t\t\t\t\t\t\t<span class=\"elementor-icon-list-text\">Horario de atenci\u00f3n: Lunes a viernes: 7:30 a. m. a 10:00 p. m. | S\u00e1bado: 7:30 a. m. a 1:00 p. m.<\/span>\n\t\t\t\t\t\t\t\t\t<\/li>\n\t\t\t\t\t\t<\/ul>\n\t\t\t\t<\/div>\n\t\t\t\t<\/div>\n\t\t\t\t\t\t<\/div>\n\t\t\t\t\t<\/div>\n\t\t<\/div>\n\t\t\t\t\t\t\t\t<\/div>\n\t\t\t\t\t<\/div>\n\t\t<\/section>\n\t\t\t\t\t\t\t\t\t<\/div>\n\t\t\t<\/div>\n\t\t\t\t\t<\/div>\n\t\t","protected":false},"excerpt":{"rendered":"<p>Servicio M\u00e9dico Estudiantil Atenci\u00f3n en salud y apoyo m\u00e9dico para estudiantes Servicio M\u00e9dico Ofrecemos los servicios de consultor\u00eda m\u00e9dica, consultor\u00eda en enfermer\u00eda, atenci\u00f3n de urgencias y emergencias en salud, campa\u00f1as y actividades preventivas-promocionales dirigidas a docentes, personal administrativo, alumnado y a toda persona que se encuentre dentro del campus universitario. Canales de atenci\u00f3n serviciomedico_fcctp@usmp.pe EDIFICIO DE TURISMO Y HOTELER\u00cdA, 1ER PISO 513-6300 | Anexo: 2050 Horario de atenci\u00f3n: Lunes a viernes: 7:30 a. m. a 10:00 p. m. | S\u00e1bado: 7:30 a. m. a 1:00 p. m.<\/p>\n","protected":false},"author":1,"featured_media":0,"parent":46988,"menu_order":0,"comment_status":"closed","ping_status":"closed","template":"elementor_header_footer","meta":{"content-type":"","inline_featured_image":false,"footnotes":""},"class_list":["post-48291","page","type-page","status-publish"],"yoast_head":"<!-- This site is optimized with the Yoast SEO plugin v26.5 - https:\/\/yoast.com\/wordpress\/plugins\/seo\/ -->\n<title>Servicio M\u00e9dico - Facultad de Ciencias de la Comunicaci\u00f3n, Turismo y Psicolog\u00eda<\/title>\n<meta name=\"robots\" content=\"index, follow, max-snippet:-1, max-image-preview:large, max-video-preview:-1\" \/>\n<link rel=\"canonical\" href=\"https:\/\/fcctp.usmp.edu.pe\/site\/alumnos\/servicios-estudiante\/servicio-medico\/\" \/>\n<meta property=\"og:locale\" content=\"es_ES\" \/>\n<meta property=\"og:type\" content=\"article\" \/>\n<meta property=\"og:title\" content=\"Servicio M\u00e9dico - Facultad de Ciencias de la Comunicaci\u00f3n, Turismo y Psicolog\u00eda\" \/>\n<meta property=\"og:description\" content=\"Servicio M\u00e9dico Estudiantil Atenci\u00f3n en salud y apoyo m\u00e9dico para estudiantes Servicio M\u00e9dico Ofrecemos los servicios de consultor\u00eda m\u00e9dica, consultor\u00eda en enfermer\u00eda, atenci\u00f3n de urgencias y emergencias en salud, campa\u00f1as y actividades preventivas-promocionales dirigidas a docentes, personal administrativo, alumnado y a toda persona que se encuentre dentro del campus universitario. Canales de atenci\u00f3n serviciomedico_fcctp@usmp.pe EDIFICIO DE TURISMO Y HOTELER\u00cdA, 1ER PISO 513-6300 | Anexo: 2050 Horario de atenci\u00f3n: Lunes a viernes: 7:30 a. m. a 10:00 p. m. | S\u00e1bado: 7:30 a. m. a 1:00 p. m.\" \/>\n<meta property=\"og:url\" content=\"https:\/\/fcctp.usmp.edu.pe\/site\/alumnos\/servicios-estudiante\/servicio-medico\/\" \/>\n<meta property=\"og:site_name\" content=\"Facultad de Ciencias de la Comunicaci\u00f3n, Turismo y Psicolog\u00eda\" \/>\n<meta property=\"article:publisher\" content=\"https:\/\/www.facebook.com\/fcctp\" \/>\n<meta property=\"article:modified_time\" content=\"2026-03-29T01:27:38+00:00\" \/>\n<meta property=\"og:image\" content=\"https:\/\/fcctp.usmp.edu.pe\/site\/wp-content\/uploads\/2024\/11\/logo-fcctp.jpg\" \/>\n\t<meta property=\"og:image:width\" content=\"480\" \/>\n\t<meta property=\"og:image:height\" content=\"283\" \/>\n\t<meta property=\"og:image:type\" content=\"image\/jpeg\" \/>\n<meta name=\"twitter:card\" content=\"summary_large_image\" \/>\n<meta name=\"twitter:label1\" content=\"Tiempo de lectura\" \/>\n\t<meta name=\"twitter:data1\" content=\"1 minuto\" \/>\n<script type=\"application\/ld+json\" class=\"yoast-schema-graph\">{\"@context\":\"https:\/\/schema.org\",\"@graph\":[{\"@type\":\"WebPage\",\"@id\":\"https:\/\/fcctp.usmp.edu.pe\/site\/alumnos\/servicios-estudiante\/servicio-medico\/\",\"url\":\"https:\/\/fcctp.usmp.edu.pe\/site\/alumnos\/servicios-estudiante\/servicio-medico\/\",\"name\":\"Servicio M\u00e9dico - Facultad de Ciencias de la Comunicaci\u00f3n, Turismo y Psicolog\u00eda\",\"isPartOf\":{\"@id\":\"https:\/\/fcctp.usmp.edu.pe\/site\/#website\"},\"datePublished\":\"2025-12-22T14:31:05+00:00\",\"dateModified\":\"2026-03-29T01:27:38+00:00\",\"breadcrumb\":{\"@id\":\"https:\/\/fcctp.usmp.edu.pe\/site\/alumnos\/servicios-estudiante\/servicio-medico\/#breadcrumb\"},\"inLanguage\":\"es\",\"potentialAction\":[{\"@type\":\"ReadAction\",\"target\":[\"https:\/\/fcctp.usmp.edu.pe\/site\/alumnos\/servicios-estudiante\/servicio-medico\/\"]}]},{\"@type\":\"BreadcrumbList\",\"@id\":\"https:\/\/fcctp.usmp.edu.pe\/site\/alumnos\/servicios-estudiante\/servicio-medico\/#breadcrumb\",\"itemListElement\":[{\"@type\":\"ListItem\",\"position\":1,\"name\":\"Inicio\",\"item\":\"https:\/\/fcctp.usmp.edu.pe\/site\/\"},{\"@type\":\"ListItem\",\"position\":2,\"name\":\"Alumnos\",\"item\":\"https:\/\/fcctp.usmp.edu.pe\/site\/alumnos\/\"},{\"@type\":\"ListItem\",\"position\":3,\"name\":\"Servicios al Estudiante\",\"item\":\"https:\/\/fcctp.usmp.edu.pe\/site\/alumnos\/servicios-estudiante\/\"},{\"@type\":\"ListItem\",\"position\":4,\"name\":\"Servicio M\u00e9dico\",\"item\":\"https:\/\/fcctp.usmp.edu.pe\/site\/alumnos\/servicios-estudiante\/servicio-medico\/\"}]},{\"@type\":\"WebSite\",\"@id\":\"https:\/\/fcctp.usmp.edu.pe\/site\/#website\",\"url\":\"https:\/\/fcctp.usmp.edu.pe\/site\/\",\"name\":\"Facultad de Ciencias de la Comunicaci\u00f3n, Turismo y Psicolog\u00eda\",\"description\":\"Universidad de San Mart\u00edn de Porres\",\"publisher\":{\"@id\":\"https:\/\/fcctp.usmp.edu.pe\/site\/#organization\"},\"alternateName\":\"FCCTP\",\"potentialAction\":[{\"@type\":\"SearchAction\",\"target\":{\"@type\":\"EntryPoint\",\"urlTemplate\":\"https:\/\/fcctp.usmp.edu.pe\/site\/?s={search_term_string}\"},\"query-input\":{\"@type\":\"PropertyValueSpecification\",\"valueRequired\":true,\"valueName\":\"search_term_string\"}}],\"inLanguage\":\"es\"},{\"@type\":\"Organization\",\"@id\":\"https:\/\/fcctp.usmp.edu.pe\/site\/#organization\",\"name\":\"Facultad de Ciencias de la Comunicaci\u00f3n, Turismo y Psicolog\u00eda\",\"alternateName\":\"USMP\",\"url\":\"https:\/\/fcctp.usmp.edu.pe\/site\/\",\"logo\":{\"@type\":\"ImageObject\",\"inLanguage\":\"es\",\"@id\":\"https:\/\/fcctp.usmp.edu.pe\/site\/#\/schema\/logo\/image\/\",\"url\":\"https:\/\/fcctp.usmp.edu.pe\/site\/wp-content\/uploads\/2024\/11\/icono-fcctp.jpg\",\"contentUrl\":\"https:\/\/fcctp.usmp.edu.pe\/site\/wp-content\/uploads\/2024\/11\/icono-fcctp.jpg\",\"width\":143,\"height\":151,\"caption\":\"Facultad de Ciencias de la Comunicaci\u00f3n, Turismo y Psicolog\u00eda\"},\"image\":{\"@id\":\"https:\/\/fcctp.usmp.edu.pe\/site\/#\/schema\/logo\/image\/\"},\"sameAs\":[\"https:\/\/www.facebook.com\/fcctp\"]}]}<\/script>\n<!-- \/ Yoast SEO plugin. -->","yoast_head_json":{"title":"Servicio M\u00e9dico - Facultad de Ciencias de la Comunicaci\u00f3n, Turismo y Psicolog\u00eda","robots":{"index":"index","follow":"follow","max-snippet":"max-snippet:-1","max-image-preview":"max-image-preview:large","max-video-preview":"max-video-preview:-1"},"canonical":"https:\/\/fcctp.usmp.edu.pe\/site\/alumnos\/servicios-estudiante\/servicio-medico\/","og_locale":"es_ES","og_type":"article","og_title":"Servicio M\u00e9dico - Facultad de Ciencias de la Comunicaci\u00f3n, Turismo y Psicolog\u00eda","og_description":"Servicio M\u00e9dico Estudiantil Atenci\u00f3n en salud y apoyo m\u00e9dico para estudiantes Servicio M\u00e9dico Ofrecemos los servicios de consultor\u00eda m\u00e9dica, consultor\u00eda en enfermer\u00eda, atenci\u00f3n de urgencias y emergencias en salud, campa\u00f1as y actividades preventivas-promocionales dirigidas a docentes, personal administrativo, alumnado y a toda persona que se encuentre dentro del campus universitario. Canales de atenci\u00f3n serviciomedico_fcctp@usmp.pe EDIFICIO DE TURISMO Y HOTELER\u00cdA, 1ER PISO 513-6300 | Anexo: 2050 Horario de atenci\u00f3n: Lunes a viernes: 7:30 a. m. a 10:00 p. m. | S\u00e1bado: 7:30 a. m. a 1:00 p. m.","og_url":"https:\/\/fcctp.usmp.edu.pe\/site\/alumnos\/servicios-estudiante\/servicio-medico\/","og_site_name":"Facultad de Ciencias de la Comunicaci\u00f3n, Turismo y Psicolog\u00eda","article_publisher":"https:\/\/www.facebook.com\/fcctp","article_modified_time":"2026-03-29T01:27:38+00:00","og_image":[{"width":480,"height":283,"url":"https:\/\/fcctp.usmp.edu.pe\/site\/wp-content\/uploads\/2024\/11\/logo-fcctp.jpg","type":"image\/jpeg"}],"twitter_card":"summary_large_image","twitter_misc":{"Tiempo de lectura":"1 minuto"},"schema":{"@context":"https:\/\/schema.org","@graph":[{"@type":"WebPage","@id":"https:\/\/fcctp.usmp.edu.pe\/site\/alumnos\/servicios-estudiante\/servicio-medico\/","url":"https:\/\/fcctp.usmp.edu.pe\/site\/alumnos\/servicios-estudiante\/servicio-medico\/","name":"Servicio M\u00e9dico - Facultad de Ciencias de la Comunicaci\u00f3n, Turismo y Psicolog\u00eda","isPartOf":{"@id":"https:\/\/fcctp.usmp.edu.pe\/site\/#website"},"datePublished":"2025-12-22T14:31:05+00:00","dateModified":"2026-03-29T01:27:38+00:00","breadcrumb":{"@id":"https:\/\/fcctp.usmp.edu.pe\/site\/alumnos\/servicios-estudiante\/servicio-medico\/#breadcrumb"},"inLanguage":"es","potentialAction":[{"@type":"ReadAction","target":["https:\/\/fcctp.usmp.edu.pe\/site\/alumnos\/servicios-estudiante\/servicio-medico\/"]}]},{"@type":"BreadcrumbList","@id":"https:\/\/fcctp.usmp.edu.pe\/site\/alumnos\/servicios-estudiante\/servicio-medico\/#breadcrumb","itemListElement":[{"@type":"ListItem","position":1,"name":"Inicio","item":"https:\/\/fcctp.usmp.edu.pe\/site\/"},{"@type":"ListItem","position":2,"name":"Alumnos","item":"https:\/\/fcctp.usmp.edu.pe\/site\/alumnos\/"},{"@type":"ListItem","position":3,"name":"Servicios al Estudiante","item":"https:\/\/fcctp.usmp.edu.pe\/site\/alumnos\/servicios-estudiante\/"},{"@type":"ListItem","position":4,"name":"Servicio M\u00e9dico","item":"https:\/\/fcctp.usmp.edu.pe\/site\/alumnos\/servicios-estudiante\/servicio-medico\/"}]},{"@type":"WebSite","@id":"https:\/\/fcctp.usmp.edu.pe\/site\/#website","url":"https:\/\/fcctp.usmp.edu.pe\/site\/","name":"Facultad de Ciencias de la Comunicaci\u00f3n, Turismo y Psicolog\u00eda","description":"Universidad de San Mart\u00edn de Porres","publisher":{"@id":"https:\/\/fcctp.usmp.edu.pe\/site\/#organization"},"alternateName":"FCCTP","potentialAction":[{"@type":"SearchAction","target":{"@type":"EntryPoint","urlTemplate":"https:\/\/fcctp.usmp.edu.pe\/site\/?s={search_term_string}"},"query-input":{"@type":"PropertyValueSpecification","valueRequired":true,"valueName":"search_term_string"}}],"inLanguage":"es"},{"@type":"Organization","@id":"https:\/\/fcctp.usmp.edu.pe\/site\/#organization","name":"Facultad de Ciencias de la Comunicaci\u00f3n, Turismo y Psicolog\u00eda","alternateName":"USMP","url":"https:\/\/fcctp.usmp.edu.pe\/site\/","logo":{"@type":"ImageObject","inLanguage":"es","@id":"https:\/\/fcctp.usmp.edu.pe\/site\/#\/schema\/logo\/image\/","url":"https:\/\/fcctp.usmp.edu.pe\/site\/wp-content\/uploads\/2024\/11\/icono-fcctp.jpg","contentUrl":"https:\/\/fcctp.usmp.edu.pe\/site\/wp-content\/uploads\/2024\/11\/icono-fcctp.jpg","width":143,"height":151,"caption":"Facultad de Ciencias de la Comunicaci\u00f3n, Turismo y Psicolog\u00eda"},"image":{"@id":"https:\/\/fcctp.usmp.edu.pe\/site\/#\/schema\/logo\/image\/"},"sameAs":["https:\/\/www.facebook.com\/fcctp"]}]}},"_links":{"self":[{"href":"https:\/\/fcctp.usmp.edu.pe\/site\/wp-json\/wp\/v2\/pages\/48291","targetHints":{"allow":["GET"]}}],"collection":[{"href":"https:\/\/fcctp.usmp.edu.pe\/site\/wp-json\/wp\/v2\/pages"}],"about":[{"href":"https:\/\/fcctp.usmp.edu.pe\/site\/wp-json\/wp\/v2\/types\/page"}],"author":[{"embeddable":true,"href":"https:\/\/fcctp.usmp.edu.pe\/site\/wp-json\/wp\/v2\/users\/1"}],"replies":[{"embeddable":true,"href":"https:\/\/fcctp.usmp.edu.pe\/site\/wp-json\/wp\/v2\/comments?post=48291"}],"version-history":[{"count":19,"href":"https:\/\/fcctp.usmp.edu.pe\/site\/wp-json\/wp\/v2\/pages\/48291\/revisions"}],"predecessor-version":[{"id":54541,"href":"https:\/\/fcctp.usmp.edu.pe\/site\/wp-json\/wp\/v2\/pages\/48291\/revisions\/54541"}],"up":[{"embeddable":true,"href":"https:\/\/fcctp.usmp.edu.pe\/site\/wp-json\/wp\/v2\/pages\/46988"}],"wp:attachment":[{"href":"https:\/\/fcctp.usmp.edu.pe\/site\/wp-json\/wp\/v2\/media?parent=48291"}],"curies":[{"name":"wp","href":"https:\/\/api.w.org\/{rel}","templated":true}]}}