{"id":47933,"date":"2025-12-19T06:59:52","date_gmt":"2025-12-19T11:59:52","guid":{"rendered":"https:\/\/fcctp.usmp.edu.pe\/site\/?page_id=47933"},"modified":"2026-03-28T22:17:48","modified_gmt":"2026-03-29T03:17:48","slug":"alumnos-posgrado","status":"publish","type":"page","link":"https:\/\/fcctp.usmp.edu.pe\/site\/alumnos\/servicios-estudiante\/registros-academicos\/alumnos-posgrado\/","title":{"rendered":"Alumnos Posgrado"},"content":{"rendered":"\t\t<div data-elementor-type=\"wp-page\" data-elementor-id=\"47933\" class=\"elementor elementor-47933\">\n\t\t\t\t\t\t<div class=\"elementor-inner\">\n\t\t\t\t<div class=\"elementor-section-wrap\">\n\t\t\t\t\t\t\t\t\t<section class=\"elementor-section elementor-top-section elementor-element elementor-element-210452f elementor-section-height-min-height elementor-section-boxed elementor-section-height-default elementor-section-items-middle wpr-particle-no wpr-jarallax-no wpr-parallax-no\" data-id=\"210452f\" data-element_type=\"section\" data-settings=\"{&quot;background_background&quot;:&quot;classic&quot;}\" data-e-bg-lazyload=\"\">\n\t\t\t\t\t\t\t<div class=\"elementor-background-overlay\"><\/div>\n\t\t\t\t\t\t\t<div class=\"elementor-container elementor-column-gap-default\">\n\t\t\t\t\t\t\t<div class=\"elementor-row\">\n\t\t\t\t\t<div class=\"elementor-column elementor-col-100 elementor-top-column elementor-element elementor-element-6a984e9\" data-id=\"6a984e9\" data-element_type=\"column\">\n\t\t\t<div class=\"elementor-column-wrap elementor-element-populated\">\n\t\t\t\t\t\t\t<div class=\"elementor-widget-wrap\">\n\t\t\t\t\t\t<section class=\"elementor-section elementor-inner-section elementor-element elementor-element-c0e555a elementor-section-boxed elementor-section-height-default elementor-section-height-default wpr-particle-no wpr-jarallax-no wpr-parallax-no\" data-id=\"c0e555a\" data-element_type=\"section\">\n\t\t\t\t\t\t<div class=\"elementor-container elementor-column-gap-default\">\n\t\t\t\t\t\t\t<div class=\"elementor-row\">\n\t\t\t\t\t<div class=\"elementor-column elementor-col-100 elementor-inner-column elementor-element elementor-element-8da8a05\" data-id=\"8da8a05\" data-element_type=\"column\">\n\t\t\t<div class=\"elementor-column-wrap elementor-element-populated\">\n\t\t\t\t\t\t\t<div class=\"elementor-widget-wrap\">\n\t\t\t\t\t\t<div class=\"elementor-element elementor-element-9d8359a elementor-invisible elementor-widget elementor-widget-heading\" data-id=\"9d8359a\" data-element_type=\"widget\" data-settings=\"{&quot;_animation&quot;:&quot;fadeInUp&quot;}\" data-widget_type=\"heading.default\">\n\t\t\t\t<div class=\"elementor-widget-container\">\n\t\t\t<h2 class=\"elementor-heading-title elementor-size-default\">Registros Acad\u00e9micos<\/h2>\t\t<\/div>\n\t\t\t\t<\/div>\n\t\t\t\t<div class=\"elementor-element elementor-element-20509f6 elementor-invisible elementor-widget elementor-widget-heading\" data-id=\"20509f6\" data-element_type=\"widget\" data-settings=\"{&quot;_animation&quot;:&quot;fadeInDown&quot;}\" data-widget_type=\"heading.default\">\n\t\t\t\t<div class=\"elementor-widget-container\">\n\t\t\t<h1 class=\"elementor-heading-title elementor-size-default\">Alumnos Posgrado<\/h1>\t\t<\/div>\n\t\t\t\t<\/div>\n\t\t\t\t\t\t<\/div>\n\t\t\t\t\t<\/div>\n\t\t<\/div>\n\t\t\t\t\t\t\t\t<\/div>\n\t\t\t\t\t<\/div>\n\t\t<\/section>\n\t\t\t\t\t\t<\/div>\n\t\t\t\t\t<\/div>\n\t\t<\/div>\n\t\t\t\t\t\t\t\t<\/div>\n\t\t\t\t\t<\/div>\n\t\t<\/section>\n\t\t\t\t<section class=\"elementor-section elementor-top-section elementor-element elementor-element-2ced9ff elementor-section-boxed elementor-section-height-default elementor-section-height-default wpr-particle-no wpr-jarallax-no wpr-parallax-no\" data-id=\"2ced9ff\" data-element_type=\"section\">\n\t\t\t\t\t\t<div class=\"elementor-container elementor-column-gap-default\">\n\t\t\t\t\t\t\t<div class=\"elementor-row\">\n\t\t\t\t\t<div class=\"elementor-column elementor-col-100 elementor-top-column elementor-element elementor-element-05a9745\" data-id=\"05a9745\" data-element_type=\"column\">\n\t\t\t<div class=\"elementor-column-wrap elementor-element-populated\">\n\t\t\t\t\t\t\t<div class=\"elementor-widget-wrap\">\n\t\t\t\t\t\t<div class=\"elementor-element elementor-element-dbd25c5 elementor-widget elementor-widget-template\" data-id=\"dbd25c5\" data-element_type=\"widget\" data-widget_type=\"template.default\">\n\t\t\t\t<div class=\"elementor-widget-container\">\n\t\t\t\t\t<div class=\"elementor-template\">\n\t\t\t\t\t<div data-elementor-type=\"section\" data-elementor-id=\"643\" class=\"elementor elementor-643\">\n\t\t\t\t\t<div class=\"elementor-section-wrap\">\n\t\t\t\t\t\t\t\t<section class=\"elementor-section elementor-top-section elementor-element elementor-element-5e73f9ce elementor-section-boxed elementor-section-height-default elementor-section-height-default wpr-particle-no wpr-jarallax-no wpr-parallax-no\" data-id=\"5e73f9ce\" data-element_type=\"section\">\n\t\t\t\t\t\t<div class=\"elementor-container elementor-column-gap-default\">\n\t\t\t\t\t\t\t<div class=\"elementor-row\">\n\t\t\t\t\t<div class=\"elementor-column elementor-col-100 elementor-top-column elementor-element elementor-element-1438bcca\" data-id=\"1438bcca\" data-element_type=\"column\">\n\t\t\t<div class=\"elementor-column-wrap elementor-element-populated\">\n\t\t\t\t\t\t\t<div class=\"elementor-widget-wrap\">\n\t\t\t\t\t\t<div class=\"elementor-element elementor-element-a651400 elementor-widget elementor-widget-breadcrumbs\" data-id=\"a651400\" data-element_type=\"widget\" data-widget_type=\"breadcrumbs.default\">\n\t\t\t\t<div class=\"elementor-widget-container\">\n\t\t\t<p id=\"breadcrumbs\"><span><span><a href=\"https:\/\/fcctp.usmp.edu.pe\/site\/\">Inicio<\/a><\/span><\/span><\/p>\t\t<\/div>\n\t\t\t\t<\/div>\n\t\t\t\t\t\t<\/div>\n\t\t\t\t\t<\/div>\n\t\t<\/div>\n\t\t\t\t\t\t\t\t<\/div>\n\t\t\t\t\t<\/div>\n\t\t<\/section>\n\t\t\t\t\t\t\t<\/div>\n\t\t\t\t<\/div>\n\t\t\t\t<\/div>\n\t\t\t\t<\/div>\n\t\t\t\t<\/div>\n\t\t\t\t\t\t<\/div>\n\t\t\t\t\t<\/div>\n\t\t<\/div>\n\t\t\t\t\t\t\t\t<\/div>\n\t\t\t\t\t<\/div>\n\t\t<\/section>\n\t\t<div class=\"elementor-element elementor-element-731196f e-flex e-con-boxed wpr-particle-no wpr-jarallax-no wpr-parallax-no e-con\" data-id=\"731196f\" data-element_type=\"container\" data-settings=\"{&quot;content_width&quot;:&quot;boxed&quot;}\">\n\t\t\t\t\t<div class=\"e-con-inner\">\n\t\t\t\t<div class=\"elementor-element elementor-element-f982390 elementor-widget elementor-widget-template\" data-id=\"f982390\" data-element_type=\"widget\" data-widget_type=\"template.default\">\n\t\t\t\t<div class=\"elementor-widget-container\">\n\t\t\t\t\t<div class=\"elementor-template\">\n\t\t\t\t\t<div data-elementor-type=\"section\" data-elementor-id=\"47708\" class=\"elementor elementor-47708\">\n\t\t\t\t\t<div class=\"elementor-section-wrap\">\n\t\t\t\t\t\t<div class=\"elementor-element elementor-element-8ffd6e3 e-flex e-con-boxed wpr-particle-no wpr-jarallax-no wpr-parallax-no e-con\" data-id=\"8ffd6e3\" data-element_type=\"container\" data-settings=\"{&quot;content_width&quot;:&quot;boxed&quot;}\">\n\t\t\t\t\t<div class=\"e-con-inner\">\n\t\t<div class=\"elementor-element elementor-element-df3650e e-flex e-con-boxed wpr-particle-no wpr-jarallax-no wpr-parallax-no e-con\" data-id=\"df3650e\" data-element_type=\"container\" data-settings=\"{&quot;background_background&quot;:&quot;classic&quot;,&quot;content_width&quot;:&quot;boxed&quot;}\">\n\t\t\t\t\t<div class=\"e-con-inner\">\n\t\t\t\t<div class=\"elementor-element elementor-element-751d745 elementor-widget elementor-widget-heading\" data-id=\"751d745\" data-element_type=\"widget\" data-widget_type=\"heading.default\">\n\t\t\t\t<div class=\"elementor-widget-container\">\n\t\t\t<div class=\"elementor-heading-title elementor-size-default\">Alumnos Posgrado<\/div>\t\t<\/div>\n\t\t\t\t<\/div>\n\t\t\t\t\t<\/div>\n\t\t\t\t<\/div>\n\t\t<div class=\"elementor-element elementor-element-483e7b2 e-flex e-con-boxed wpr-particle-no wpr-jarallax-no wpr-parallax-no e-con\" data-id=\"483e7b2\" data-element_type=\"container\" data-settings=\"{&quot;content_width&quot;:&quot;boxed&quot;}\">\n\t\t\t\t\t<div class=\"e-con-inner\">\n\t\t\t\t<div class=\"elementor-element elementor-element-39ce71a elementor-widget elementor-widget-html\" data-id=\"39ce71a\" data-element_type=\"widget\" data-widget_type=\"html.default\">\n\t\t\t\t<div class=\"elementor-widget-container\">\n\t\t\t<select class=\"combo-navegacion\" onchange=\"if (this.value) window.location.href=this.value\">\r\n    <option value=\"\" selected disabled>Seleccionar opci\u00f3n...<\/option>    \r\n    <option value=\"https:\/\/fcctp.usmp.edu.pe\/site\/alumnos\/servicios-estudiante\/registros-academicos\/\">Oficina de Registros Acad\u00e9micos<\/option>\r\n    <option value=\"https:\/\/fcctp.usmp.edu.pe\/site\/alumnos\/servicios-estudiante\/registros-academicos\/alumnos-pregrado\/\">Alumnos Pregrado<\/option>\r\n    <option value=\"https:\/\/fcctp.usmp.edu.pe\/site\/alumnos\/servicios-estudiante\/registros-academicos\/alumnos-posgrado\/\">Alumnos Posgrado<\/option>\r\n    <option value=\"https:\/\/fcctp.usmp.edu.pe\/site\/alumnos\/servicios-estudiante\/registros-academicos\/constancias-y-certificados\/\">Constancias y Certificados<\/option>\r\n    <option value=\"https:\/\/fcctp.usmp.edu.pe\/site\/alumnos\/servicios-estudiante\/registros-academicos\/tramites-y-consultas-online\/\">Tr\u00e1mites y Consultas Online<\/option>\r\n    <option value=\"https:\/\/fcctp.usmp.edu.pe\/site\/alumnos\/servicios-estudiante\/registros-academicos\/preguntas-y-respuestas\/\">Preguntas y Respuestas<\/option>\r\n<\/select>\t\t<\/div>\n\t\t\t\t<\/div>\n\t\t\t\t\t<\/div>\n\t\t\t\t<\/div>\n\t\t\t\t\t<\/div>\n\t\t\t\t<\/div>\n\t\t\t\t\t\t\t<\/div>\n\t\t\t\t<\/div>\n\t\t\t\t<\/div>\n\t\t\t\t<\/div>\n\t\t\t\t<\/div>\n\t\t\t\t\t<\/div>\n\t\t\t\t<\/div>\n\t\t<div class=\"elementor-element elementor-element-0f82863 e-flex e-con-boxed wpr-particle-no wpr-jarallax-no wpr-parallax-no e-con\" data-id=\"0f82863\" data-element_type=\"container\" data-settings=\"{&quot;content_width&quot;:&quot;boxed&quot;}\">\n\t\t\t\t\t<div class=\"e-con-inner\">\n\t\t<div class=\"elementor-element elementor-element-fcbae91 e-con-full e-flex wpr-particle-no wpr-jarallax-no wpr-parallax-no e-con\" data-id=\"fcbae91\" data-element_type=\"container\" data-settings=\"{&quot;content_width&quot;:&quot;full&quot;}\">\n\t\t\t\t<div class=\"elementor-element elementor-element-ca2b91e elementor-widget elementor-widget-heading\" data-id=\"ca2b91e\" data-element_type=\"widget\" data-widget_type=\"heading.default\">\n\t\t\t\t<div class=\"elementor-widget-container\">\n\t\t\t<div class=\"elementor-heading-title elementor-size-default\">Seleccione una de las opciones:<\/div>\t\t<\/div>\n\t\t\t\t<\/div>\n\t\t\t\t<\/div>\n\t\t\t\t\t<\/div>\n\t\t\t\t<\/div>\n\t\t<div class=\"elementor-element elementor-element-fd0cad7 e-flex e-con-boxed wpr-particle-no wpr-jarallax-no wpr-parallax-no e-con\" data-id=\"fd0cad7\" data-element_type=\"container\" data-settings=\"{&quot;content_width&quot;:&quot;boxed&quot;}\">\n\t\t\t\t\t<div class=\"e-con-inner\">\n\t\t<div class=\"elementor-element elementor-element-b5f13dd e-con-full e-flex wpr-particle-no wpr-jarallax-no wpr-parallax-no e-con\" data-id=\"b5f13dd\" data-element_type=\"container\" data-settings=\"{&quot;content_width&quot;:&quot;full&quot;}\">\n\t\t\t\t<div class=\"elementor-element elementor-element-1c29fde btnsec elementor-cta--skin-classic elementor-animated-content elementor-bg-transform elementor-bg-transform-zoom-in elementor-widget elementor-widget-call-to-action\" data-id=\"1c29fde\" data-element_type=\"widget\" data-widget_type=\"call-to-action.default\">\n\t\t\t\t<div class=\"elementor-widget-container\">\n\t\t\t\t\t<div class=\"elementor-cta\">\n\t\t\t\t\t<div class=\"elementor-cta__bg-wrapper\">\n\t\t\t\t<div class=\"elementor-cta__bg elementor-bg\" style=\"background-image: url(https:\/\/fcctp.usmp.edu.pe\/site\/wp-content\/uploads\/2025\/12\/crono.jpg);\"><\/div>\n\t\t\t\t<div class=\"elementor-cta__bg-overlay\"><\/div>\n\t\t\t<\/div>\n\t\t\t\t\t\t\t<div class=\"elementor-cta__content\">\n\t\t\t\t\n\t\t\t\t<h2 class=\"elementor-cta__title elementor-cta__content-item elementor-content-item\">Cronograma de Matr\u00edcula<\/h2>\n\t\t\t\t\n\t\t\t\t\t\t\t\t\t<div class=\"elementor-cta__button-wrapper elementor-cta__content-item elementor-content-item \">\n\t\t\t\t\t<a class=\"elementor-cta__button elementor-button elementor-size-md\" href=\"https:\/\/fcctp.usmp.edu.pe\/site\/alumnos\/servicios-estudiante\/registros-academicos\/alumnos-posgrado\/cronograma-de-matricula\/\">\n\t\t\t\t\t\tIngresar\t\t\t\t\t<\/a>\n\t\t\t\t\t<\/div>\n\t\t\t\t\t\t\t<\/div>\n\t\t\t\t\t\t<\/div>\n\t\t\t\t<\/div>\n\t\t\t\t<\/div>\n\t\t\t\t<\/div>\n\t\t<div class=\"elementor-element elementor-element-553b34a e-con-full e-flex wpr-particle-no wpr-jarallax-no wpr-parallax-no e-con\" data-id=\"553b34a\" data-element_type=\"container\" data-settings=\"{&quot;content_width&quot;:&quot;full&quot;}\">\n\t\t\t\t<div class=\"elementor-element elementor-element-897a674 btnsec elementor-cta--skin-classic elementor-animated-content elementor-bg-transform elementor-bg-transform-zoom-in elementor-widget elementor-widget-call-to-action\" data-id=\"897a674\" data-element_type=\"widget\" data-widget_type=\"call-to-action.default\">\n\t\t\t\t<div class=\"elementor-widget-container\">\n\t\t\t\t\t<div class=\"elementor-cta\">\n\t\t\t\t\t<div class=\"elementor-cta__bg-wrapper\">\n\t\t\t\t<div class=\"elementor-cta__bg elementor-bg\" style=\"background-image: url(https:\/\/fcctp.usmp.edu.pe\/site\/wp-content\/uploads\/2025\/12\/procesos-acad-pos.jpg);\"><\/div>\n\t\t\t\t<div class=\"elementor-cta__bg-overlay\"><\/div>\n\t\t\t<\/div>\n\t\t\t\t\t\t\t<div class=\"elementor-cta__content\">\n\t\t\t\t\n\t\t\t\t<h2 class=\"elementor-cta__title elementor-cta__content-item elementor-content-item\">Procesos Acad\u00e9micos<\/h2>\n\t\t\t\t\n\t\t\t\t\t\t\t\t\t<div class=\"elementor-cta__button-wrapper elementor-cta__content-item elementor-content-item \">\n\t\t\t\t\t<a class=\"elementor-cta__button elementor-button elementor-size-md\" href=\"https:\/\/fcctp.usmp.edu.pe\/site\/alumnos\/servicios-estudiante\/registros-academicos\/alumnos-posgrado\/procesos-academicos\/\">\n\t\t\t\t\t\tIngresar\t\t\t\t\t<\/a>\n\t\t\t\t\t<\/div>\n\t\t\t\t\t\t\t<\/div>\n\t\t\t\t\t\t<\/div>\n\t\t\t\t<\/div>\n\t\t\t\t<\/div>\n\t\t\t\t<\/div>\n\t\t\t\t\t<\/div>\n\t\t\t\t<\/div>\n\t\t<div class=\"elementor-element elementor-element-a8e56e8 e-flex e-con-boxed wpr-particle-no wpr-jarallax-no wpr-parallax-no e-con\" data-id=\"a8e56e8\" data-element_type=\"container\" data-settings=\"{&quot;content_width&quot;:&quot;boxed&quot;}\">\n\t\t\t\t\t<div class=\"e-con-inner\">\n\t\t\t\t<div class=\"elementor-element elementor-element-6ff2936 elementor-widget elementor-widget-spacer\" data-id=\"6ff2936\" data-element_type=\"widget\" data-widget_type=\"spacer.default\">\n\t\t\t\t<div class=\"elementor-widget-container\">\n\t\t\t\t\t<div class=\"elementor-spacer\">\n\t\t\t<div class=\"elementor-spacer-inner\"><\/div>\n\t\t<\/div>\n\t\t\t\t<\/div>\n\t\t\t\t<\/div>\n\t\t\t\t\t<\/div>\n\t\t\t\t<\/div>\n\t\t\t\t\t\t\t\t\t<\/div>\n\t\t\t<\/div>\n\t\t\t\t\t<\/div>\n\t\t","protected":false},"excerpt":{"rendered":"<p>Registros Acad\u00e9micos Alumnos Posgrado Seleccione una de las opciones: Cronograma de Matr\u00edcula Ingresar Procesos Acad\u00e9micos Ingresar<\/p>\n","protected":false},"author":1,"featured_media":0,"parent":47640,"menu_order":0,"comment_status":"closed","ping_status":"closed","template":"elementor_header_footer","meta":{"content-type":"","inline_featured_image":false,"footnotes":""},"class_list":["post-47933","page","type-page","status-publish"],"yoast_head":"<!-- This site is optimized with the Yoast SEO plugin v26.5 - https:\/\/yoast.com\/wordpress\/plugins\/seo\/ -->\n<title>Alumnos Posgrado - Facultad de Ciencias de la Comunicaci\u00f3n, Turismo y Psicolog\u00eda<\/title>\n<meta name=\"robots\" content=\"index, follow, max-snippet:-1, max-image-preview:large, max-video-preview:-1\" \/>\n<link rel=\"canonical\" href=\"https:\/\/fcctp.usmp.edu.pe\/site\/alumnos\/servicios-estudiante\/registros-academicos\/alumnos-posgrado\/\" \/>\n<meta property=\"og:locale\" content=\"es_ES\" \/>\n<meta property=\"og:type\" content=\"article\" \/>\n<meta property=\"og:title\" content=\"Alumnos Posgrado - Facultad de Ciencias de la Comunicaci\u00f3n, Turismo y Psicolog\u00eda\" \/>\n<meta property=\"og:description\" content=\"Registros Acad\u00e9micos Alumnos Posgrado Seleccione una de las opciones: Cronograma de Matr\u00edcula Ingresar Procesos Acad\u00e9micos Ingresar\" \/>\n<meta property=\"og:url\" content=\"https:\/\/fcctp.usmp.edu.pe\/site\/alumnos\/servicios-estudiante\/registros-academicos\/alumnos-posgrado\/\" \/>\n<meta property=\"og:site_name\" content=\"Facultad de Ciencias de la Comunicaci\u00f3n, Turismo y Psicolog\u00eda\" \/>\n<meta property=\"article:publisher\" content=\"https:\/\/www.facebook.com\/fcctp\" \/>\n<meta property=\"article:modified_time\" content=\"2026-03-29T03:17:48+00:00\" \/>\n<meta property=\"og:image\" content=\"https:\/\/fcctp.usmp.edu.pe\/site\/wp-content\/uploads\/2024\/11\/logo-fcctp.jpg\" \/>\n\t<meta property=\"og:image:width\" content=\"480\" \/>\n\t<meta property=\"og:image:height\" content=\"283\" \/>\n\t<meta property=\"og:image:type\" content=\"image\/jpeg\" \/>\n<meta name=\"twitter:card\" content=\"summary_large_image\" \/>\n<meta name=\"twitter:label1\" content=\"Tiempo de lectura\" \/>\n\t<meta name=\"twitter:data1\" content=\"1 minuto\" \/>\n<script type=\"application\/ld+json\" class=\"yoast-schema-graph\">{\"@context\":\"https:\/\/schema.org\",\"@graph\":[{\"@type\":\"WebPage\",\"@id\":\"https:\/\/fcctp.usmp.edu.pe\/site\/alumnos\/servicios-estudiante\/registros-academicos\/alumnos-posgrado\/\",\"url\":\"https:\/\/fcctp.usmp.edu.pe\/site\/alumnos\/servicios-estudiante\/registros-academicos\/alumnos-posgrado\/\",\"name\":\"Alumnos Posgrado - Facultad de Ciencias de la Comunicaci\u00f3n, Turismo y Psicolog\u00eda\",\"isPartOf\":{\"@id\":\"https:\/\/fcctp.usmp.edu.pe\/site\/#website\"},\"datePublished\":\"2025-12-19T11:59:52+00:00\",\"dateModified\":\"2026-03-29T03:17:48+00:00\",\"breadcrumb\":{\"@id\":\"https:\/\/fcctp.usmp.edu.pe\/site\/alumnos\/servicios-estudiante\/registros-academicos\/alumnos-posgrado\/#breadcrumb\"},\"inLanguage\":\"es\",\"potentialAction\":[{\"@type\":\"ReadAction\",\"target\":[\"https:\/\/fcctp.usmp.edu.pe\/site\/alumnos\/servicios-estudiante\/registros-academicos\/alumnos-posgrado\/\"]}]},{\"@type\":\"BreadcrumbList\",\"@id\":\"https:\/\/fcctp.usmp.edu.pe\/site\/alumnos\/servicios-estudiante\/registros-academicos\/alumnos-posgrado\/#breadcrumb\",\"itemListElement\":[{\"@type\":\"ListItem\",\"position\":1,\"name\":\"Inicio\",\"item\":\"https:\/\/fcctp.usmp.edu.pe\/site\/\"},{\"@type\":\"ListItem\",\"position\":2,\"name\":\"Alumnos\",\"item\":\"https:\/\/fcctp.usmp.edu.pe\/site\/alumnos\/\"},{\"@type\":\"ListItem\",\"position\":3,\"name\":\"Servicios al Estudiante\",\"item\":\"https:\/\/fcctp.usmp.edu.pe\/site\/alumnos\/servicios-estudiante\/\"},{\"@type\":\"ListItem\",\"position\":4,\"name\":\"Registros acad\u00e9micos\",\"item\":\"https:\/\/fcctp.usmp.edu.pe\/site\/alumnos\/servicios-estudiante\/registros-academicos\/\"},{\"@type\":\"ListItem\",\"position\":5,\"name\":\"Alumnos Posgrado\",\"item\":\"https:\/\/fcctp.usmp.edu.pe\/site\/alumnos\/servicios-estudiante\/registros-academicos\/alumnos-posgrado\/\"}]},{\"@type\":\"WebSite\",\"@id\":\"https:\/\/fcctp.usmp.edu.pe\/site\/#website\",\"url\":\"https:\/\/fcctp.usmp.edu.pe\/site\/\",\"name\":\"Facultad de Ciencias de la Comunicaci\u00f3n, Turismo y Psicolog\u00eda\",\"description\":\"Universidad de San Mart\u00edn de Porres\",\"publisher\":{\"@id\":\"https:\/\/fcctp.usmp.edu.pe\/site\/#organization\"},\"alternateName\":\"FCCTP\",\"potentialAction\":[{\"@type\":\"SearchAction\",\"target\":{\"@type\":\"EntryPoint\",\"urlTemplate\":\"https:\/\/fcctp.usmp.edu.pe\/site\/?s={search_term_string}\"},\"query-input\":{\"@type\":\"PropertyValueSpecification\",\"valueRequired\":true,\"valueName\":\"search_term_string\"}}],\"inLanguage\":\"es\"},{\"@type\":\"Organization\",\"@id\":\"https:\/\/fcctp.usmp.edu.pe\/site\/#organization\",\"name\":\"Facultad de Ciencias de la Comunicaci\u00f3n, Turismo y Psicolog\u00eda\",\"alternateName\":\"USMP\",\"url\":\"https:\/\/fcctp.usmp.edu.pe\/site\/\",\"logo\":{\"@type\":\"ImageObject\",\"inLanguage\":\"es\",\"@id\":\"https:\/\/fcctp.usmp.edu.pe\/site\/#\/schema\/logo\/image\/\",\"url\":\"https:\/\/fcctp.usmp.edu.pe\/site\/wp-content\/uploads\/2024\/11\/icono-fcctp.jpg\",\"contentUrl\":\"https:\/\/fcctp.usmp.edu.pe\/site\/wp-content\/uploads\/2024\/11\/icono-fcctp.jpg\",\"width\":143,\"height\":151,\"caption\":\"Facultad de Ciencias de la Comunicaci\u00f3n, Turismo y Psicolog\u00eda\"},\"image\":{\"@id\":\"https:\/\/fcctp.usmp.edu.pe\/site\/#\/schema\/logo\/image\/\"},\"sameAs\":[\"https:\/\/www.facebook.com\/fcctp\"]}]}<\/script>\n<!-- \/ Yoast SEO plugin. -->","yoast_head_json":{"title":"Alumnos Posgrado - Facultad de Ciencias de la Comunicaci\u00f3n, Turismo y Psicolog\u00eda","robots":{"index":"index","follow":"follow","max-snippet":"max-snippet:-1","max-image-preview":"max-image-preview:large","max-video-preview":"max-video-preview:-1"},"canonical":"https:\/\/fcctp.usmp.edu.pe\/site\/alumnos\/servicios-estudiante\/registros-academicos\/alumnos-posgrado\/","og_locale":"es_ES","og_type":"article","og_title":"Alumnos Posgrado - Facultad de Ciencias de la Comunicaci\u00f3n, Turismo y Psicolog\u00eda","og_description":"Registros Acad\u00e9micos Alumnos Posgrado Seleccione una de las opciones: Cronograma de Matr\u00edcula Ingresar Procesos Acad\u00e9micos Ingresar","og_url":"https:\/\/fcctp.usmp.edu.pe\/site\/alumnos\/servicios-estudiante\/registros-academicos\/alumnos-posgrado\/","og_site_name":"Facultad de Ciencias de la Comunicaci\u00f3n, Turismo y Psicolog\u00eda","article_publisher":"https:\/\/www.facebook.com\/fcctp","article_modified_time":"2026-03-29T03:17:48+00:00","og_image":[{"width":480,"height":283,"url":"https:\/\/fcctp.usmp.edu.pe\/site\/wp-content\/uploads\/2024\/11\/logo-fcctp.jpg","type":"image\/jpeg"}],"twitter_card":"summary_large_image","twitter_misc":{"Tiempo de lectura":"1 minuto"},"schema":{"@context":"https:\/\/schema.org","@graph":[{"@type":"WebPage","@id":"https:\/\/fcctp.usmp.edu.pe\/site\/alumnos\/servicios-estudiante\/registros-academicos\/alumnos-posgrado\/","url":"https:\/\/fcctp.usmp.edu.pe\/site\/alumnos\/servicios-estudiante\/registros-academicos\/alumnos-posgrado\/","name":"Alumnos Posgrado - Facultad de Ciencias de la Comunicaci\u00f3n, Turismo y Psicolog\u00eda","isPartOf":{"@id":"https:\/\/fcctp.usmp.edu.pe\/site\/#website"},"datePublished":"2025-12-19T11:59:52+00:00","dateModified":"2026-03-29T03:17:48+00:00","breadcrumb":{"@id":"https:\/\/fcctp.usmp.edu.pe\/site\/alumnos\/servicios-estudiante\/registros-academicos\/alumnos-posgrado\/#breadcrumb"},"inLanguage":"es","potentialAction":[{"@type":"ReadAction","target":["https:\/\/fcctp.usmp.edu.pe\/site\/alumnos\/servicios-estudiante\/registros-academicos\/alumnos-posgrado\/"]}]},{"@type":"BreadcrumbList","@id":"https:\/\/fcctp.usmp.edu.pe\/site\/alumnos\/servicios-estudiante\/registros-academicos\/alumnos-posgrado\/#breadcrumb","itemListElement":[{"@type":"ListItem","position":1,"name":"Inicio","item":"https:\/\/fcctp.usmp.edu.pe\/site\/"},{"@type":"ListItem","position":2,"name":"Alumnos","item":"https:\/\/fcctp.usmp.edu.pe\/site\/alumnos\/"},{"@type":"ListItem","position":3,"name":"Servicios al Estudiante","item":"https:\/\/fcctp.usmp.edu.pe\/site\/alumnos\/servicios-estudiante\/"},{"@type":"ListItem","position":4,"name":"Registros acad\u00e9micos","item":"https:\/\/fcctp.usmp.edu.pe\/site\/alumnos\/servicios-estudiante\/registros-academicos\/"},{"@type":"ListItem","position":5,"name":"Alumnos Posgrado","item":"https:\/\/fcctp.usmp.edu.pe\/site\/alumnos\/servicios-estudiante\/registros-academicos\/alumnos-posgrado\/"}]},{"@type":"WebSite","@id":"https:\/\/fcctp.usmp.edu.pe\/site\/#website","url":"https:\/\/fcctp.usmp.edu.pe\/site\/","name":"Facultad de Ciencias de la Comunicaci\u00f3n, Turismo y Psicolog\u00eda","description":"Universidad de San Mart\u00edn de Porres","publisher":{"@id":"https:\/\/fcctp.usmp.edu.pe\/site\/#organization"},"alternateName":"FCCTP","potentialAction":[{"@type":"SearchAction","target":{"@type":"EntryPoint","urlTemplate":"https:\/\/fcctp.usmp.edu.pe\/site\/?s={search_term_string}"},"query-input":{"@type":"PropertyValueSpecification","valueRequired":true,"valueName":"search_term_string"}}],"inLanguage":"es"},{"@type":"Organization","@id":"https:\/\/fcctp.usmp.edu.pe\/site\/#organization","name":"Facultad de Ciencias de la Comunicaci\u00f3n, Turismo y Psicolog\u00eda","alternateName":"USMP","url":"https:\/\/fcctp.usmp.edu.pe\/site\/","logo":{"@type":"ImageObject","inLanguage":"es","@id":"https:\/\/fcctp.usmp.edu.pe\/site\/#\/schema\/logo\/image\/","url":"https:\/\/fcctp.usmp.edu.pe\/site\/wp-content\/uploads\/2024\/11\/icono-fcctp.jpg","contentUrl":"https:\/\/fcctp.usmp.edu.pe\/site\/wp-content\/uploads\/2024\/11\/icono-fcctp.jpg","width":143,"height":151,"caption":"Facultad de Ciencias de la Comunicaci\u00f3n, Turismo y Psicolog\u00eda"},"image":{"@id":"https:\/\/fcctp.usmp.edu.pe\/site\/#\/schema\/logo\/image\/"},"sameAs":["https:\/\/www.facebook.com\/fcctp"]}]}},"_links":{"self":[{"href":"https:\/\/fcctp.usmp.edu.pe\/site\/wp-json\/wp\/v2\/pages\/47933","targetHints":{"allow":["GET"]}}],"collection":[{"href":"https:\/\/fcctp.usmp.edu.pe\/site\/wp-json\/wp\/v2\/pages"}],"about":[{"href":"https:\/\/fcctp.usmp.edu.pe\/site\/wp-json\/wp\/v2\/types\/page"}],"author":[{"embeddable":true,"href":"https:\/\/fcctp.usmp.edu.pe\/site\/wp-json\/wp\/v2\/users\/1"}],"replies":[{"embeddable":true,"href":"https:\/\/fcctp.usmp.edu.pe\/site\/wp-json\/wp\/v2\/comments?post=47933"}],"version-history":[{"count":29,"href":"https:\/\/fcctp.usmp.edu.pe\/site\/wp-json\/wp\/v2\/pages\/47933\/revisions"}],"predecessor-version":[{"id":54621,"href":"https:\/\/fcctp.usmp.edu.pe\/site\/wp-json\/wp\/v2\/pages\/47933\/revisions\/54621"}],"up":[{"embeddable":true,"href":"https:\/\/fcctp.usmp.edu.pe\/site\/wp-json\/wp\/v2\/pages\/47640"}],"wp:attachment":[{"href":"https:\/\/fcctp.usmp.edu.pe\/site\/wp-json\/wp\/v2\/media?parent=47933"}],"curies":[{"name":"wp","href":"https:\/\/api.w.org\/{rel}","templated":true}]}}