{"id":47198,"date":"2025-12-16T11:56:33","date_gmt":"2025-12-16T16:56:33","guid":{"rendered":"https:\/\/fcctp.usmp.edu.pe\/site\/?page_id=47198"},"modified":"2026-03-28T23:59:19","modified_gmt":"2026-03-29T04:59:19","slug":"horarios","status":"publish","type":"page","link":"https:\/\/fcctp.usmp.edu.pe\/site\/alumnos\/servicios-estudiante\/horarios\/","title":{"rendered":"Horarios"},"content":{"rendered":"\t\t<div data-elementor-type=\"wp-page\" data-elementor-id=\"47198\" class=\"elementor elementor-47198\">\n\t\t\t\t\t\t<div class=\"elementor-inner\">\n\t\t\t\t<div class=\"elementor-section-wrap\">\n\t\t\t\t\t\t\t\t\t<section class=\"elementor-section elementor-top-section elementor-element elementor-element-ff94528 elementor-section-height-min-height elementor-section-boxed elementor-section-height-default elementor-section-items-middle wpr-particle-no wpr-jarallax-no wpr-parallax-no\" data-id=\"ff94528\" data-element_type=\"section\" data-settings=\"{&quot;background_background&quot;:&quot;classic&quot;}\" data-e-bg-lazyload=\"\">\n\t\t\t\t\t\t\t<div class=\"elementor-background-overlay\"><\/div>\n\t\t\t\t\t\t\t<div class=\"elementor-container elementor-column-gap-default\">\n\t\t\t\t\t\t\t<div class=\"elementor-row\">\n\t\t\t\t\t<div class=\"elementor-column elementor-col-100 elementor-top-column elementor-element elementor-element-a614f2e\" data-id=\"a614f2e\" data-element_type=\"column\">\n\t\t\t<div class=\"elementor-column-wrap elementor-element-populated\">\n\t\t\t\t\t\t\t<div class=\"elementor-widget-wrap\">\n\t\t\t\t<div class=\"elementor-element elementor-element-31996c2 e-con-full e-flex wpr-particle-no wpr-jarallax-no wpr-parallax-no e-con\" data-id=\"31996c2\" data-element_type=\"container\" data-settings=\"{&quot;content_width&quot;:&quot;full&quot;}\">\n\t\t<div class=\"elementor-element elementor-element-48d530b e-con-full e-flex wpr-particle-no wpr-jarallax-no wpr-parallax-no e-con\" data-id=\"48d530b\" data-element_type=\"container\" data-settings=\"{&quot;content_width&quot;:&quot;full&quot;}\">\n\t\t\t\t<div class=\"elementor-element elementor-element-270f6af elementor-invisible elementor-widget elementor-widget-heading\" data-id=\"270f6af\" data-element_type=\"widget\" data-settings=\"{&quot;_animation&quot;:&quot;fadeInDown&quot;}\" data-widget_type=\"heading.default\">\n\t\t\t\t<div class=\"elementor-widget-container\">\n\t\t\t<h1 class=\"elementor-heading-title elementor-size-default\">Horarios Acad\u00e9micos 2026\u200b<\/h1>\t\t<\/div>\n\t\t\t\t<\/div>\n\t\t\t\t<div class=\"elementor-element elementor-element-0c0b2f5 elementor-invisible elementor-widget elementor-widget-heading\" data-id=\"0c0b2f5\" data-element_type=\"widget\" data-settings=\"{&quot;_animation&quot;:&quot;fadeInUp&quot;}\" data-widget_type=\"heading.default\">\n\t\t\t\t<div class=\"elementor-widget-container\">\n\t\t\t<h2 class=\"elementor-heading-title elementor-size-default\">Encuentra aqu\u00ed los horarios actualizados de clases por ciclo, escuela y modalidad. Descarga tu horario y planifica tu semestre.<\/h2>\t\t<\/div>\n\t\t\t\t<\/div>\n\t\t\t\t<\/div>\n\t\t\t\t<\/div>\n\t\t\t\t\t\t<\/div>\n\t\t\t\t\t<\/div>\n\t\t<\/div>\n\t\t\t\t\t\t\t\t<\/div>\n\t\t\t\t\t<\/div>\n\t\t<\/section>\n\t\t\t\t<section class=\"elementor-section elementor-top-section elementor-element elementor-element-f311a07 elementor-section-boxed elementor-section-height-default elementor-section-height-default wpr-particle-no wpr-jarallax-no wpr-parallax-no\" data-id=\"f311a07\" data-element_type=\"section\">\n\t\t\t\t\t\t<div class=\"elementor-container elementor-column-gap-default\">\n\t\t\t\t\t\t\t<div class=\"elementor-row\">\n\t\t\t\t\t<div class=\"elementor-column elementor-col-100 elementor-top-column elementor-element elementor-element-3eb3de9\" data-id=\"3eb3de9\" data-element_type=\"column\">\n\t\t\t<div class=\"elementor-column-wrap elementor-element-populated\">\n\t\t\t\t\t\t\t<div class=\"elementor-widget-wrap\">\n\t\t\t\t\t\t<div class=\"elementor-element elementor-element-8951bc3 elementor-widget elementor-widget-template\" data-id=\"8951bc3\" data-element_type=\"widget\" data-widget_type=\"template.default\">\n\t\t\t\t<div class=\"elementor-widget-container\">\n\t\t\t\t\t<div class=\"elementor-template\">\n\t\t\t\t\t<div data-elementor-type=\"section\" data-elementor-id=\"643\" class=\"elementor elementor-643\">\n\t\t\t\t\t<div class=\"elementor-section-wrap\">\n\t\t\t\t\t\t\t\t<section class=\"elementor-section elementor-top-section elementor-element elementor-element-5e73f9ce elementor-section-boxed elementor-section-height-default elementor-section-height-default wpr-particle-no wpr-jarallax-no wpr-parallax-no\" data-id=\"5e73f9ce\" data-element_type=\"section\">\n\t\t\t\t\t\t<div class=\"elementor-container elementor-column-gap-default\">\n\t\t\t\t\t\t\t<div class=\"elementor-row\">\n\t\t\t\t\t<div class=\"elementor-column elementor-col-100 elementor-top-column elementor-element elementor-element-1438bcca\" data-id=\"1438bcca\" data-element_type=\"column\">\n\t\t\t<div class=\"elementor-column-wrap elementor-element-populated\">\n\t\t\t\t\t\t\t<div class=\"elementor-widget-wrap\">\n\t\t\t\t\t\t<div class=\"elementor-element elementor-element-a651400 elementor-widget elementor-widget-breadcrumbs\" data-id=\"a651400\" data-element_type=\"widget\" data-widget_type=\"breadcrumbs.default\">\n\t\t\t\t<div class=\"elementor-widget-container\">\n\t\t\t<p id=\"breadcrumbs\"><span><span><a href=\"https:\/\/fcctp.usmp.edu.pe\/site\/\">Inicio<\/a><\/span><\/span><\/p>\t\t<\/div>\n\t\t\t\t<\/div>\n\t\t\t\t\t\t<\/div>\n\t\t\t\t\t<\/div>\n\t\t<\/div>\n\t\t\t\t\t\t\t\t<\/div>\n\t\t\t\t\t<\/div>\n\t\t<\/section>\n\t\t\t\t\t\t\t<\/div>\n\t\t\t\t<\/div>\n\t\t\t\t<\/div>\n\t\t\t\t<\/div>\n\t\t\t\t<\/div>\n\t\t\t\t\t\t<\/div>\n\t\t\t\t\t<\/div>\n\t\t<\/div>\n\t\t\t\t\t\t\t\t<\/div>\n\t\t\t\t\t<\/div>\n\t\t<\/section>\n\t\t\t\t<section class=\"elementor-section elementor-top-section elementor-element elementor-element-e2f52c9 elementor-section-boxed elementor-section-height-default elementor-section-height-default wpr-particle-no wpr-jarallax-no wpr-parallax-no\" data-id=\"e2f52c9\" data-element_type=\"section\">\n\t\t\t\t\t\t<div class=\"elementor-container elementor-column-gap-default\">\n\t\t\t\t\t\t\t<div class=\"elementor-row\">\n\t\t\t\t\t<div class=\"elementor-column elementor-col-100 elementor-top-column elementor-element elementor-element-49bfc7a\" data-id=\"49bfc7a\" data-element_type=\"column\">\n\t\t\t<div class=\"elementor-column-wrap elementor-element-populated\">\n\t\t\t\t\t\t\t<div class=\"elementor-widget-wrap\">\n\t\t\t\t\t\t<div class=\"elementor-element elementor-element-8d8261d fuente-libre elementor-widget elementor-widget-heading\" data-id=\"8d8261d\" data-element_type=\"widget\" data-widget_type=\"heading.default\">\n\t\t\t\t<div class=\"elementor-widget-container\">\n\t\t\t<div class=\"elementor-heading-title elementor-size-default\">Horarios para el Semestre 2026-I<\/div>\t\t<\/div>\n\t\t\t\t<\/div>\n\t\t\t\t\t\t<\/div>\n\t\t\t\t\t<\/div>\n\t\t<\/div>\n\t\t\t\t\t\t\t\t<\/div>\n\t\t\t\t\t<\/div>\n\t\t<\/section>\n\t\t\t\t<section class=\"elementor-section elementor-top-section elementor-element elementor-element-991f460 elementor-section-boxed elementor-section-height-default elementor-section-height-default wpr-particle-no wpr-jarallax-no wpr-parallax-no\" data-id=\"991f460\" data-element_type=\"section\">\n\t\t\t\t\t\t<div class=\"elementor-container elementor-column-gap-default\">\n\t\t\t\t\t\t\t<div class=\"elementor-row\">\n\t\t\t\t\t<div class=\"elementor-column elementor-col-100 elementor-top-column elementor-element elementor-element-0e0ee37\" data-id=\"0e0ee37\" data-element_type=\"column\">\n\t\t\t<div class=\"elementor-column-wrap elementor-element-populated\">\n\t\t\t\t\t\t\t<div class=\"elementor-widget-wrap\">\n\t\t\t\t\t\t<div class=\"elementor-element elementor-element-8ff2d9f elementor-widget__width-auto elementor-widget elementor-widget-heading\" data-id=\"8ff2d9f\" data-element_type=\"widget\" data-widget_type=\"heading.default\">\n\t\t\t\t<div class=\"elementor-widget-container\">\n\t\t\t<h2 class=\"elementor-heading-title elementor-size-default\">Semestre 2026-I (marzo a junio)<\/h2>\t\t<\/div>\n\t\t\t\t<\/div>\n\t\t\t\t<div class=\"elementor-element elementor-element-4329f31 elementor-widget__width-initial elementor-widget elementor-widget-text-editor\" data-id=\"4329f31\" data-element_type=\"widget\" data-widget_type=\"text-editor.default\">\n\t\t\t\t<div class=\"elementor-widget-container\">\n\t\t\t\t\t\t\t\t<div class=\"elementor-text-editor elementor-clearfix\">\n\t\t\t\t<p><span data-olk-copy-source=\"MessageBody\">Si te encuentras entre el primer y el d\u00e9cimo ciclo de las carreras de Turismo y Hoteler\u00eda, Ciencias de la Comunicaci\u00f3n y Psicolog\u00eda, compartimos contigo nuestra plataforma virtual, espacio en el que visualizar\u00e1s tus horarios para el presente semestre.<\/span><\/p>\t\t\t\t\t<\/div>\n\t\t\t\t\t\t<\/div>\n\t\t\t\t<\/div>\n\t\t\t\t<div class=\"elementor-element elementor-element-ace1b7b elementor-widget elementor-widget-spacer\" data-id=\"ace1b7b\" data-element_type=\"widget\" data-widget_type=\"spacer.default\">\n\t\t\t\t<div class=\"elementor-widget-container\">\n\t\t\t\t\t<div class=\"elementor-spacer\">\n\t\t\t<div class=\"elementor-spacer-inner\"><\/div>\n\t\t<\/div>\n\t\t\t\t<\/div>\n\t\t\t\t<\/div>\n\t\t\t\t<div class=\"elementor-element elementor-element-481e5ea elementor-widget__width-auto elementor-widget elementor-widget-heading\" data-id=\"481e5ea\" data-element_type=\"widget\" data-widget_type=\"heading.default\">\n\t\t\t\t<div class=\"elementor-widget-container\">\n\t\t\t<h2 class=\"elementor-heading-title elementor-size-default\">Pasos a seguir:<\/h2>\t\t<\/div>\n\t\t\t\t<\/div>\n\t\t\t\t\t\t<\/div>\n\t\t\t\t\t<\/div>\n\t\t<\/div>\n\t\t\t\t\t\t\t\t<\/div>\n\t\t\t\t\t<\/div>\n\t\t<\/section>\n\t\t\t\t<section class=\"elementor-section elementor-top-section elementor-element elementor-element-4b837d1 elementor-section-boxed elementor-section-height-default elementor-section-height-default wpr-particle-no wpr-jarallax-no wpr-parallax-no\" data-id=\"4b837d1\" data-element_type=\"section\">\n\t\t\t\t\t\t<div class=\"elementor-container elementor-column-gap-default\">\n\t\t\t\t\t\t\t<div class=\"elementor-row\">\n\t\t\t\t\t<div class=\"elementor-column elementor-col-100 elementor-top-column elementor-element elementor-element-4a8b7de\" data-id=\"4a8b7de\" data-element_type=\"column\">\n\t\t\t<div class=\"elementor-column-wrap elementor-element-populated\">\n\t\t\t\t\t\t\t<div class=\"elementor-widget-wrap\">\n\t\t\t\t\t\t<div class=\"elementor-element elementor-element-af0c24d elementor-widget elementor-widget-spacer\" data-id=\"af0c24d\" data-element_type=\"widget\" data-widget_type=\"spacer.default\">\n\t\t\t\t<div class=\"elementor-widget-container\">\n\t\t\t\t\t<div class=\"elementor-spacer\">\n\t\t\t<div class=\"elementor-spacer-inner\"><\/div>\n\t\t<\/div>\n\t\t\t\t<\/div>\n\t\t\t\t<\/div>\n\t\t\t\t<div class=\"elementor-element elementor-element-0fa7f50 elementor-icon-list--layout-traditional elementor-list-item-link-full_width elementor-widget elementor-widget-icon-list\" data-id=\"0fa7f50\" data-element_type=\"widget\" data-widget_type=\"icon-list.default\">\n\t\t\t\t<div class=\"elementor-widget-container\">\n\t\t\t\t\t<ul class=\"elementor-icon-list-items\">\n\t\t\t\t\t\t\t<li class=\"elementor-icon-list-item\">\n\t\t\t\t\t\t\t\t\t\t\t<span class=\"elementor-icon-list-icon\">\n\t\t\t\t\t\t\t<i aria-hidden=\"true\" class=\"fas fa-check\"><\/i>\t\t\t\t\t\t<\/span>\n\t\t\t\t\t\t\t\t\t\t<span class=\"elementor-icon-list-text\">Ingresa al bot\u00f3n que aparece a continuaci\u00f3n: <a href=\"https:\/\/app.powerbi.com\/view?r=eyJrIjoiNDBjYmRiNjktNGEwOS00ZjBjLWJkYjEtZGY5NGQ3OWI3N2I4IiwidCI6Ijk4MjAxZmVmLWQ5ZjYtNGU2OC04NGY1LWMyNzA1MDc0ZTM0MiIsImMiOjR9\" target=\"_blank\" class=\"btnlink\">Horarios FCCTP<\/a><\/span>\n\t\t\t\t\t\t\t\t\t<\/li>\n\t\t\t\t\t\t\t\t<li class=\"elementor-icon-list-item\">\n\t\t\t\t\t\t\t\t\t\t\t<span class=\"elementor-icon-list-icon\">\n\t\t\t\t\t\t\t<i aria-hidden=\"true\" class=\"fas fa-check\"><\/i>\t\t\t\t\t\t<\/span>\n\t\t\t\t\t\t\t\t\t\t<span class=\"elementor-icon-list-text\">En las pesta\u00f1as inferiores, filtra tu escuela<\/span>\n\t\t\t\t\t\t\t\t\t<\/li>\n\t\t\t\t\t\t\t\t<li class=\"elementor-icon-list-item\">\n\t\t\t\t\t\t\t\t\t\t\t<span class=\"elementor-icon-list-icon\">\n\t\t\t\t\t\t\t<i aria-hidden=\"true\" class=\"fas fa-check\"><\/i>\t\t\t\t\t\t<\/span>\n\t\t\t\t\t\t\t\t\t\t<span class=\"elementor-icon-list-text\">En las pesta\u00f1as superiores, filtra tu ciclo y asignatura<\/span>\n\t\t\t\t\t\t\t\t\t<\/li>\n\t\t\t\t\t\t\t\t<li class=\"elementor-icon-list-item\">\n\t\t\t\t\t\t\t\t\t\t\t<span class=\"elementor-icon-list-icon\">\n\t\t\t\t\t\t\t<i aria-hidden=\"true\" class=\"fas fa-check\"><\/i>\t\t\t\t\t\t<\/span>\n\t\t\t\t\t\t\t\t\t\t<span class=\"elementor-icon-list-text\">Verifica tu asignatura y secci\u00f3n<\/span>\n\t\t\t\t\t\t\t\t\t<\/li>\n\t\t\t\t\t\t\t\t<li class=\"elementor-icon-list-item\">\n\t\t\t\t\t\t\t\t\t\t\t<span class=\"elementor-icon-list-icon\">\n\t\t\t\t\t\t\t<i aria-hidden=\"true\" class=\"fas fa-check\"><\/i>\t\t\t\t\t\t<\/span>\n\t\t\t\t\t\t\t\t\t\t<span class=\"elementor-icon-list-text\">Te recomendamos realizar estos pasos desde tu PC<\/span>\n\t\t\t\t\t\t\t\t\t<\/li>\n\t\t\t\t\t\t<\/ul>\n\t\t\t\t<\/div>\n\t\t\t\t<\/div>\n\t\t\t\t\t\t<\/div>\n\t\t\t\t\t<\/div>\n\t\t<\/div>\n\t\t\t\t\t\t\t\t<\/div>\n\t\t\t\t\t<\/div>\n\t\t<\/section>\n\t\t\t\t<section class=\"elementor-section elementor-top-section elementor-element elementor-element-e2746a9 elementor-section-boxed elementor-section-height-default elementor-section-height-default wpr-particle-no wpr-jarallax-no wpr-parallax-no\" data-id=\"e2746a9\" data-element_type=\"section\">\n\t\t\t\t\t\t<div class=\"elementor-container elementor-column-gap-default\">\n\t\t\t\t\t\t\t<div class=\"elementor-row\">\n\t\t\t\t\t<div class=\"elementor-column elementor-col-100 elementor-top-column elementor-element elementor-element-0926e91\" data-id=\"0926e91\" data-element_type=\"column\">\n\t\t\t<div class=\"elementor-column-wrap elementor-element-populated\">\n\t\t\t\t\t\t\t<div class=\"elementor-widget-wrap\">\n\t\t\t\t\t\t<div class=\"elementor-element elementor-element-69e56ea elementor-widget elementor-widget-spacer\" data-id=\"69e56ea\" data-element_type=\"widget\" data-widget_type=\"spacer.default\">\n\t\t\t\t<div class=\"elementor-widget-container\">\n\t\t\t\t\t<div class=\"elementor-spacer\">\n\t\t\t<div class=\"elementor-spacer-inner\"><\/div>\n\t\t<\/div>\n\t\t\t\t<\/div>\n\t\t\t\t<\/div>\n\t\t\t\t\t\t<\/div>\n\t\t\t\t\t<\/div>\n\t\t<\/div>\n\t\t\t\t\t\t\t\t<\/div>\n\t\t\t\t\t<\/div>\n\t\t<\/section>\n\t\t\t\t\t\t\t\t\t<\/div>\n\t\t\t<\/div>\n\t\t\t\t\t<\/div>\n\t\t","protected":false},"excerpt":{"rendered":"<p>Horarios Acad\u00e9micos 2026\u200b Encuentra aqu\u00ed los horarios actualizados de clases por ciclo, escuela y modalidad. Descarga tu horario y planifica tu semestre. Horarios para el Semestre 2026-I Semestre 2026-I (marzo a junio) Si te encuentras entre el primer y el d\u00e9cimo ciclo de las carreras de Turismo y Hoteler\u00eda, Ciencias de la Comunicaci\u00f3n y Psicolog\u00eda, compartimos contigo nuestra plataforma virtual, espacio en el que visualizar\u00e1s tus horarios para el presente semestre. Pasos a seguir: Ingresa al bot\u00f3n que aparece a continuaci\u00f3n: Horarios FCCTP En las pesta\u00f1as inferiores, filtra tu escuela En las pesta\u00f1as superiores, filtra tu ciclo y asignatura Verifica tu asignatura y secci\u00f3n Te recomendamos realizar estos pasos desde tu PC<\/p>\n","protected":false},"author":4,"featured_media":0,"parent":46988,"menu_order":0,"comment_status":"closed","ping_status":"closed","template":"elementor_header_footer","meta":{"content-type":"","inline_featured_image":false,"footnotes":""},"class_list":["post-47198","page","type-page","status-publish"],"yoast_head":"<!-- This site is optimized with the Yoast SEO plugin v26.5 - https:\/\/yoast.com\/wordpress\/plugins\/seo\/ -->\n<title>Horarios - Facultad de Ciencias de la Comunicaci\u00f3n, Turismo y Psicolog\u00eda<\/title>\n<meta name=\"robots\" content=\"index, follow, max-snippet:-1, max-image-preview:large, max-video-preview:-1\" \/>\n<link rel=\"canonical\" href=\"https:\/\/fcctp.usmp.edu.pe\/site\/alumnos\/servicios-estudiante\/horarios\/\" \/>\n<meta property=\"og:locale\" content=\"es_ES\" \/>\n<meta property=\"og:type\" content=\"article\" \/>\n<meta property=\"og:title\" content=\"Horarios - Facultad de Ciencias de la Comunicaci\u00f3n, Turismo y Psicolog\u00eda\" \/>\n<meta property=\"og:description\" content=\"Horarios Acad\u00e9micos 2026\u200b Encuentra aqu\u00ed los horarios actualizados de clases por ciclo, escuela y modalidad. Descarga tu horario y planifica tu semestre. Horarios para el Semestre 2026-I Semestre 2026-I (marzo a junio) Si te encuentras entre el primer y el d\u00e9cimo ciclo de las carreras de Turismo y Hoteler\u00eda, Ciencias de la Comunicaci\u00f3n y Psicolog\u00eda, compartimos contigo nuestra plataforma virtual, espacio en el que visualizar\u00e1s tus horarios para el presente semestre. Pasos a seguir: Ingresa al bot\u00f3n que aparece a continuaci\u00f3n: Horarios FCCTP En las pesta\u00f1as inferiores, filtra tu escuela En las pesta\u00f1as superiores, filtra tu ciclo y asignatura Verifica tu asignatura y secci\u00f3n Te recomendamos realizar estos pasos desde tu PC\" \/>\n<meta property=\"og:url\" content=\"https:\/\/fcctp.usmp.edu.pe\/site\/alumnos\/servicios-estudiante\/horarios\/\" \/>\n<meta property=\"og:site_name\" content=\"Facultad de Ciencias de la Comunicaci\u00f3n, Turismo y Psicolog\u00eda\" \/>\n<meta property=\"article:publisher\" content=\"https:\/\/www.facebook.com\/fcctp\" \/>\n<meta property=\"article:modified_time\" content=\"2026-03-29T04:59:19+00:00\" \/>\n<meta property=\"og:image\" content=\"https:\/\/fcctp.usmp.edu.pe\/site\/wp-content\/uploads\/2024\/11\/logo-fcctp.jpg\" \/>\n\t<meta property=\"og:image:width\" content=\"480\" \/>\n\t<meta property=\"og:image:height\" content=\"283\" \/>\n\t<meta property=\"og:image:type\" content=\"image\/jpeg\" \/>\n<meta name=\"twitter:card\" content=\"summary_large_image\" \/>\n<meta name=\"twitter:label1\" content=\"Tiempo de lectura\" \/>\n\t<meta name=\"twitter:data1\" content=\"1 minuto\" \/>\n<script type=\"application\/ld+json\" class=\"yoast-schema-graph\">{\"@context\":\"https:\/\/schema.org\",\"@graph\":[{\"@type\":\"WebPage\",\"@id\":\"https:\/\/fcctp.usmp.edu.pe\/site\/alumnos\/servicios-estudiante\/horarios\/\",\"url\":\"https:\/\/fcctp.usmp.edu.pe\/site\/alumnos\/servicios-estudiante\/horarios\/\",\"name\":\"Horarios - Facultad de Ciencias de la Comunicaci\u00f3n, Turismo y Psicolog\u00eda\",\"isPartOf\":{\"@id\":\"https:\/\/fcctp.usmp.edu.pe\/site\/#website\"},\"datePublished\":\"2025-12-16T16:56:33+00:00\",\"dateModified\":\"2026-03-29T04:59:19+00:00\",\"breadcrumb\":{\"@id\":\"https:\/\/fcctp.usmp.edu.pe\/site\/alumnos\/servicios-estudiante\/horarios\/#breadcrumb\"},\"inLanguage\":\"es\",\"potentialAction\":[{\"@type\":\"ReadAction\",\"target\":[\"https:\/\/fcctp.usmp.edu.pe\/site\/alumnos\/servicios-estudiante\/horarios\/\"]}]},{\"@type\":\"BreadcrumbList\",\"@id\":\"https:\/\/fcctp.usmp.edu.pe\/site\/alumnos\/servicios-estudiante\/horarios\/#breadcrumb\",\"itemListElement\":[{\"@type\":\"ListItem\",\"position\":1,\"name\":\"Inicio\",\"item\":\"https:\/\/fcctp.usmp.edu.pe\/site\/\"},{\"@type\":\"ListItem\",\"position\":2,\"name\":\"Alumnos\",\"item\":\"https:\/\/fcctp.usmp.edu.pe\/site\/alumnos\/\"},{\"@type\":\"ListItem\",\"position\":3,\"name\":\"Servicios al Estudiante\",\"item\":\"https:\/\/fcctp.usmp.edu.pe\/site\/alumnos\/servicios-estudiante\/\"},{\"@type\":\"ListItem\",\"position\":4,\"name\":\"Horarios\",\"item\":\"https:\/\/fcctp.usmp.edu.pe\/site\/alumnos\/servicios-estudiante\/horarios\/\"}]},{\"@type\":\"WebSite\",\"@id\":\"https:\/\/fcctp.usmp.edu.pe\/site\/#website\",\"url\":\"https:\/\/fcctp.usmp.edu.pe\/site\/\",\"name\":\"Facultad de Ciencias de la Comunicaci\u00f3n, Turismo y Psicolog\u00eda\",\"description\":\"Universidad de San Mart\u00edn de Porres\",\"publisher\":{\"@id\":\"https:\/\/fcctp.usmp.edu.pe\/site\/#organization\"},\"alternateName\":\"FCCTP\",\"potentialAction\":[{\"@type\":\"SearchAction\",\"target\":{\"@type\":\"EntryPoint\",\"urlTemplate\":\"https:\/\/fcctp.usmp.edu.pe\/site\/?s={search_term_string}\"},\"query-input\":{\"@type\":\"PropertyValueSpecification\",\"valueRequired\":true,\"valueName\":\"search_term_string\"}}],\"inLanguage\":\"es\"},{\"@type\":\"Organization\",\"@id\":\"https:\/\/fcctp.usmp.edu.pe\/site\/#organization\",\"name\":\"Facultad de Ciencias de la Comunicaci\u00f3n, Turismo y Psicolog\u00eda\",\"alternateName\":\"USMP\",\"url\":\"https:\/\/fcctp.usmp.edu.pe\/site\/\",\"logo\":{\"@type\":\"ImageObject\",\"inLanguage\":\"es\",\"@id\":\"https:\/\/fcctp.usmp.edu.pe\/site\/#\/schema\/logo\/image\/\",\"url\":\"https:\/\/fcctp.usmp.edu.pe\/site\/wp-content\/uploads\/2024\/11\/icono-fcctp.jpg\",\"contentUrl\":\"https:\/\/fcctp.usmp.edu.pe\/site\/wp-content\/uploads\/2024\/11\/icono-fcctp.jpg\",\"width\":143,\"height\":151,\"caption\":\"Facultad de Ciencias de la Comunicaci\u00f3n, Turismo y Psicolog\u00eda\"},\"image\":{\"@id\":\"https:\/\/fcctp.usmp.edu.pe\/site\/#\/schema\/logo\/image\/\"},\"sameAs\":[\"https:\/\/www.facebook.com\/fcctp\"]}]}<\/script>\n<!-- \/ Yoast SEO plugin. -->","yoast_head_json":{"title":"Horarios - Facultad de Ciencias de la Comunicaci\u00f3n, Turismo y Psicolog\u00eda","robots":{"index":"index","follow":"follow","max-snippet":"max-snippet:-1","max-image-preview":"max-image-preview:large","max-video-preview":"max-video-preview:-1"},"canonical":"https:\/\/fcctp.usmp.edu.pe\/site\/alumnos\/servicios-estudiante\/horarios\/","og_locale":"es_ES","og_type":"article","og_title":"Horarios - Facultad de Ciencias de la Comunicaci\u00f3n, Turismo y Psicolog\u00eda","og_description":"Horarios Acad\u00e9micos 2026\u200b Encuentra aqu\u00ed los horarios actualizados de clases por ciclo, escuela y modalidad. Descarga tu horario y planifica tu semestre. Horarios para el Semestre 2026-I Semestre 2026-I (marzo a junio) Si te encuentras entre el primer y el d\u00e9cimo ciclo de las carreras de Turismo y Hoteler\u00eda, Ciencias de la Comunicaci\u00f3n y Psicolog\u00eda, compartimos contigo nuestra plataforma virtual, espacio en el que visualizar\u00e1s tus horarios para el presente semestre. Pasos a seguir: Ingresa al bot\u00f3n que aparece a continuaci\u00f3n: Horarios FCCTP En las pesta\u00f1as inferiores, filtra tu escuela En las pesta\u00f1as superiores, filtra tu ciclo y asignatura Verifica tu asignatura y secci\u00f3n Te recomendamos realizar estos pasos desde tu PC","og_url":"https:\/\/fcctp.usmp.edu.pe\/site\/alumnos\/servicios-estudiante\/horarios\/","og_site_name":"Facultad de Ciencias de la Comunicaci\u00f3n, Turismo y Psicolog\u00eda","article_publisher":"https:\/\/www.facebook.com\/fcctp","article_modified_time":"2026-03-29T04:59:19+00:00","og_image":[{"width":480,"height":283,"url":"https:\/\/fcctp.usmp.edu.pe\/site\/wp-content\/uploads\/2024\/11\/logo-fcctp.jpg","type":"image\/jpeg"}],"twitter_card":"summary_large_image","twitter_misc":{"Tiempo de lectura":"1 minuto"},"schema":{"@context":"https:\/\/schema.org","@graph":[{"@type":"WebPage","@id":"https:\/\/fcctp.usmp.edu.pe\/site\/alumnos\/servicios-estudiante\/horarios\/","url":"https:\/\/fcctp.usmp.edu.pe\/site\/alumnos\/servicios-estudiante\/horarios\/","name":"Horarios - Facultad de Ciencias de la Comunicaci\u00f3n, Turismo y Psicolog\u00eda","isPartOf":{"@id":"https:\/\/fcctp.usmp.edu.pe\/site\/#website"},"datePublished":"2025-12-16T16:56:33+00:00","dateModified":"2026-03-29T04:59:19+00:00","breadcrumb":{"@id":"https:\/\/fcctp.usmp.edu.pe\/site\/alumnos\/servicios-estudiante\/horarios\/#breadcrumb"},"inLanguage":"es","potentialAction":[{"@type":"ReadAction","target":["https:\/\/fcctp.usmp.edu.pe\/site\/alumnos\/servicios-estudiante\/horarios\/"]}]},{"@type":"BreadcrumbList","@id":"https:\/\/fcctp.usmp.edu.pe\/site\/alumnos\/servicios-estudiante\/horarios\/#breadcrumb","itemListElement":[{"@type":"ListItem","position":1,"name":"Inicio","item":"https:\/\/fcctp.usmp.edu.pe\/site\/"},{"@type":"ListItem","position":2,"name":"Alumnos","item":"https:\/\/fcctp.usmp.edu.pe\/site\/alumnos\/"},{"@type":"ListItem","position":3,"name":"Servicios al Estudiante","item":"https:\/\/fcctp.usmp.edu.pe\/site\/alumnos\/servicios-estudiante\/"},{"@type":"ListItem","position":4,"name":"Horarios","item":"https:\/\/fcctp.usmp.edu.pe\/site\/alumnos\/servicios-estudiante\/horarios\/"}]},{"@type":"WebSite","@id":"https:\/\/fcctp.usmp.edu.pe\/site\/#website","url":"https:\/\/fcctp.usmp.edu.pe\/site\/","name":"Facultad de Ciencias de la Comunicaci\u00f3n, Turismo y Psicolog\u00eda","description":"Universidad de San Mart\u00edn de Porres","publisher":{"@id":"https:\/\/fcctp.usmp.edu.pe\/site\/#organization"},"alternateName":"FCCTP","potentialAction":[{"@type":"SearchAction","target":{"@type":"EntryPoint","urlTemplate":"https:\/\/fcctp.usmp.edu.pe\/site\/?s={search_term_string}"},"query-input":{"@type":"PropertyValueSpecification","valueRequired":true,"valueName":"search_term_string"}}],"inLanguage":"es"},{"@type":"Organization","@id":"https:\/\/fcctp.usmp.edu.pe\/site\/#organization","name":"Facultad de Ciencias de la Comunicaci\u00f3n, Turismo y Psicolog\u00eda","alternateName":"USMP","url":"https:\/\/fcctp.usmp.edu.pe\/site\/","logo":{"@type":"ImageObject","inLanguage":"es","@id":"https:\/\/fcctp.usmp.edu.pe\/site\/#\/schema\/logo\/image\/","url":"https:\/\/fcctp.usmp.edu.pe\/site\/wp-content\/uploads\/2024\/11\/icono-fcctp.jpg","contentUrl":"https:\/\/fcctp.usmp.edu.pe\/site\/wp-content\/uploads\/2024\/11\/icono-fcctp.jpg","width":143,"height":151,"caption":"Facultad de Ciencias de la Comunicaci\u00f3n, Turismo y Psicolog\u00eda"},"image":{"@id":"https:\/\/fcctp.usmp.edu.pe\/site\/#\/schema\/logo\/image\/"},"sameAs":["https:\/\/www.facebook.com\/fcctp"]}]}},"_links":{"self":[{"href":"https:\/\/fcctp.usmp.edu.pe\/site\/wp-json\/wp\/v2\/pages\/47198","targetHints":{"allow":["GET"]}}],"collection":[{"href":"https:\/\/fcctp.usmp.edu.pe\/site\/wp-json\/wp\/v2\/pages"}],"about":[{"href":"https:\/\/fcctp.usmp.edu.pe\/site\/wp-json\/wp\/v2\/types\/page"}],"author":[{"embeddable":true,"href":"https:\/\/fcctp.usmp.edu.pe\/site\/wp-json\/wp\/v2\/users\/4"}],"replies":[{"embeddable":true,"href":"https:\/\/fcctp.usmp.edu.pe\/site\/wp-json\/wp\/v2\/comments?post=47198"}],"version-history":[{"count":119,"href":"https:\/\/fcctp.usmp.edu.pe\/site\/wp-json\/wp\/v2\/pages\/47198\/revisions"}],"predecessor-version":[{"id":54731,"href":"https:\/\/fcctp.usmp.edu.pe\/site\/wp-json\/wp\/v2\/pages\/47198\/revisions\/54731"}],"up":[{"embeddable":true,"href":"https:\/\/fcctp.usmp.edu.pe\/site\/wp-json\/wp\/v2\/pages\/46988"}],"wp:attachment":[{"href":"https:\/\/fcctp.usmp.edu.pe\/site\/wp-json\/wp\/v2\/media?parent=47198"}],"curies":[{"name":"wp","href":"https:\/\/api.w.org\/{rel}","templated":true}]}}