{"id":61066,"date":"2022-02-01T10:04:16","date_gmt":"2022-02-01T10:04:16","guid":{"rendered":"https:\/\/fcctp.usmp.edu.pe\/internacional\/?page_id=61066"},"modified":"2026-01-15T20:04:55","modified_gmt":"2026-01-15T20:04:55","slug":"preguntas-frecuentes","status":"publish","type":"page","link":"https:\/\/fcctp.usmp.edu.pe\/internacional\/preguntas-frecuentes\/","title":{"rendered":"Preguntas Frecuentes"},"content":{"rendered":"\t\t<div data-elementor-type=\"wp-page\" data-elementor-id=\"61066\" class=\"elementor elementor-61066\">\n\t\t\t\t\t\t<section class=\"elementor-section elementor-top-section elementor-element elementor-element-4128193 elementor-section-height-min-height elementor-section-boxed elementor-section-height-default elementor-section-items-middle wpr-particle-no wpr-jarallax-no wpr-parallax-no wpr-sticky-section-no\" data-id=\"4128193\" data-element_type=\"section\" data-settings=\"{&quot;background_background&quot;:&quot;classic&quot;}\">\n\t\t\t\t\t\t<div class=\"elementor-container elementor-column-gap-default\">\n\t\t\t\t\t<div class=\"elementor-column elementor-col-100 elementor-top-column elementor-element elementor-element-ade9cf1\" data-id=\"ade9cf1\" data-element_type=\"column\">\n\t\t\t<div class=\"elementor-widget-wrap elementor-element-populated\">\n\t\t\t\t\t\t<div class=\"elementor-element elementor-element-28003f8 elementor-widget elementor-widget-heading\" data-id=\"28003f8\" data-element_type=\"widget\" data-widget_type=\"heading.default\">\n\t\t\t\t<div class=\"elementor-widget-container\">\n\t\t\t<h1 class=\"elementor-heading-title elementor-size-default\">Preguntas frecuentes<\/h1>\t\t<\/div>\n\t\t\t\t<\/div>\n\t\t\t\t\t<\/div>\n\t\t<\/div>\n\t\t\t\t\t<\/div>\n\t\t<\/section>\n\t\t\t\t<section class=\"elementor-section elementor-top-section elementor-element elementor-element-775aa60 elementor-section-boxed elementor-section-height-default elementor-section-height-default wpr-particle-no wpr-jarallax-no wpr-parallax-no wpr-sticky-section-no\" data-id=\"775aa60\" data-element_type=\"section\" data-settings=\"{&quot;background_background&quot;:&quot;classic&quot;}\">\n\t\t\t\t\t\t<div class=\"elementor-container elementor-column-gap-default\">\n\t\t\t\t\t<div class=\"elementor-column elementor-col-100 elementor-top-column elementor-element elementor-element-5f3abfc\" data-id=\"5f3abfc\" data-element_type=\"column\">\n\t\t\t<div class=\"elementor-widget-wrap elementor-element-populated\">\n\t\t\t\t\t\t<div class=\"elementor-element elementor-element-162cca7 elementor-widget elementor-widget-image\" data-id=\"162cca7\" data-element_type=\"widget\" data-widget_type=\"image.default\">\n\t\t\t\t<div class=\"elementor-widget-container\">\n\t\t\t\t\t\t\t\t\t\t\t\t\t<img decoding=\"async\" width=\"2\" height=\"70\" src=\"https:\/\/fcctp.usmp.edu.pe\/internacional\/wp-content\/uploads\/2020\/08\/linea-vertical.jpg\" class=\"attachment-full size-full wp-image-58884\" alt=\"Linea\" \/>\t\t\t\t\t\t\t\t\t\t\t\t\t<\/div>\n\t\t\t\t<\/div>\n\t\t\t\t\t<\/div>\n\t\t<\/div>\n\t\t\t\t\t<\/div>\n\t\t<\/section>\n\t\t\t\t<section class=\"elementor-section elementor-top-section elementor-element elementor-element-4c41b9c elementor-section-boxed elementor-section-height-default elementor-section-height-default wpr-particle-no wpr-jarallax-no wpr-parallax-no wpr-sticky-section-no\" data-id=\"4c41b9c\" data-element_type=\"section\" data-settings=\"{&quot;background_background&quot;:&quot;classic&quot;}\">\n\t\t\t\t\t\t<div class=\"elementor-container elementor-column-gap-default\">\n\t\t\t\t\t<div class=\"elementor-column elementor-col-100 elementor-top-column elementor-element elementor-element-b0a3b82\" data-id=\"b0a3b82\" data-element_type=\"column\">\n\t\t\t<div class=\"elementor-widget-wrap elementor-element-populated\">\n\t\t\t\t\t\t<div class=\"elementor-element elementor-element-fafada0 elementor-widget elementor-widget-heading\" data-id=\"fafada0\" data-element_type=\"widget\" data-widget_type=\"heading.default\">\n\t\t\t\t<div class=\"elementor-widget-container\">\n\t\t\t<div class=\"elementor-heading-title elementor-size-default\">Internacional FCCTP<\/div>\t\t<\/div>\n\t\t\t\t<\/div>\n\t\t\t\t<div class=\"elementor-element elementor-element-f559837 elementor-widget elementor-widget-heading\" data-id=\"f559837\" data-element_type=\"widget\" data-widget_type=\"heading.default\">\n\t\t\t\t<div class=\"elementor-widget-container\">\n\t\t\t<h1 class=\"elementor-heading-title elementor-size-default\">Preguntas frecuentes<\/h1>\t\t<\/div>\n\t\t\t\t<\/div>\n\t\t\t\t<div class=\"elementor-element elementor-element-d6ad8d5 elementor-widget elementor-widget-spacer\" data-id=\"d6ad8d5\" data-element_type=\"widget\" data-widget_type=\"spacer.default\">\n\t\t\t\t<div class=\"elementor-widget-container\">\n\t\t\t\t\t<div class=\"elementor-spacer\">\n\t\t\t<div class=\"elementor-spacer-inner\"><\/div>\n\t\t<\/div>\n\t\t\t\t<\/div>\n\t\t\t\t<\/div>\n\t\t\t\t<div class=\"elementor-element elementor-element-6f8461c elementor-widget elementor-widget-accordion\" data-id=\"6f8461c\" data-element_type=\"widget\" data-widget_type=\"accordion.default\">\n\t\t\t\t<div class=\"elementor-widget-container\">\n\t\t\t\t\t<div class=\"elementor-accordion\">\n\t\t\t\t\t\t\t<div class=\"elementor-accordion-item\">\n\t\t\t\t\t<div id=\"elementor-tab-title-1161\" class=\"elementor-tab-title\" data-tab=\"1\" role=\"button\" aria-controls=\"elementor-tab-content-1161\" aria-expanded=\"false\">\n\t\t\t\t\t\t\t\t\t\t\t\t\t<span class=\"elementor-accordion-icon elementor-accordion-icon-right\" aria-hidden=\"true\">\n\t\t\t\t\t\t\t\t\t\t\t\t\t\t\t<span class=\"elementor-accordion-icon-closed\"><i class=\"fas fa-plus\"><\/i><\/span>\n\t\t\t\t\t\t\t\t<span class=\"elementor-accordion-icon-opened\"><i class=\"fas fa-minus\"><\/i><\/span>\n\t\t\t\t\t\t\t\t\t\t\t\t\t\t<\/span>\n\t\t\t\t\t\t\t\t\t\t\t\t<a class=\"elementor-accordion-title\" tabindex=\"0\"> \u00bfCu\u00e1les son los requisitos para aplicar a un intercambio estudiantil?<\/a>\n\t\t\t\t\t<\/div>\n\t\t\t\t\t<div id=\"elementor-tab-content-1161\" class=\"elementor-tab-content elementor-clearfix\" data-tab=\"1\" role=\"region\" aria-labelledby=\"elementor-tab-title-1161\"><ul><li aria-level=\"1\">No haber desaprobado ning\u00fan curso.<\/li><li aria-level=\"1\">Tener un promedio ponderado de 14.<\/li><li aria-level=\"1\">Ser un alumno regular (estar matriculado en todos los cursos del ciclo que te corresponde).<\/li><li aria-level=\"1\">No tener sanciones disciplinarias.<\/li><li aria-level=\"1\">Dominio del ingl\u00e9s (Dependiendo a la universidad de destino)<\/li><li aria-level=\"1\">Contar con una bolsa de viaje.<\/li><li aria-level=\"1\">Para aplicar al intercambio acad\u00e9mico, debes estar cursando el 5to ciclo.<\/li><li aria-level=\"1\">Si eres alumno (a) de Psicolog\u00eda puedes postular el 7mo ciclo.<\/li><li aria-level=\"1\">Si eres alumno (a) de Turismo y Hoteler\u00eda puedes postular hasta el 8vo ciclo.<\/li><li aria-level=\"1\">Si eres alumno de Ciencias de la Comunicaci\u00f3n puedes postular hasta 9no ciclo.<\/li><\/ul><\/div>\n\t\t\t\t<\/div>\n\t\t\t\t\t\t\t<div class=\"elementor-accordion-item\">\n\t\t\t\t\t<div id=\"elementor-tab-title-1162\" class=\"elementor-tab-title\" data-tab=\"2\" role=\"button\" aria-controls=\"elementor-tab-content-1162\" aria-expanded=\"false\">\n\t\t\t\t\t\t\t\t\t\t\t\t\t<span class=\"elementor-accordion-icon elementor-accordion-icon-right\" aria-hidden=\"true\">\n\t\t\t\t\t\t\t\t\t\t\t\t\t\t\t<span class=\"elementor-accordion-icon-closed\"><i class=\"fas fa-plus\"><\/i><\/span>\n\t\t\t\t\t\t\t\t<span class=\"elementor-accordion-icon-opened\"><i class=\"fas fa-minus\"><\/i><\/span>\n\t\t\t\t\t\t\t\t\t\t\t\t\t\t<\/span>\n\t\t\t\t\t\t\t\t\t\t\t\t<a class=\"elementor-accordion-title\" tabindex=\"0\">\u00bfCu\u00e1ndo puedo postular para realizar un intercambio?<\/a>\n\t\t\t\t\t<\/div>\n\t\t\t\t\t<div id=\"elementor-tab-content-1162\" class=\"elementor-tab-content elementor-clearfix\" data-tab=\"2\" role=\"region\" aria-labelledby=\"elementor-tab-title-1162\"><p>Son 2 campa\u00f1as por a\u00f1o. La primera inicia en quincena de marzo y las segunda la quincena de agosto de cada a\u00f1o. La pr\u00f3xima campa\u00f1a de postulaci\u00f3n se realizar\u00e1 el semestre 2022-1 y los intercambios estudiantiles en el extranjero se har\u00e1n efectivos el semestre acad\u00e9mico 2022-2.<\/p><p>Te recomendamos estar atento (a) a las redes sociales para informarte sobre el inicio de la campa\u00f1a y otros datos importantes.<\/p><\/div>\n\t\t\t\t<\/div>\n\t\t\t\t\t\t\t<div class=\"elementor-accordion-item\">\n\t\t\t\t\t<div id=\"elementor-tab-title-1163\" class=\"elementor-tab-title\" data-tab=\"3\" role=\"button\" aria-controls=\"elementor-tab-content-1163\" aria-expanded=\"false\">\n\t\t\t\t\t\t\t\t\t\t\t\t\t<span class=\"elementor-accordion-icon elementor-accordion-icon-right\" aria-hidden=\"true\">\n\t\t\t\t\t\t\t\t\t\t\t\t\t\t\t<span class=\"elementor-accordion-icon-closed\"><i class=\"fas fa-plus\"><\/i><\/span>\n\t\t\t\t\t\t\t\t<span class=\"elementor-accordion-icon-opened\"><i class=\"fas fa-minus\"><\/i><\/span>\n\t\t\t\t\t\t\t\t\t\t\t\t\t\t<\/span>\n\t\t\t\t\t\t\t\t\t\t\t\t<a class=\"elementor-accordion-title\" tabindex=\"0\">\u00bfA qu\u00e9 pa\u00edses puedo ir a estudiar o que convenios tiene la USMP?<\/a>\n\t\t\t\t\t<\/div>\n\t\t\t\t\t<div id=\"elementor-tab-content-1163\" class=\"elementor-tab-content elementor-clearfix\" data-tab=\"3\" role=\"region\" aria-labelledby=\"elementor-tab-title-1163\"><p>Tenemos convenios con 12 pa\u00edses: Argentina, Chile, Colombia, Uruguay, Espa\u00f1a, Francia, M\u00e9xico, Alemania, B\u00e9lgica, Paraguay, Polonia y Puerto Rico.\u00a0<br \/>Ind\u00edcanos qu\u00e9 carrera estas estudiando y en qu\u00e9 ciclo te encuentras para darte mayor informaci\u00f3n. <br \/>Los convenios por facultades los puedes encontrar en este enlace en la parte superior:<\/p><p><a href=\"https:\/\/fcctp.usmp.edu.pe\/internacional\/programas-outgoing\/\">https:\/\/fcctp.usmp.edu.pe\/internacional\/programas-outgoing\/<\/a><\/p><\/div>\n\t\t\t\t<\/div>\n\t\t\t\t\t\t\t<div class=\"elementor-accordion-item\">\n\t\t\t\t\t<div id=\"elementor-tab-title-1164\" class=\"elementor-tab-title\" data-tab=\"4\" role=\"button\" aria-controls=\"elementor-tab-content-1164\" aria-expanded=\"false\">\n\t\t\t\t\t\t\t\t\t\t\t\t\t<span class=\"elementor-accordion-icon elementor-accordion-icon-right\" aria-hidden=\"true\">\n\t\t\t\t\t\t\t\t\t\t\t\t\t\t\t<span class=\"elementor-accordion-icon-closed\"><i class=\"fas fa-plus\"><\/i><\/span>\n\t\t\t\t\t\t\t\t<span class=\"elementor-accordion-icon-opened\"><i class=\"fas fa-minus\"><\/i><\/span>\n\t\t\t\t\t\t\t\t\t\t\t\t\t\t<\/span>\n\t\t\t\t\t\t\t\t\t\t\t\t<a class=\"elementor-accordion-title\" tabindex=\"0\">\u00bfD\u00f3nde se encuentra la oficina Internacional de la FCCTP-USMP?<\/a>\n\t\t\t\t\t<\/div>\n\t\t\t\t\t<div id=\"elementor-tab-content-1164\" class=\"elementor-tab-content elementor-clearfix\" data-tab=\"4\" role=\"region\" aria-labelledby=\"elementor-tab-title-1164\"><p>Debido a la coyuntura actual a\u00fan continuamos realizando el trabajo remoto, cuando regresemos a las oficinas nos pueden visitar en el 6to piso del edificio administrativo de la facultad de Ciencias de la Comunicaci\u00f3n, Turismo y Psicolog\u00eda de la USMP.<\/p><p>Direcci\u00f3n: Av. Tom\u00e1s Marsano 151, Surquillo (S\u00f3tano de Edificio de Aulas, frente al ascensor)<\/p><\/div>\n\t\t\t\t<\/div>\n\t\t\t\t\t\t\t\t<\/div>\n\t\t\t\t<\/div>\n\t\t\t\t<\/div>\n\t\t\t\t<div class=\"elementor-element elementor-element-ba4cfcb elementor-widget elementor-widget-spacer\" data-id=\"ba4cfcb\" data-element_type=\"widget\" data-widget_type=\"spacer.default\">\n\t\t\t\t<div class=\"elementor-widget-container\">\n\t\t\t\t\t<div class=\"elementor-spacer\">\n\t\t\t<div class=\"elementor-spacer-inner\"><\/div>\n\t\t<\/div>\n\t\t\t\t<\/div>\n\t\t\t\t<\/div>\n\t\t\t\t\t<\/div>\n\t\t<\/div>\n\t\t\t\t\t<\/div>\n\t\t<\/section>\n\t\t\t\t<\/div>\n\t\t","protected":false},"excerpt":{"rendered":"<p>Preguntas frecuentes Internacional FCCTP Preguntas frecuentes \u00bfCu\u00e1les son los requisitos para aplicar a un intercambio estudiantil? No haber desaprobado ning\u00fan curso. Tener un promedio ponderado de 14. Ser un alumno regular (estar matriculado en todos los cursos del ciclo que te corresponde). No tener sanciones disciplinarias. Dominio del ingl\u00e9s (Dependiendo a la universidad de destino) Contar con una bolsa de viaje. Para aplicar al intercambio acad\u00e9mico, debes estar cursando el 5to ciclo. Si eres alumno (a) de Psicolog\u00eda puedes postular el 7mo ciclo. Si eres alumno (a) de Turismo y Hoteler\u00eda puedes postular hasta el 8vo ciclo. Si eres alumno de Ciencias de la Comunicaci\u00f3n puedes postular hasta 9no ciclo. \u00bfCu\u00e1ndo puedo postular para realizar un intercambio? Son 2 campa\u00f1as por a\u00f1o. La primera inicia en quincena de marzo y las segunda la quincena de agosto de cada a\u00f1o. La pr\u00f3xima campa\u00f1a de postulaci\u00f3n se realizar\u00e1 el semestre 2022-1 y los intercambios estudiantiles en el extranjero se har\u00e1n efectivos el semestre acad\u00e9mico 2022-2. Te recomendamos estar atento (a) a las redes sociales para informarte sobre el inicio de la campa\u00f1a y otros datos importantes. \u00bfA qu\u00e9 pa\u00edses puedo ir a estudiar o que convenios tiene la USMP? Tenemos convenios con 12 pa\u00edses: Argentina, Chile, Colombia, Uruguay, Espa\u00f1a, Francia, M\u00e9xico, Alemania, B\u00e9lgica, Paraguay, Polonia y Puerto Rico.\u00a0Ind\u00edcanos qu\u00e9 carrera estas estudiando y en qu\u00e9 ciclo te encuentras para darte mayor informaci\u00f3n. Los convenios por facultades los puedes encontrar en este enlace en la parte superior: https:\/\/fcctp.usmp.edu.pe\/internacional\/programas-outgoing\/ \u00bfD\u00f3nde se encuentra la oficina Internacional de la FCCTP-USMP? Debido a la coyuntura actual a\u00fan continuamos realizando el trabajo remoto, cuando regresemos a las oficinas nos pueden visitar en el 6to piso del edificio administrativo de la facultad de Ciencias de la Comunicaci\u00f3n, Turismo y Psicolog\u00eda de la USMP. Direcci\u00f3n: Av. Tom\u00e1s Marsano 151, Surquillo (S\u00f3tano de Edificio de Aulas, frente al ascensor)<\/p>\n","protected":false},"author":1,"featured_media":0,"parent":0,"menu_order":0,"comment_status":"closed","ping_status":"closed","template":"elementor_header_footer","meta":{"footnotes":""},"class_list":["post-61066","page","type-page","status-publish"],"yoast_head":"<!-- This site is optimized with the Yoast SEO plugin v27.0 - https:\/\/yoast.com\/product\/yoast-seo-wordpress\/ -->\n<title>Preguntas Frecuentes - Internacional<\/title>\n<meta name=\"robots\" content=\"index, follow, max-snippet:-1, max-image-preview:large, max-video-preview:-1\" \/>\n<link rel=\"canonical\" href=\"https:\/\/fcctp.usmp.edu.pe\/internacional\/preguntas-frecuentes\/\" \/>\n<meta property=\"og:locale\" content=\"en_US\" \/>\n<meta property=\"og:type\" content=\"article\" \/>\n<meta property=\"og:title\" content=\"Preguntas Frecuentes - Internacional\" \/>\n<meta property=\"og:description\" content=\"Preguntas frecuentes Internacional FCCTP Preguntas frecuentes \u00bfCu\u00e1les son los requisitos para aplicar a un intercambio estudiantil? No haber desaprobado ning\u00fan curso. Tener un promedio ponderado de 14. Ser un alumno regular (estar matriculado en todos los cursos del ciclo que te corresponde). No tener sanciones disciplinarias. Dominio del ingl\u00e9s (Dependiendo a la universidad de destino) Contar con una bolsa de viaje. Para aplicar al intercambio acad\u00e9mico, debes estar cursando el 5to ciclo. Si eres alumno (a) de Psicolog\u00eda puedes postular el 7mo ciclo. Si eres alumno (a) de Turismo y Hoteler\u00eda puedes postular hasta el 8vo ciclo. Si eres alumno de Ciencias de la Comunicaci\u00f3n puedes postular hasta 9no ciclo. \u00bfCu\u00e1ndo puedo postular para realizar un intercambio? Son 2 campa\u00f1as por a\u00f1o. La primera inicia en quincena de marzo y las segunda la quincena de agosto de cada a\u00f1o. La pr\u00f3xima campa\u00f1a de postulaci\u00f3n se realizar\u00e1 el semestre 2022-1 y los intercambios estudiantiles en el extranjero se har\u00e1n efectivos el semestre acad\u00e9mico 2022-2. Te recomendamos estar atento (a) a las redes sociales para informarte sobre el inicio de la campa\u00f1a y otros datos importantes. \u00bfA qu\u00e9 pa\u00edses puedo ir a estudiar o que convenios tiene la USMP? Tenemos convenios con 12 pa\u00edses: Argentina, Chile, Colombia, Uruguay, Espa\u00f1a, Francia, M\u00e9xico, Alemania, B\u00e9lgica, Paraguay, Polonia y Puerto Rico.\u00a0Ind\u00edcanos qu\u00e9 carrera estas estudiando y en qu\u00e9 ciclo te encuentras para darte mayor informaci\u00f3n. Los convenios por facultades los puedes encontrar en este enlace en la parte superior: https:\/\/fcctp.usmp.edu.pe\/internacional\/programas-outgoing\/ \u00bfD\u00f3nde se encuentra la oficina Internacional de la FCCTP-USMP? Debido a la coyuntura actual a\u00fan continuamos realizando el trabajo remoto, cuando regresemos a las oficinas nos pueden visitar en el 6to piso del edificio administrativo de la facultad de Ciencias de la Comunicaci\u00f3n, Turismo y Psicolog\u00eda de la USMP. Direcci\u00f3n: Av. Tom\u00e1s Marsano 151, Surquillo (S\u00f3tano de Edificio de Aulas, frente al ascensor)\" \/>\n<meta property=\"og:url\" content=\"https:\/\/fcctp.usmp.edu.pe\/internacional\/preguntas-frecuentes\/\" \/>\n<meta property=\"og:site_name\" content=\"Internacional\" \/>\n<meta property=\"article:modified_time\" content=\"2026-01-15T20:04:55+00:00\" \/>\n<meta property=\"og:image\" content=\"https:\/\/fcctp.usmp.edu.pe\/internacional\/wp-content\/uploads\/2020\/08\/linea-vertical.jpg\" \/>\n<meta name=\"twitter:card\" content=\"summary_large_image\" \/>\n<meta name=\"twitter:label1\" content=\"Est. reading time\" \/>\n\t<meta name=\"twitter:data1\" content=\"2 minutes\" \/>\n<script type=\"application\/ld+json\" class=\"yoast-schema-graph\">{\"@context\":\"https:\/\/schema.org\",\"@graph\":[{\"@type\":\"WebPage\",\"@id\":\"https:\/\/fcctp.usmp.edu.pe\/internacional\/preguntas-frecuentes\/\",\"url\":\"https:\/\/fcctp.usmp.edu.pe\/internacional\/preguntas-frecuentes\/\",\"name\":\"Preguntas Frecuentes - Internacional\",\"isPartOf\":{\"@id\":\"https:\/\/fcctp.usmp.edu.pe\/internacional\/#website\"},\"primaryImageOfPage\":{\"@id\":\"https:\/\/fcctp.usmp.edu.pe\/internacional\/preguntas-frecuentes\/#primaryimage\"},\"image\":{\"@id\":\"https:\/\/fcctp.usmp.edu.pe\/internacional\/preguntas-frecuentes\/#primaryimage\"},\"thumbnailUrl\":\"https:\/\/fcctp.usmp.edu.pe\/internacional\/wp-content\/uploads\/2020\/08\/linea-vertical.jpg\",\"datePublished\":\"2022-02-01T10:04:16+00:00\",\"dateModified\":\"2026-01-15T20:04:55+00:00\",\"breadcrumb\":{\"@id\":\"https:\/\/fcctp.usmp.edu.pe\/internacional\/preguntas-frecuentes\/#breadcrumb\"},\"inLanguage\":\"en-US\",\"potentialAction\":[{\"@type\":\"ReadAction\",\"target\":[\"https:\/\/fcctp.usmp.edu.pe\/internacional\/preguntas-frecuentes\/\"]}]},{\"@type\":\"ImageObject\",\"inLanguage\":\"en-US\",\"@id\":\"https:\/\/fcctp.usmp.edu.pe\/internacional\/preguntas-frecuentes\/#primaryimage\",\"url\":\"https:\/\/fcctp.usmp.edu.pe\/internacional\/wp-content\/uploads\/2020\/08\/linea-vertical.jpg\",\"contentUrl\":\"https:\/\/fcctp.usmp.edu.pe\/internacional\/wp-content\/uploads\/2020\/08\/linea-vertical.jpg\",\"width\":2,\"height\":70,\"caption\":\"Linea\"},{\"@type\":\"BreadcrumbList\",\"@id\":\"https:\/\/fcctp.usmp.edu.pe\/internacional\/preguntas-frecuentes\/#breadcrumb\",\"itemListElement\":[{\"@type\":\"ListItem\",\"position\":1,\"name\":\"Home\",\"item\":\"https:\/\/fcctp.usmp.edu.pe\/internacional\/\"},{\"@type\":\"ListItem\",\"position\":2,\"name\":\"Preguntas Frecuentes\"}]},{\"@type\":\"WebSite\",\"@id\":\"https:\/\/fcctp.usmp.edu.pe\/internacional\/#website\",\"url\":\"https:\/\/fcctp.usmp.edu.pe\/internacional\/\",\"name\":\"Internacional\",\"description\":\"Universidad de San Mart\u00edn de Porres\",\"potentialAction\":[{\"@type\":\"SearchAction\",\"target\":{\"@type\":\"EntryPoint\",\"urlTemplate\":\"https:\/\/fcctp.usmp.edu.pe\/internacional\/?s={search_term_string}\"},\"query-input\":{\"@type\":\"PropertyValueSpecification\",\"valueRequired\":true,\"valueName\":\"search_term_string\"}}],\"inLanguage\":\"en-US\"}]}<\/script>\n<!-- \/ Yoast SEO plugin. -->","yoast_head_json":{"title":"Preguntas Frecuentes - Internacional","robots":{"index":"index","follow":"follow","max-snippet":"max-snippet:-1","max-image-preview":"max-image-preview:large","max-video-preview":"max-video-preview:-1"},"canonical":"https:\/\/fcctp.usmp.edu.pe\/internacional\/preguntas-frecuentes\/","og_locale":"en_US","og_type":"article","og_title":"Preguntas Frecuentes - Internacional","og_description":"Preguntas frecuentes Internacional FCCTP Preguntas frecuentes \u00bfCu\u00e1les son los requisitos para aplicar a un intercambio estudiantil? No haber desaprobado ning\u00fan curso. Tener un promedio ponderado de 14. Ser un alumno regular (estar matriculado en todos los cursos del ciclo que te corresponde). No tener sanciones disciplinarias. Dominio del ingl\u00e9s (Dependiendo a la universidad de destino) Contar con una bolsa de viaje. Para aplicar al intercambio acad\u00e9mico, debes estar cursando el 5to ciclo. Si eres alumno (a) de Psicolog\u00eda puedes postular el 7mo ciclo. Si eres alumno (a) de Turismo y Hoteler\u00eda puedes postular hasta el 8vo ciclo. Si eres alumno de Ciencias de la Comunicaci\u00f3n puedes postular hasta 9no ciclo. \u00bfCu\u00e1ndo puedo postular para realizar un intercambio? Son 2 campa\u00f1as por a\u00f1o. La primera inicia en quincena de marzo y las segunda la quincena de agosto de cada a\u00f1o. La pr\u00f3xima campa\u00f1a de postulaci\u00f3n se realizar\u00e1 el semestre 2022-1 y los intercambios estudiantiles en el extranjero se har\u00e1n efectivos el semestre acad\u00e9mico 2022-2. Te recomendamos estar atento (a) a las redes sociales para informarte sobre el inicio de la campa\u00f1a y otros datos importantes. \u00bfA qu\u00e9 pa\u00edses puedo ir a estudiar o que convenios tiene la USMP? Tenemos convenios con 12 pa\u00edses: Argentina, Chile, Colombia, Uruguay, Espa\u00f1a, Francia, M\u00e9xico, Alemania, B\u00e9lgica, Paraguay, Polonia y Puerto Rico.\u00a0Ind\u00edcanos qu\u00e9 carrera estas estudiando y en qu\u00e9 ciclo te encuentras para darte mayor informaci\u00f3n. Los convenios por facultades los puedes encontrar en este enlace en la parte superior: https:\/\/fcctp.usmp.edu.pe\/internacional\/programas-outgoing\/ \u00bfD\u00f3nde se encuentra la oficina Internacional de la FCCTP-USMP? Debido a la coyuntura actual a\u00fan continuamos realizando el trabajo remoto, cuando regresemos a las oficinas nos pueden visitar en el 6to piso del edificio administrativo de la facultad de Ciencias de la Comunicaci\u00f3n, Turismo y Psicolog\u00eda de la USMP. Direcci\u00f3n: Av. Tom\u00e1s Marsano 151, Surquillo (S\u00f3tano de Edificio de Aulas, frente al ascensor)","og_url":"https:\/\/fcctp.usmp.edu.pe\/internacional\/preguntas-frecuentes\/","og_site_name":"Internacional","article_modified_time":"2026-01-15T20:04:55+00:00","og_image":[{"url":"https:\/\/fcctp.usmp.edu.pe\/internacional\/wp-content\/uploads\/2020\/08\/linea-vertical.jpg","type":"","width":"","height":""}],"twitter_card":"summary_large_image","twitter_misc":{"Est. reading time":"2 minutes"},"schema":{"@context":"https:\/\/schema.org","@graph":[{"@type":"WebPage","@id":"https:\/\/fcctp.usmp.edu.pe\/internacional\/preguntas-frecuentes\/","url":"https:\/\/fcctp.usmp.edu.pe\/internacional\/preguntas-frecuentes\/","name":"Preguntas Frecuentes - Internacional","isPartOf":{"@id":"https:\/\/fcctp.usmp.edu.pe\/internacional\/#website"},"primaryImageOfPage":{"@id":"https:\/\/fcctp.usmp.edu.pe\/internacional\/preguntas-frecuentes\/#primaryimage"},"image":{"@id":"https:\/\/fcctp.usmp.edu.pe\/internacional\/preguntas-frecuentes\/#primaryimage"},"thumbnailUrl":"https:\/\/fcctp.usmp.edu.pe\/internacional\/wp-content\/uploads\/2020\/08\/linea-vertical.jpg","datePublished":"2022-02-01T10:04:16+00:00","dateModified":"2026-01-15T20:04:55+00:00","breadcrumb":{"@id":"https:\/\/fcctp.usmp.edu.pe\/internacional\/preguntas-frecuentes\/#breadcrumb"},"inLanguage":"en-US","potentialAction":[{"@type":"ReadAction","target":["https:\/\/fcctp.usmp.edu.pe\/internacional\/preguntas-frecuentes\/"]}]},{"@type":"ImageObject","inLanguage":"en-US","@id":"https:\/\/fcctp.usmp.edu.pe\/internacional\/preguntas-frecuentes\/#primaryimage","url":"https:\/\/fcctp.usmp.edu.pe\/internacional\/wp-content\/uploads\/2020\/08\/linea-vertical.jpg","contentUrl":"https:\/\/fcctp.usmp.edu.pe\/internacional\/wp-content\/uploads\/2020\/08\/linea-vertical.jpg","width":2,"height":70,"caption":"Linea"},{"@type":"BreadcrumbList","@id":"https:\/\/fcctp.usmp.edu.pe\/internacional\/preguntas-frecuentes\/#breadcrumb","itemListElement":[{"@type":"ListItem","position":1,"name":"Home","item":"https:\/\/fcctp.usmp.edu.pe\/internacional\/"},{"@type":"ListItem","position":2,"name":"Preguntas Frecuentes"}]},{"@type":"WebSite","@id":"https:\/\/fcctp.usmp.edu.pe\/internacional\/#website","url":"https:\/\/fcctp.usmp.edu.pe\/internacional\/","name":"Internacional","description":"Universidad de San Mart\u00edn de Porres","potentialAction":[{"@type":"SearchAction","target":{"@type":"EntryPoint","urlTemplate":"https:\/\/fcctp.usmp.edu.pe\/internacional\/?s={search_term_string}"},"query-input":{"@type":"PropertyValueSpecification","valueRequired":true,"valueName":"search_term_string"}}],"inLanguage":"en-US"}]}},"_links":{"self":[{"href":"https:\/\/fcctp.usmp.edu.pe\/internacional\/wp-json\/wp\/v2\/pages\/61066","targetHints":{"allow":["GET"]}}],"collection":[{"href":"https:\/\/fcctp.usmp.edu.pe\/internacional\/wp-json\/wp\/v2\/pages"}],"about":[{"href":"https:\/\/fcctp.usmp.edu.pe\/internacional\/wp-json\/wp\/v2\/types\/page"}],"author":[{"embeddable":true,"href":"https:\/\/fcctp.usmp.edu.pe\/internacional\/wp-json\/wp\/v2\/users\/1"}],"replies":[{"embeddable":true,"href":"https:\/\/fcctp.usmp.edu.pe\/internacional\/wp-json\/wp\/v2\/comments?post=61066"}],"version-history":[{"count":40,"href":"https:\/\/fcctp.usmp.edu.pe\/internacional\/wp-json\/wp\/v2\/pages\/61066\/revisions"}],"predecessor-version":[{"id":64456,"href":"https:\/\/fcctp.usmp.edu.pe\/internacional\/wp-json\/wp\/v2\/pages\/61066\/revisions\/64456"}],"wp:attachment":[{"href":"https:\/\/fcctp.usmp.edu.pe\/internacional\/wp-json\/wp\/v2\/media?parent=61066"}],"curies":[{"name":"wp","href":"https:\/\/api.w.org\/{rel}","templated":true}]}}